{"id":8,"date":"2014-06-06T12:10:14","date_gmt":"2014-06-06T10:10:14","guid":{"rendered":"https:\/\/metal-zbiorniki.pl\/?page_id=8"},"modified":"2026-03-29T13:46:00","modified_gmt":"2026-03-29T11:46:00","slug":"oferta","status":"publish","type":"page","link":"https:\/\/metal-zbiorniki.pl\/en\/oferta\/","title":{"rendered":"Products"},"content":{"rendered":"<p><\/p>\n<p style=\"color: #000000;\">We offer buffer tanks, heat reservoirs (hot water storage), hot water heating (heat exchangers), drinking and rain water tanks, fire extinguishing tanks and water supply tanks. We manufacture above-ground and underground tanks, single-and double-walled tanks designed for hazardous substances.<\/p>\n<p style=\"color: #000000;\">In particular, we specialize in manufacturing of underground drinking water tanks, double-walled heating oil tanks, tanks for toxic or acidic substances, as well as hot water storage tanks and hot water heating systems holding more than 1,500 liters.<\/p>\n<div id=\"gtx-trans\" style=\"position: absolute; left: 158px; top: 79.5px;\">\n<div class=\"gtx-trans-icon\"><\/div>\n<\/div>\n<p><\/p>","protected":false},"excerpt":{"rendered":"<p>We offer buffer tanks, heat reservoirs (hot water storage), hot water heating (heat exchangers), drinking and rain water tanks, fire extinguishing tanks and water supply tanks. We manufacture above-ground and underground tanks, single-and double-walled tanks designed for hazardous substances. In particular, we specialize in manufacturing of underground drinking water tanks, double-walled heating oil tanks, tanks [&hellip;]<\/p>\n","protected":false},"author":1,"featured_media":0,"parent":0,"menu_order":0,"comment_status":"open","ping_status":"open","template":"","meta":{"_acf_changed":false,"inline_featured_image":false,"footnotes":""},"class_list":["post-8","page","type-page","status-publish","hentry"],"acf":[],"yoast_head":"<!-- This site is optimized with the Yoast SEO plugin v24.8.1 - https:\/\/yoast.com\/wordpress\/plugins\/seo\/ -->\n<title>Products - Metal Zbiorniki<\/title>\n<meta name=\"description\" content=\"W naszej ofercie znajd\u0105 Pa\u0144stwo ca\u0142\u0105 gam\u0119 r\u00f3\u017cnych zbiornik\u00f3w stalowych jak zbiorniki ze stali nierdzewnych, zbiorniki dwup\u0142aszczowe do oleju opa\u0142owego,\" \/>\n<meta name=\"robots\" content=\"index, follow, max-snippet:-1, max-image-preview:large, max-video-preview:-1\" \/>\n<link rel=\"canonical\" href=\"https:\/\/metal-zbiorniki.pl\/en\/oferta\/\" \/>\n<meta name=\"twitter:label1\" content=\"Est. reading time\" \/>\n\t<meta name=\"twitter:data1\" content=\"2 minutes\" \/>\n<script type=\"application\/ld+json\" class=\"yoast-schema-graph\">{\"@context\":\"https:\/\/schema.org\",\"@graph\":[{\"@type\":\"WebPage\",\"@id\":\"https:\/\/metal-zbiorniki.pl\/en\/oferta\/\",\"url\":\"https:\/\/metal-zbiorniki.pl\/en\/oferta\/\",\"name\":\"Products - Metal Zbiorniki\",\"isPartOf\":{\"@id\":\"https:\/\/metal-zbiorniki.pl\/en\/#website\"},\"primaryImageOfPage\":{\"@id\":\"https:\/\/metal-zbiorniki.pl\/en\/oferta\/#primaryimage\"},\"image\":{\"@id\":\"https:\/\/metal-zbiorniki.pl\/oferta\/#primaryimage\"},\"thumbnailUrl\":\"https:\/\/metal-zbiorniki.pl\/wp-content\/uploads\/2026\/03\/IMG_20241120_155512-300x225.jpg\",\"datePublished\":\"2014-06-06T10:10:14+00:00\",\"dateModified\":\"2026-03-29T11:46:00+00:00\",\"description\":\"W naszej ofercie znajd\u0105 Pa\u0144stwo ca\u0142\u0105 gam\u0119 r\u00f3\u017cnych zbiornik\u00f3w stalowych jak zbiorniki ze stali nierdzewnych, zbiorniki dwup\u0142aszczowe do oleju opa\u0142owego,\",\"breadcrumb\":{\"@id\":\"https:\/\/metal-zbiorniki.pl\/en\/oferta\/#breadcrumb\"},\"inLanguage\":\"en-US\",\"potentialAction\":[{\"@type\":\"ReadAction\",\"target\":[[\"https:\/\/metal-zbiorniki.pl\/en\/oferta\/\"]]}]},{\"@type\":\"ImageObject\",\"inLanguage\":\"en-US\",\"@id\":\"https:\/\/metal-zbiorniki.pl\/en\/oferta\/#primaryimage\",\"url\":\"https:\/\/metal-zbiorniki.pl\/wp-content\/uploads\/2026\/03\/IMG_20241120_155512-300x225.jpg\",\"contentUrl\":\"https:\/\/metal-zbiorniki.pl\/wp-content\/uploads\/2026\/03\/IMG_20241120_155512-300x225.jpg\"},{\"@type\":\"BreadcrumbList\",\"@id\":\"https:\/\/metal-zbiorniki.pl\/en\/oferta\/#breadcrumb\",\"itemListElement\":[{\"@type\":\"ListItem\",\"position\":1,\"name\":\"Home\",\"item\":\"https:\/\/metal-zbiorniki.pl\/en\/\"},{\"@type\":\"ListItem\",\"position\":2,\"name\":\"Oferta\"}]},{\"@type\":\"WebSite\",\"@id\":\"https:\/\/metal-zbiorniki.pl\/en\/#website\",\"url\":\"https:\/\/metal-zbiorniki.pl\/en\/\",\"name\":\"Metal Zbiorniki\",\"description\":\"Producent zbiornik\u00f3w stalowych\",\"potentialAction\":[{\"@type\":\"SearchAction\",\"target\":{\"@type\":\"EntryPoint\",\"urlTemplate\":\"https:\/\/metal-zbiorniki.pl\/en\/?s={search_term_string}\"},\"query-input\":{\"@type\":\"PropertyValueSpecification\",\"valueRequired\":true,\"valueName\":\"search_term_string\"}}],\"inLanguage\":\"en-US\"}]}<\/script>\n<!-- \/ Yoast SEO plugin. -->","yoast_head_json":{"title":"Products - Metal Zbiorniki","description":"W naszej ofercie znajd\u0105 Pa\u0144stwo ca\u0142\u0105 gam\u0119 r\u00f3\u017cnych zbiornik\u00f3w stalowych jak zbiorniki ze stali nierdzewnych, zbiorniki dwup\u0142aszczowe do oleju opa\u0142owego,","robots":{"index":"index","follow":"follow","max-snippet":"max-snippet:-1","max-image-preview":"max-image-preview:large","max-video-preview":"max-video-preview:-1"},"canonical":"https:\/\/metal-zbiorniki.pl\/en\/oferta\/","twitter_misc":{"Est. reading time":"2 minutes"},"schema":{"@context":"https:\/\/schema.org","@graph":[{"@type":"WebPage","@id":"https:\/\/metal-zbiorniki.pl\/en\/oferta\/","url":"https:\/\/metal-zbiorniki.pl\/en\/oferta\/","name":"Products - Metal Zbiorniki","isPartOf":{"@id":"https:\/\/metal-zbiorniki.pl\/en\/#website"},"primaryImageOfPage":{"@id":"https:\/\/metal-zbiorniki.pl\/en\/oferta\/#primaryimage"},"image":{"@id":"https:\/\/metal-zbiorniki.pl\/oferta\/#primaryimage"},"thumbnailUrl":"https:\/\/metal-zbiorniki.pl\/wp-content\/uploads\/2026\/03\/IMG_20241120_155512-300x225.jpg","datePublished":"2014-06-06T10:10:14+00:00","dateModified":"2026-03-29T11:46:00+00:00","description":"W naszej ofercie znajd\u0105 Pa\u0144stwo ca\u0142\u0105 gam\u0119 r\u00f3\u017cnych zbiornik\u00f3w stalowych jak zbiorniki ze stali nierdzewnych, zbiorniki dwup\u0142aszczowe do oleju opa\u0142owego,","breadcrumb":{"@id":"https:\/\/metal-zbiorniki.pl\/en\/oferta\/#breadcrumb"},"inLanguage":"en-US","potentialAction":[{"@type":"ReadAction","target":[["https:\/\/metal-zbiorniki.pl\/en\/oferta\/"]]}]},{"@type":"ImageObject","inLanguage":"en-US","@id":"https:\/\/metal-zbiorniki.pl\/en\/oferta\/#primaryimage","url":"https:\/\/metal-zbiorniki.pl\/wp-content\/uploads\/2026\/03\/IMG_20241120_155512-300x225.jpg","contentUrl":"https:\/\/metal-zbiorniki.pl\/wp-content\/uploads\/2026\/03\/IMG_20241120_155512-300x225.jpg"},{"@type":"BreadcrumbList","@id":"https:\/\/metal-zbiorniki.pl\/en\/oferta\/#breadcrumb","itemListElement":[{"@type":"ListItem","position":1,"name":"Home","item":"https:\/\/metal-zbiorniki.pl\/en\/"},{"@type":"ListItem","position":2,"name":"Oferta"}]},{"@type":"WebSite","@id":"https:\/\/metal-zbiorniki.pl\/en\/#website","url":"https:\/\/metal-zbiorniki.pl\/en\/","name":"Metal Zbiorniki","description":"Producent zbiornik\u00f3w stalowych","potentialAction":[{"@type":"SearchAction","target":{"@type":"EntryPoint","urlTemplate":"https:\/\/metal-zbiorniki.pl\/en\/?s={search_term_string}"},"query-input":{"@type":"PropertyValueSpecification","valueRequired":true,"valueName":"search_term_string"}}],"inLanguage":"en-US"}]}},"_links":{"self":[{"href":"https:\/\/metal-zbiorniki.pl\/en\/wp-json\/wp\/v2\/pages\/8","targetHints":{"allow":["GET"]}}],"collection":[{"href":"https:\/\/metal-zbiorniki.pl\/en\/wp-json\/wp\/v2\/pages"}],"about":[{"href":"https:\/\/metal-zbiorniki.pl\/en\/wp-json\/wp\/v2\/types\/page"}],"author":[{"embeddable":true,"href":"https:\/\/metal-zbiorniki.pl\/en\/wp-json\/wp\/v2\/users\/1"}],"replies":[{"embeddable":true,"href":"https:\/\/metal-zbiorniki.pl\/en\/wp-json\/wp\/v2\/comments?post=8"}],"version-history":[{"count":12,"href":"https:\/\/metal-zbiorniki.pl\/en\/wp-json\/wp\/v2\/pages\/8\/revisions"}],"predecessor-version":[{"id":869,"href":"https:\/\/metal-zbiorniki.pl\/en\/wp-json\/wp\/v2\/pages\/8\/revisions\/869"}],"wp:attachment":[{"href":"https:\/\/metal-zbiorniki.pl\/en\/wp-json\/wp\/v2\/media?parent=8"}],"curies":[{"name":"wp","href":"https:\/\/api.w.org\/{rel}","templated":true}]}}