{"id":363,"date":"2014-06-29T17:37:48","date_gmt":"2014-06-29T15:37:48","guid":{"rendered":"https:\/\/metal-zbiorniki.pl\/?page_id=363"},"modified":"2026-04-19T23:22:54","modified_gmt":"2026-04-19T21:22:54","slug":"do-sprzedazy","status":"publish","type":"page","link":"https:\/\/metal-zbiorniki.pl\/en\/oferta\/do-sprzedazy\/","title":{"rendered":"For sale"},"content":{"rendered":"<p>We offer tanks, materials and base plates for immediate sale.<\/p>\n<p>More information soon or over the phone.<\/p>","protected":false},"excerpt":{"rendered":"<p>We offer tanks, materials and base plates for immediate sale. More information soon or over the phone.<\/p>\n","protected":false},"author":1,"featured_media":0,"parent":8,"menu_order":180,"comment_status":"closed","ping_status":"closed","template":"","meta":{"_acf_changed":false,"inline_featured_image":false,"footnotes":""},"class_list":["post-363","page","type-page","status-publish","hentry"],"acf":[],"yoast_head":"<!-- This site is optimized with the Yoast SEO plugin v24.8.1 - https:\/\/yoast.com\/wordpress\/plugins\/seo\/ -->\n<title>For sale - Metal Zbiorniki<\/title>\n<meta name=\"description\" content=\"Posiadamy do sprzeda\u017cy od zaraz z magazynu nast\u0119puj\u0105ce zbiorniki: Zbiornik naziemny dwup\u0142aszczowy 5m3 Zbiornik do transportu wody pitnej 10 m3 ze stali\" \/>\n<meta name=\"robots\" content=\"index, follow, max-snippet:-1, max-image-preview:large, max-video-preview:-1\" \/>\n<link rel=\"canonical\" href=\"https:\/\/metal-zbiorniki.pl\/en\/oferta\/do-sprzedazy\/\" \/>\n<meta name=\"twitter:label1\" content=\"Est. reading time\" \/>\n\t<meta name=\"twitter:data1\" content=\"1 minute\" \/>\n<script type=\"application\/ld+json\" class=\"yoast-schema-graph\">{\"@context\":\"https:\/\/schema.org\",\"@graph\":[{\"@type\":\"WebPage\",\"@id\":\"https:\/\/metal-zbiorniki.pl\/en\/oferta\/do-sprzedazy\/\",\"url\":\"https:\/\/metal-zbiorniki.pl\/en\/oferta\/do-sprzedazy\/\",\"name\":\"For sale - Metal Zbiorniki\",\"isPartOf\":{\"@id\":\"https:\/\/metal-zbiorniki.pl\/en\/#website\"},\"datePublished\":\"2014-06-29T15:37:48+00:00\",\"dateModified\":\"2026-04-19T21:22:54+00:00\",\"description\":\"Posiadamy do sprzeda\u017cy od zaraz z magazynu nast\u0119puj\u0105ce zbiorniki: Zbiornik naziemny dwup\u0142aszczowy 5m3 Zbiornik do transportu wody pitnej 10 m3 ze stali\",\"breadcrumb\":{\"@id\":\"https:\/\/metal-zbiorniki.pl\/en\/oferta\/do-sprzedazy\/#breadcrumb\"},\"inLanguage\":\"en-US\",\"potentialAction\":[{\"@type\":\"ReadAction\",\"target\":[[\"https:\/\/metal-zbiorniki.pl\/en\/oferta\/do-sprzedazy\/\"]]}]},{\"@type\":\"BreadcrumbList\",\"@id\":\"https:\/\/metal-zbiorniki.pl\/en\/oferta\/do-sprzedazy\/#breadcrumb\",\"itemListElement\":[{\"@type\":\"ListItem\",\"position\":1,\"name\":\"Home\",\"item\":\"https:\/\/metal-zbiorniki.pl\/en\/\"},{\"@type\":\"ListItem\",\"position\":2,\"name\":\"Oferta\",\"item\":\"https:\/\/metal-zbiorniki.pl\/en\/oferta\/\"},{\"@type\":\"ListItem\",\"position\":3,\"name\":\"Do sprzeda\u017cy\"}]},{\"@type\":\"WebSite\",\"@id\":\"https:\/\/metal-zbiorniki.pl\/en\/#website\",\"url\":\"https:\/\/metal-zbiorniki.pl\/en\/\",\"name\":\"Metal Zbiorniki\",\"description\":\"Producent zbiornik\u00f3w stalowych\",\"potentialAction\":[{\"@type\":\"SearchAction\",\"target\":{\"@type\":\"EntryPoint\",\"urlTemplate\":\"https:\/\/metal-zbiorniki.pl\/en\/?s={search_term_string}\"},\"query-input\":{\"@type\":\"PropertyValueSpecification\",\"valueRequired\":true,\"valueName\":\"search_term_string\"}}],\"inLanguage\":\"en-US\"}]}<\/script>\n<!-- \/ Yoast SEO plugin. -->","yoast_head_json":{"title":"For sale - Metal Zbiorniki","description":"Posiadamy do sprzeda\u017cy od zaraz z magazynu nast\u0119puj\u0105ce zbiorniki: Zbiornik naziemny dwup\u0142aszczowy 5m3 Zbiornik do transportu wody pitnej 10 m3 ze stali","robots":{"index":"index","follow":"follow","max-snippet":"max-snippet:-1","max-image-preview":"max-image-preview:large","max-video-preview":"max-video-preview:-1"},"canonical":"https:\/\/metal-zbiorniki.pl\/en\/oferta\/do-sprzedazy\/","twitter_misc":{"Est. reading time":"1 minute"},"schema":{"@context":"https:\/\/schema.org","@graph":[{"@type":"WebPage","@id":"https:\/\/metal-zbiorniki.pl\/en\/oferta\/do-sprzedazy\/","url":"https:\/\/metal-zbiorniki.pl\/en\/oferta\/do-sprzedazy\/","name":"For sale - Metal Zbiorniki","isPartOf":{"@id":"https:\/\/metal-zbiorniki.pl\/en\/#website"},"datePublished":"2014-06-29T15:37:48+00:00","dateModified":"2026-04-19T21:22:54+00:00","description":"Posiadamy do sprzeda\u017cy od zaraz z magazynu nast\u0119puj\u0105ce zbiorniki: Zbiornik naziemny dwup\u0142aszczowy 5m3 Zbiornik do transportu wody pitnej 10 m3 ze stali","breadcrumb":{"@id":"https:\/\/metal-zbiorniki.pl\/en\/oferta\/do-sprzedazy\/#breadcrumb"},"inLanguage":"en-US","potentialAction":[{"@type":"ReadAction","target":[["https:\/\/metal-zbiorniki.pl\/en\/oferta\/do-sprzedazy\/"]]}]},{"@type":"BreadcrumbList","@id":"https:\/\/metal-zbiorniki.pl\/en\/oferta\/do-sprzedazy\/#breadcrumb","itemListElement":[{"@type":"ListItem","position":1,"name":"Home","item":"https:\/\/metal-zbiorniki.pl\/en\/"},{"@type":"ListItem","position":2,"name":"Oferta","item":"https:\/\/metal-zbiorniki.pl\/en\/oferta\/"},{"@type":"ListItem","position":3,"name":"Do sprzeda\u017cy"}]},{"@type":"WebSite","@id":"https:\/\/metal-zbiorniki.pl\/en\/#website","url":"https:\/\/metal-zbiorniki.pl\/en\/","name":"Metal Zbiorniki","description":"Producent zbiornik\u00f3w stalowych","potentialAction":[{"@type":"SearchAction","target":{"@type":"EntryPoint","urlTemplate":"https:\/\/metal-zbiorniki.pl\/en\/?s={search_term_string}"},"query-input":{"@type":"PropertyValueSpecification","valueRequired":true,"valueName":"search_term_string"}}],"inLanguage":"en-US"}]}},"_links":{"self":[{"href":"https:\/\/metal-zbiorniki.pl\/en\/wp-json\/wp\/v2\/pages\/363","targetHints":{"allow":["GET"]}}],"collection":[{"href":"https:\/\/metal-zbiorniki.pl\/en\/wp-json\/wp\/v2\/pages"}],"about":[{"href":"https:\/\/metal-zbiorniki.pl\/en\/wp-json\/wp\/v2\/types\/page"}],"author":[{"embeddable":true,"href":"https:\/\/metal-zbiorniki.pl\/en\/wp-json\/wp\/v2\/users\/1"}],"replies":[{"embeddable":true,"href":"https:\/\/metal-zbiorniki.pl\/en\/wp-json\/wp\/v2\/comments?post=363"}],"version-history":[{"count":17,"href":"https:\/\/metal-zbiorniki.pl\/en\/wp-json\/wp\/v2\/pages\/363\/revisions"}],"predecessor-version":[{"id":974,"href":"https:\/\/metal-zbiorniki.pl\/en\/wp-json\/wp\/v2\/pages\/363\/revisions\/974"}],"up":[{"embeddable":true,"href":"https:\/\/metal-zbiorniki.pl\/en\/wp-json\/wp\/v2\/pages\/8"}],"wp:attachment":[{"href":"https:\/\/metal-zbiorniki.pl\/en\/wp-json\/wp\/v2\/media?parent=363"}],"curies":[{"name":"wp","href":"https:\/\/api.w.org\/{rel}","templated":true}]}}