{"id":30,"date":"2014-06-06T12:22:29","date_gmt":"2014-06-06T10:22:29","guid":{"rendered":"https:\/\/metal-zbiorniki.pl\/?page_id=30"},"modified":"2025-11-16T12:51:57","modified_gmt":"2025-11-16T11:51:57","slug":"granulatory-talerzowe","status":"publish","type":"page","link":"https:\/\/metal-zbiorniki.pl\/en\/oferta\/granulatory-talerzowe\/","title":{"rendered":"Disc granulators"},"content":{"rendered":"<p>Disk granulators are used to agglomerate litter material. As a result, larger particles are obtained from a large number of small particles while maintaining the original physical properties except for size and shape.<\/p>\n<p>Granulation efficiency approx. 2000 kg per hour depending i. a. on the bulk density of the material to be granulated. Disc diameter 2000 mm, disc depth 600 mm. The disc is driven by a gear motor with smooth speed control during operation, within the range from 10 to 40 revolutions. Rotating, two-armed scraper on the bottom of the disc, driven by an independent gear motor. The disc edge is cleaned with a fixed scraper with adjustable pressure. Three-point water shower. Built-in granulator designed for dedusting. Switching on the disc and scraper drive and setting the speed and angle of inclination of the disc can be achieved manually using the buttons on the control cabinet or by granulation line&#8217;s remote control.<\/p>\n<ul>\n<li><a href=\"https:\/\/metal-zbiorniki.pl\/wp-content\/uploads\/2014\/06\/granulator.pdf\">Download catalog sheet<\/a><\/li>\n<\/ul>\n<p>&nbsp;<\/p>\n<p style=\"text-align: center;\"><a href=\"https:\/\/metal-zbiorniki.pl\/wp-content\/uploads\/2014\/06\/1.jpg\"><img loading=\"lazy\" decoding=\"async\" class=\"aligncenter size-full wp-image-164\" src=\"https:\/\/metal-zbiorniki.pl\/wp-content\/uploads\/2014\/06\/1.jpg\" alt=\"1\" width=\"176\" height=\"200\" \/><\/a> <a href=\"https:\/\/metal-zbiorniki.pl\/wp-content\/uploads\/2014\/06\/2-1.jpg\"><img loading=\"lazy\" decoding=\"async\" class=\"aligncenter size-full wp-image-165\" src=\"https:\/\/metal-zbiorniki.pl\/wp-content\/uploads\/2014\/06\/2-1.jpg\" alt=\"2 (1)\" width=\"267\" height=\"200\" \/><\/a> <a href=\"https:\/\/metal-zbiorniki.pl\/wp-content\/uploads\/2014\/06\/3.jpg\"><img loading=\"lazy\" decoding=\"async\" class=\"aligncenter size-full wp-image-166\" src=\"https:\/\/metal-zbiorniki.pl\/wp-content\/uploads\/2014\/06\/3.jpg\" alt=\"3\" width=\"165\" height=\"200\" \/><\/a><\/p>\n<p><\/p>","protected":false},"excerpt":{"rendered":"<p>Disk granulators are used to agglomerate litter material.<\/p>\n","protected":false},"author":1,"featured_media":57,"parent":8,"menu_order":120,"comment_status":"closed","ping_status":"closed","template":"","meta":{"_acf_changed":false,"inline_featured_image":false,"footnotes":""},"class_list":["post-30","page","type-page","status-publish","has-post-thumbnail","hentry"],"acf":[],"yoast_head":"<!-- This site is optimized with the Yoast SEO plugin v24.8.1 - https:\/\/yoast.com\/wordpress\/plugins\/seo\/ -->\n<title>Disc granulators - Metal Zbiorniki<\/title>\n<meta name=\"description\" content=\"Granulatory talerzowe s\u0142u\u017c\u0105 do aglomeracji materia\u0142\u00f3w sypkich.Disk granulators are used to agglomerate litter material.Scheibengranulatoren dienen zur Zusammenballung von Streumaterial eingesetzt.\" \/>\n<meta name=\"robots\" content=\"index, follow, max-snippet:-1, max-image-preview:large, max-video-preview:-1\" \/>\n<link rel=\"canonical\" href=\"https:\/\/metal-zbiorniki.pl\/en\/oferta\/granulatory-talerzowe\/\" \/>\n<meta name=\"twitter:label1\" content=\"Est. reading time\" \/>\n\t<meta name=\"twitter:data1\" content=\"3 minutes\" \/>\n<script type=\"application\/ld+json\" class=\"yoast-schema-graph\">{\"@context\":\"https:\/\/schema.org\",\"@graph\":[{\"@type\":\"WebPage\",\"@id\":\"https:\/\/metal-zbiorniki.pl\/en\/oferta\/granulatory-talerzowe\/\",\"url\":\"https:\/\/metal-zbiorniki.pl\/en\/oferta\/granulatory-talerzowe\/\",\"name\":\"Disc granulators - Metal Zbiorniki\",\"isPartOf\":{\"@id\":\"https:\/\/metal-zbiorniki.pl\/en\/#website\"},\"primaryImageOfPage\":{\"@id\":\"https:\/\/metal-zbiorniki.pl\/en\/oferta\/granulatory-talerzowe\/#primaryimage\"},\"image\":{\"@id\":\"https:\/\/metal-zbiorniki.pl\/oferta\/granulatory-talerzowe\/#primaryimage\"},\"thumbnailUrl\":\"https:\/\/metal-zbiorniki.pl\/wp-content\/uploads\/2014\/06\/2.jpg\",\"datePublished\":\"2014-06-06T10:22:29+00:00\",\"dateModified\":\"2025-11-16T11:51:57+00:00\",\"description\":\"Granulatory talerzowe s\u0142u\u017c\u0105 do aglomeracji materia\u0142\u00f3w sypkich.Disk granulators are used to agglomerate litter material.Scheibengranulatoren dienen zur Zusammenballung von Streumaterial eingesetzt.\",\"breadcrumb\":{\"@id\":\"https:\/\/metal-zbiorniki.pl\/en\/oferta\/granulatory-talerzowe\/#breadcrumb\"},\"inLanguage\":\"en-US\",\"potentialAction\":[{\"@type\":\"ReadAction\",\"target\":[[\"https:\/\/metal-zbiorniki.pl\/en\/oferta\/granulatory-talerzowe\/\"]]}]},{\"@type\":\"ImageObject\",\"inLanguage\":\"en-US\",\"@id\":\"https:\/\/metal-zbiorniki.pl\/en\/oferta\/granulatory-talerzowe\/#primaryimage\",\"url\":\"https:\/\/metal-zbiorniki.pl\/wp-content\/uploads\/2014\/06\/2.jpg\",\"contentUrl\":\"https:\/\/metal-zbiorniki.pl\/wp-content\/uploads\/2014\/06\/2.jpg\",\"width\":267,\"height\":200},{\"@type\":\"BreadcrumbList\",\"@id\":\"https:\/\/metal-zbiorniki.pl\/en\/oferta\/granulatory-talerzowe\/#breadcrumb\",\"itemListElement\":[{\"@type\":\"ListItem\",\"position\":1,\"name\":\"Home\",\"item\":\"https:\/\/metal-zbiorniki.pl\/en\/\"},{\"@type\":\"ListItem\",\"position\":2,\"name\":\"Oferta\",\"item\":\"https:\/\/metal-zbiorniki.pl\/en\/oferta\/\"},{\"@type\":\"ListItem\",\"position\":3,\"name\":\"Urz\u0105dzenia, konstrukcje\"}]},{\"@type\":\"WebSite\",\"@id\":\"https:\/\/metal-zbiorniki.pl\/en\/#website\",\"url\":\"https:\/\/metal-zbiorniki.pl\/en\/\",\"name\":\"Metal Zbiorniki\",\"description\":\"Producent zbiornik\u00f3w stalowych\",\"potentialAction\":[{\"@type\":\"SearchAction\",\"target\":{\"@type\":\"EntryPoint\",\"urlTemplate\":\"https:\/\/metal-zbiorniki.pl\/en\/?s={search_term_string}\"},\"query-input\":{\"@type\":\"PropertyValueSpecification\",\"valueRequired\":true,\"valueName\":\"search_term_string\"}}],\"inLanguage\":\"en-US\"}]}<\/script>\n<!-- \/ Yoast SEO plugin. -->","yoast_head_json":{"title":"Disc granulators - Metal Zbiorniki","description":"Granulatory talerzowe s\u0142u\u017c\u0105 do aglomeracji materia\u0142\u00f3w sypkich.Disk granulators are used to agglomerate litter material.Scheibengranulatoren dienen zur Zusammenballung von Streumaterial eingesetzt.","robots":{"index":"index","follow":"follow","max-snippet":"max-snippet:-1","max-image-preview":"max-image-preview:large","max-video-preview":"max-video-preview:-1"},"canonical":"https:\/\/metal-zbiorniki.pl\/en\/oferta\/granulatory-talerzowe\/","twitter_misc":{"Est. reading time":"3 minutes"},"schema":{"@context":"https:\/\/schema.org","@graph":[{"@type":"WebPage","@id":"https:\/\/metal-zbiorniki.pl\/en\/oferta\/granulatory-talerzowe\/","url":"https:\/\/metal-zbiorniki.pl\/en\/oferta\/granulatory-talerzowe\/","name":"Disc granulators - Metal Zbiorniki","isPartOf":{"@id":"https:\/\/metal-zbiorniki.pl\/en\/#website"},"primaryImageOfPage":{"@id":"https:\/\/metal-zbiorniki.pl\/en\/oferta\/granulatory-talerzowe\/#primaryimage"},"image":{"@id":"https:\/\/metal-zbiorniki.pl\/oferta\/granulatory-talerzowe\/#primaryimage"},"thumbnailUrl":"https:\/\/metal-zbiorniki.pl\/wp-content\/uploads\/2014\/06\/2.jpg","datePublished":"2014-06-06T10:22:29+00:00","dateModified":"2025-11-16T11:51:57+00:00","description":"Granulatory talerzowe s\u0142u\u017c\u0105 do aglomeracji materia\u0142\u00f3w sypkich.Disk granulators are used to agglomerate litter material.Scheibengranulatoren dienen zur Zusammenballung von Streumaterial eingesetzt.","breadcrumb":{"@id":"https:\/\/metal-zbiorniki.pl\/en\/oferta\/granulatory-talerzowe\/#breadcrumb"},"inLanguage":"en-US","potentialAction":[{"@type":"ReadAction","target":[["https:\/\/metal-zbiorniki.pl\/en\/oferta\/granulatory-talerzowe\/"]]}]},{"@type":"ImageObject","inLanguage":"en-US","@id":"https:\/\/metal-zbiorniki.pl\/en\/oferta\/granulatory-talerzowe\/#primaryimage","url":"https:\/\/metal-zbiorniki.pl\/wp-content\/uploads\/2014\/06\/2.jpg","contentUrl":"https:\/\/metal-zbiorniki.pl\/wp-content\/uploads\/2014\/06\/2.jpg","width":267,"height":200},{"@type":"BreadcrumbList","@id":"https:\/\/metal-zbiorniki.pl\/en\/oferta\/granulatory-talerzowe\/#breadcrumb","itemListElement":[{"@type":"ListItem","position":1,"name":"Home","item":"https:\/\/metal-zbiorniki.pl\/en\/"},{"@type":"ListItem","position":2,"name":"Oferta","item":"https:\/\/metal-zbiorniki.pl\/en\/oferta\/"},{"@type":"ListItem","position":3,"name":"Urz\u0105dzenia, konstrukcje"}]},{"@type":"WebSite","@id":"https:\/\/metal-zbiorniki.pl\/en\/#website","url":"https:\/\/metal-zbiorniki.pl\/en\/","name":"Metal Zbiorniki","description":"Producent zbiornik\u00f3w stalowych","potentialAction":[{"@type":"SearchAction","target":{"@type":"EntryPoint","urlTemplate":"https:\/\/metal-zbiorniki.pl\/en\/?s={search_term_string}"},"query-input":{"@type":"PropertyValueSpecification","valueRequired":true,"valueName":"search_term_string"}}],"inLanguage":"en-US"}]}},"_links":{"self":[{"href":"https:\/\/metal-zbiorniki.pl\/en\/wp-json\/wp\/v2\/pages\/30","targetHints":{"allow":["GET"]}}],"collection":[{"href":"https:\/\/metal-zbiorniki.pl\/en\/wp-json\/wp\/v2\/pages"}],"about":[{"href":"https:\/\/metal-zbiorniki.pl\/en\/wp-json\/wp\/v2\/types\/page"}],"author":[{"embeddable":true,"href":"https:\/\/metal-zbiorniki.pl\/en\/wp-json\/wp\/v2\/users\/1"}],"replies":[{"embeddable":true,"href":"https:\/\/metal-zbiorniki.pl\/en\/wp-json\/wp\/v2\/comments?post=30"}],"version-history":[{"count":13,"href":"https:\/\/metal-zbiorniki.pl\/en\/wp-json\/wp\/v2\/pages\/30\/revisions"}],"predecessor-version":[{"id":759,"href":"https:\/\/metal-zbiorniki.pl\/en\/wp-json\/wp\/v2\/pages\/30\/revisions\/759"}],"up":[{"embeddable":true,"href":"https:\/\/metal-zbiorniki.pl\/en\/wp-json\/wp\/v2\/pages\/8"}],"wp:featuredmedia":[{"embeddable":true,"href":"https:\/\/metal-zbiorniki.pl\/en\/wp-json\/wp\/v2\/media\/57"}],"wp:attachment":[{"href":"https:\/\/metal-zbiorniki.pl\/en\/wp-json\/wp\/v2\/media?parent=30"}],"curies":[{"name":"wp","href":"https:\/\/api.w.org\/{rel}","templated":true}]}}