{"id":24,"date":"2014-06-06T12:21:19","date_gmt":"2014-06-06T10:21:19","guid":{"rendered":"https:\/\/metal-zbiorniki.pl\/?page_id=24"},"modified":"2026-03-29T13:58:04","modified_gmt":"2026-03-29T11:58:04","slug":"zbiorniki-cisnieniowe","status":"publish","type":"page","link":"https:\/\/metal-zbiorniki.pl\/en\/oferta\/zbiorniki-cisnieniowe\/","title":{"rendered":"Pressure tanks for liquids and gases"},"content":{"rendered":"<p><a href=\"https:\/\/metal-zbiorniki.pl\/wp-content\/uploads\/2014\/06\/pa206171.jpg\"><img loading=\"lazy\" decoding=\"async\" class=\"alignright size-medium wp-image-141\" src=\"https:\/\/metal-zbiorniki.pl\/wp-content\/uploads\/2014\/06\/pa206171-300x189.jpg\" alt=\"OLYMPUS DIGITAL CAMERA\" width=\"300\" height=\"189\" srcset=\"https:\/\/metal-zbiorniki.pl\/wp-content\/uploads\/2014\/06\/pa206171-300x189.jpg 300w, https:\/\/metal-zbiorniki.pl\/wp-content\/uploads\/2014\/06\/pa206171.jpg 332w\" sizes=\"auto, (max-width: 300px) 100vw, 300px\" \/><\/a>We manufacture pressure tanks in accordance with Directive 2014\/68\/EU of the European Parliament and of the Council. They are subject to examination of conformity in accordance with the provisions set out in the directive. As a manufacturer, we issue a declarations of conformity and attach the CE mark. The requirements for these tanks are established by the ordinance of the Minister of Development from July 11th 2016 on the requirements for pressure equipment and pressure equipment systems.<\/p>\n<p>In this group we manufacture vertical and horizontal tanks with volumes from 800 to 50,000 liters and diameters from 800 to 3,000 mm with operating pressures up to 40 bar \u2013 based on our own documentation (our design) or one provided by the customer.<\/p>\n<p>The pressure tanks we manufacture, such as water supply tanks and compressed air tanks, are intended for the storage of water, air and other liquid and gaseous substances under pressure.<\/p>\n<p>The main series of pressure tanks we manufacture, which are subject to Directive 2014\/68\/EU is shown below. We also manufacture tanks with other, intermediate dimensions and sizes.<\/p>\n<h4>Catalog sheets<\/h4>\n<ul>\n<li><a href=\"https:\/\/metal-zbiorniki.pl\/wp-content\/uploads\/2014\/06\/zc-pion.pdf\">Vertical pressure tanks<\/a><\/li>\n<li><a href=\"https:\/\/metal-zbiorniki.pl\/wp-content\/uploads\/2014\/06\/zc-poz.pdf\">Horizontal pressure tanks<\/a><\/li>\n<\/ul>\n<table>\n<caption>\n<h3>Pressure tanks<\/h3>\n<\/caption>\n<tbody>\n<tr>\n<th style=\"width: 80px;\">type<br \/>\nunit<\/th>\n<th style=\"width: 84px;\">Capacity<br \/>\n(litry)<\/th>\n<th style=\"width: 72px;\">Pressure<br \/>\n(bar)<\/th>\n<th style=\"width: 70px;\">Diameter<br \/>\n(mm)<\/th>\n<th style=\"width: 67px;\">Material<\/th>\n<th style=\"width: 78px;\">Base plate height<br \/>\n(mm)<\/th>\n<th style=\"width: 70px;\">Wall length<br \/>\n(mm)<\/th>\n<th style=\"width: 78px;\">Total height<br \/>\n(mm)<\/th>\n<th style=\"width: 75px;\">Total mass<br \/>\n(kg)<\/th>\n<\/tr>\n<tr>\n<td style=\"width: 80px;\">ZC4\/1400<\/td>\n<td style=\"width: 84px;\">4000<\/td>\n<td style=\"width: 72px;\">6<\/td>\n<td style=\"width: 70px;\">1400<\/td>\n<td style=\"width: 67px;\">S355<\/td>\n<td style=\"width: 78px;\">395<\/td>\n<td style=\"width: 70px;\">2000<\/td>\n<td style=\"width: 78px;\">2890<\/td>\n<td style=\"width: 75px;\">620<\/td>\n<\/tr>\n<tr>\n<td style=\"width: 80px;\">ZC4\/1600<\/td>\n<td style=\"width: 84px;\">4250<\/td>\n<td style=\"width: 72px;\">6<\/td>\n<td style=\"width: 70px;\">1600<\/td>\n<td style=\"width: 67px;\">S355<\/td>\n<td style=\"width: 78px;\">446<\/td>\n<td style=\"width: 70px;\">1500<\/td>\n<td style=\"width: 78px;\">2492<\/td>\n<td style=\"width: 75px;\">720<\/td>\n<\/tr>\n<tr>\n<td style=\"width: 80px;\">ZC5\/1600<\/td>\n<td style=\"width: 84px;\">5250<\/td>\n<td style=\"width: 72px;\">6<\/td>\n<td style=\"width: 70px;\">1600<\/td>\n<td style=\"width: 67px;\">S355<\/td>\n<td style=\"width: 78px;\">446<\/td>\n<td style=\"width: 70px;\">2000<\/td>\n<td style=\"width: 78px;\">2992<\/td>\n<td style=\"width: 75px;\">760<\/td>\n<\/tr>\n<tr>\n<td style=\"width: 80px;\">ZC6\/1600<\/td>\n<td style=\"width: 84px;\">6250<\/td>\n<td style=\"width: 72px;\">6<\/td>\n<td style=\"width: 70px;\">1600<\/td>\n<td style=\"width: 67px;\">S355<\/td>\n<td style=\"width: 78px;\">446<\/td>\n<td style=\"width: 70px;\">2500<\/td>\n<td style=\"width: 78px;\">3492<\/td>\n<td style=\"width: 75px;\">840<\/td>\n<\/tr>\n<tr>\n<td style=\"width: 80px;\">ZC7\/1600<\/td>\n<td style=\"width: 84px;\">7250<\/td>\n<td style=\"width: 72px;\">6<\/td>\n<td style=\"width: 70px;\">1600<\/td>\n<td style=\"width: 67px;\">S355<\/td>\n<td style=\"width: 78px;\">446<\/td>\n<td style=\"width: 70px;\">3000<\/td>\n<td style=\"width: 78px;\">3992<\/td>\n<td style=\"width: 75px;\">940<\/td>\n<\/tr>\n<tr>\n<td style=\"width: 80px;\">ZC8\/2000<\/td>\n<td style=\"width: 84px;\">8600<\/td>\n<td style=\"width: 72px;\">6<\/td>\n<td style=\"width: 70px;\">2000<\/td>\n<td style=\"width: 67px;\">S355<\/td>\n<td style=\"width: 78px;\">546<\/td>\n<td style=\"width: 70px;\">2000<\/td>\n<td style=\"width: 78px;\">3192<\/td>\n<td style=\"width: 75px;\">1140<\/td>\n<\/tr>\n<tr>\n<td style=\"width: 80px;\">ZC10\/2000<\/td>\n<td style=\"width: 84px;\">10000<\/td>\n<td style=\"width: 72px;\">6<\/td>\n<td style=\"width: 70px;\">2000<\/td>\n<td style=\"width: 67px;\">S355<\/td>\n<td style=\"width: 78px;\">546<\/td>\n<td style=\"width: 70px;\">2500<\/td>\n<td style=\"width: 78px;\">3692<\/td>\n<td style=\"width: 75px;\">1280<\/td>\n<\/tr>\n<tr>\n<td style=\"width: 80px;\">ZC12\/2000<\/td>\n<td style=\"width: 84px;\">12000<\/td>\n<td style=\"width: 72px;\">6<\/td>\n<td style=\"width: 70px;\">2000<\/td>\n<td style=\"width: 67px;\">S355<\/td>\n<td style=\"width: 78px;\">546<\/td>\n<td style=\"width: 70px;\">3000<\/td>\n<td style=\"width: 78px;\">4192<\/td>\n<td style=\"width: 75px;\">1470<\/td>\n<\/tr>\n<tr>\n<td style=\"width: 80px;\">ZC15\/2000<\/td>\n<td style=\"width: 84px;\">15000<\/td>\n<td style=\"width: 72px;\">6<\/td>\n<td style=\"width: 70px;\">2000<\/td>\n<td style=\"width: 67px;\">S355<\/td>\n<td style=\"width: 78px;\">546<\/td>\n<td style=\"width: 70px;\">4000<\/td>\n<td style=\"width: 78px;\">5192<\/td>\n<td style=\"width: 75px;\">1760<\/td>\n<\/tr>\n<tr>\n<td style=\"width: 80px;\">ZC15\/2200<\/td>\n<td style=\"width: 84px;\">15000<\/td>\n<td style=\"width: 72px;\">6<\/td>\n<td style=\"width: 70px;\">2200<\/td>\n<td style=\"width: 67px;\">S355<\/td>\n<td style=\"width: 78px;\">596<\/td>\n<td style=\"width: 70px;\">4000<\/td>\n<td style=\"width: 78px;\">4500<\/td>\n<td style=\"width: 75px;\">1800<\/td>\n<\/tr>\n<tr>\n<td style=\"width: 80px;\">ZC20\/2500<\/td>\n<td style=\"width: 84px;\">20000<\/td>\n<td style=\"width: 72px;\">6<\/td>\n<td style=\"width: 70px;\">2500<\/td>\n<td style=\"width: 67px;\">S355<\/td>\n<td style=\"width: 78px;\">673<\/td>\n<td style=\"width: 70px;\">3500<\/td>\n<td style=\"width: 78px;\">4900<\/td>\n<td style=\"width: 75px;\">\u00a03050<\/td>\n<\/tr>\n<tr>\n<td style=\"width: 80px;\">ZC25\/2500<\/td>\n<td style=\"width: 84px;\">25000<\/td>\n<td style=\"width: 72px;\">6<\/td>\n<td style=\"width: 70px;\">2500<\/td>\n<td style=\"width: 67px;\">S355<\/td>\n<td style=\"width: 78px;\">673<\/td>\n<td style=\"width: 70px;\">4250<\/td>\n<td style=\"width: 78px;\">5500<\/td>\n<td style=\"width: 75px;\">\u00a03450<\/td>\n<\/tr>\n<tr>\n<td style=\"width: 80px;\">ZC30\/2500<\/td>\n<td style=\"width: 84px;\">30000<\/td>\n<td style=\"width: 72px;\">6<\/td>\n<td style=\"width: 70px;\">2500<\/td>\n<td style=\"width: 67px;\">S355<\/td>\n<td style=\"width: 78px;\">673<\/td>\n<td style=\"width: 70px;\">5000<\/td>\n<td style=\"width: 78px;\">6500<\/td>\n<td style=\"width: 75px;\">\u00a03900<\/td>\n<\/tr>\n<\/tbody>\n<\/table>\n<p style=\"text-align: center;\"><a href=\"https:\/\/metal-zbiorniki.pl\/wp-content\/uploads\/2014\/06\/pb073589.jpeg\"><img loading=\"lazy\" decoding=\"async\" class=\"aligncenter size-medium wp-image-147\" src=\"https:\/\/metal-zbiorniki.pl\/wp-content\/uploads\/2014\/06\/pb073589-300x94.jpeg\" alt=\"OLYMPUS DIGITAL CAMERA\" width=\"300\" height=\"94\" srcset=\"https:\/\/metal-zbiorniki.pl\/wp-content\/uploads\/2014\/06\/pb073589-300x94.jpeg 300w, https:\/\/metal-zbiorniki.pl\/wp-content\/uploads\/2014\/06\/pb073589-1024x323.jpeg 1024w, https:\/\/metal-zbiorniki.pl\/wp-content\/uploads\/2014\/06\/pb073589.jpeg 1100w\" sizes=\"auto, (max-width: 300px) 100vw, 300px\" \/><\/a> <a href=\"https:\/\/metal-zbiorniki.pl\/wp-content\/uploads\/2014\/06\/p8235091.jpeg\"><img loading=\"lazy\" decoding=\"async\" class=\"aligncenter size-medium wp-image-148\" src=\"https:\/\/metal-zbiorniki.pl\/wp-content\/uploads\/2014\/06\/p8235091-300x215.jpeg\" alt=\"OLYMPUS DIGITAL CAMERA\" width=\"300\" height=\"215\" srcset=\"https:\/\/metal-zbiorniki.pl\/wp-content\/uploads\/2014\/06\/p8235091-300x215.jpeg 300w, https:\/\/metal-zbiorniki.pl\/wp-content\/uploads\/2014\/06\/p8235091-1024x737.jpeg 1024w, https:\/\/metal-zbiorniki.pl\/wp-content\/uploads\/2014\/06\/p8235091.jpeg 1100w\" sizes=\"auto, (max-width: 300px) 100vw, 300px\" \/><\/a><\/p>\n<p><\/p>","protected":false},"excerpt":{"rendered":"<p>We manufacture pressure tanks in accordance with EU Directive 97\/23\/EC. They are subject to examination of conformity by a selected notified body in accordance with module &#8220;G&#8221; of the Directive.<\/p>\n","protected":false},"author":1,"featured_media":60,"parent":8,"menu_order":20,"comment_status":"closed","ping_status":"closed","template":"","meta":{"_acf_changed":false,"inline_featured_image":false,"footnotes":""},"class_list":["post-24","page","type-page","status-publish","has-post-thumbnail","hentry"],"acf":[],"yoast_head":"<!-- This site is optimized with the Yoast SEO plugin v24.8.1 - https:\/\/yoast.com\/wordpress\/plugins\/seo\/ -->\n<title>Pressure tanks for liquids and gases - Metal Zbiorniki<\/title>\n<meta name=\"description\" content=\"Produkujemy zbiorniki ci\u015bnieniowe zgodne z Dyrektyw\u0105 UE 97\/23\/WE. Podlegaj\u0105 one ocenie zgodno\u015bci przez wybran\u0105 jednostk\u0119 notyfikowan\u0105 wg. modu\u0142u &quot;G&quot; dyrektywy.We manufacture pressure tanks in accordance with EU Directive 97\/23\/EC. They are subject to examination of conformity by a selected notified body in accordance with module &quot;G&quot; of the Directive.Wir fertigen Drucktanks in \u00dcbereinstimmung mit der EU-Richtlinie 97\/23\/EG. Sie unterliegen einer Pr\u00fcfung der Vereinbarkeit durch eine ausgew\u00e4hlte benannte Stelle gem\u00e4\u00df Modul \u201eG\u201c der Richtlinie.\" \/>\n<meta name=\"robots\" content=\"index, follow, max-snippet:-1, max-image-preview:large, max-video-preview:-1\" \/>\n<link rel=\"canonical\" href=\"https:\/\/metal-zbiorniki.pl\/en\/oferta\/zbiorniki-cisnieniowe\/\" \/>\n<meta name=\"twitter:label1\" content=\"Est. reading time\" \/>\n\t<meta name=\"twitter:data1\" content=\"3 minutes\" \/>\n<script type=\"application\/ld+json\" class=\"yoast-schema-graph\">{\"@context\":\"https:\/\/schema.org\",\"@graph\":[{\"@type\":\"WebPage\",\"@id\":\"https:\/\/metal-zbiorniki.pl\/en\/oferta\/zbiorniki-cisnieniowe\/\",\"url\":\"https:\/\/metal-zbiorniki.pl\/en\/oferta\/zbiorniki-cisnieniowe\/\",\"name\":\"Pressure tanks for liquids and gases - Metal Zbiorniki\",\"isPartOf\":{\"@id\":\"https:\/\/metal-zbiorniki.pl\/en\/#website\"},\"primaryImageOfPage\":{\"@id\":\"https:\/\/metal-zbiorniki.pl\/en\/oferta\/zbiorniki-cisnieniowe\/#primaryimage\"},\"image\":{\"@id\":\"https:\/\/metal-zbiorniki.pl\/oferta\/zbiorniki-cisnieniowe\/#primaryimage\"},\"thumbnailUrl\":\"https:\/\/metal-zbiorniki.pl\/wp-content\/uploads\/2014\/06\/mini-7.jpeg\",\"datePublished\":\"2014-06-06T10:21:19+00:00\",\"dateModified\":\"2026-03-29T11:58:04+00:00\",\"description\":\"Produkujemy zbiorniki ci\u015bnieniowe zgodne z Dyrektyw\u0105 UE 97\/23\/WE. Podlegaj\u0105 one ocenie zgodno\u015bci przez wybran\u0105 jednostk\u0119 notyfikowan\u0105 wg. modu\u0142u \\\"G\\\" dyrektywy.We manufacture pressure tanks in accordance with EU Directive 97\/23\/EC. They are subject to examination of conformity by a selected notified body in accordance with module \\\"G\\\" of the Directive.Wir fertigen Drucktanks in \u00dcbereinstimmung mit der EU-Richtlinie 97\/23\/EG. Sie unterliegen einer Pr\u00fcfung der Vereinbarkeit durch eine ausgew\u00e4hlte benannte Stelle gem\u00e4\u00df Modul \u201eG\u201c der Richtlinie.\",\"breadcrumb\":{\"@id\":\"https:\/\/metal-zbiorniki.pl\/en\/oferta\/zbiorniki-cisnieniowe\/#breadcrumb\"},\"inLanguage\":\"en-US\",\"potentialAction\":[{\"@type\":\"ReadAction\",\"target\":[[\"https:\/\/metal-zbiorniki.pl\/en\/oferta\/zbiorniki-cisnieniowe\/\"]]}]},{\"@type\":\"ImageObject\",\"inLanguage\":\"en-US\",\"@id\":\"https:\/\/metal-zbiorniki.pl\/en\/oferta\/zbiorniki-cisnieniowe\/#primaryimage\",\"url\":\"https:\/\/metal-zbiorniki.pl\/wp-content\/uploads\/2014\/06\/mini-7.jpeg\",\"contentUrl\":\"https:\/\/metal-zbiorniki.pl\/wp-content\/uploads\/2014\/06\/mini-7.jpeg\",\"width\":1100,\"height\":696},{\"@type\":\"BreadcrumbList\",\"@id\":\"https:\/\/metal-zbiorniki.pl\/en\/oferta\/zbiorniki-cisnieniowe\/#breadcrumb\",\"itemListElement\":[{\"@type\":\"ListItem\",\"position\":1,\"name\":\"Home\",\"item\":\"https:\/\/metal-zbiorniki.pl\/en\/\"},{\"@type\":\"ListItem\",\"position\":2,\"name\":\"Oferta\",\"item\":\"https:\/\/metal-zbiorniki.pl\/en\/oferta\/\"},{\"@type\":\"ListItem\",\"position\":3,\"name\":\"Zbiorniki ci\u015bnieniowe do powietrza i gaz\u00f3w\"}]},{\"@type\":\"WebSite\",\"@id\":\"https:\/\/metal-zbiorniki.pl\/en\/#website\",\"url\":\"https:\/\/metal-zbiorniki.pl\/en\/\",\"name\":\"Metal Zbiorniki\",\"description\":\"Producent zbiornik\u00f3w stalowych\",\"potentialAction\":[{\"@type\":\"SearchAction\",\"target\":{\"@type\":\"EntryPoint\",\"urlTemplate\":\"https:\/\/metal-zbiorniki.pl\/en\/?s={search_term_string}\"},\"query-input\":{\"@type\":\"PropertyValueSpecification\",\"valueRequired\":true,\"valueName\":\"search_term_string\"}}],\"inLanguage\":\"en-US\"}]}<\/script>\n<!-- \/ Yoast SEO plugin. -->","yoast_head_json":{"title":"Pressure tanks for liquids and gases - Metal Zbiorniki","description":"Produkujemy zbiorniki ci\u015bnieniowe zgodne z Dyrektyw\u0105 UE 97\/23\/WE. Podlegaj\u0105 one ocenie zgodno\u015bci przez wybran\u0105 jednostk\u0119 notyfikowan\u0105 wg. modu\u0142u \"G\" dyrektywy.We manufacture pressure tanks in accordance with EU Directive 97\/23\/EC. They are subject to examination of conformity by a selected notified body in accordance with module \"G\" of the Directive.Wir fertigen Drucktanks in \u00dcbereinstimmung mit der EU-Richtlinie 97\/23\/EG. Sie unterliegen einer Pr\u00fcfung der Vereinbarkeit durch eine ausgew\u00e4hlte benannte Stelle gem\u00e4\u00df Modul \u201eG\u201c der Richtlinie.","robots":{"index":"index","follow":"follow","max-snippet":"max-snippet:-1","max-image-preview":"max-image-preview:large","max-video-preview":"max-video-preview:-1"},"canonical":"https:\/\/metal-zbiorniki.pl\/en\/oferta\/zbiorniki-cisnieniowe\/","twitter_misc":{"Est. reading time":"3 minutes"},"schema":{"@context":"https:\/\/schema.org","@graph":[{"@type":"WebPage","@id":"https:\/\/metal-zbiorniki.pl\/en\/oferta\/zbiorniki-cisnieniowe\/","url":"https:\/\/metal-zbiorniki.pl\/en\/oferta\/zbiorniki-cisnieniowe\/","name":"Pressure tanks for liquids and gases - Metal Zbiorniki","isPartOf":{"@id":"https:\/\/metal-zbiorniki.pl\/en\/#website"},"primaryImageOfPage":{"@id":"https:\/\/metal-zbiorniki.pl\/en\/oferta\/zbiorniki-cisnieniowe\/#primaryimage"},"image":{"@id":"https:\/\/metal-zbiorniki.pl\/oferta\/zbiorniki-cisnieniowe\/#primaryimage"},"thumbnailUrl":"https:\/\/metal-zbiorniki.pl\/wp-content\/uploads\/2014\/06\/mini-7.jpeg","datePublished":"2014-06-06T10:21:19+00:00","dateModified":"2026-03-29T11:58:04+00:00","description":"Produkujemy zbiorniki ci\u015bnieniowe zgodne z Dyrektyw\u0105 UE 97\/23\/WE. Podlegaj\u0105 one ocenie zgodno\u015bci przez wybran\u0105 jednostk\u0119 notyfikowan\u0105 wg. modu\u0142u \"G\" dyrektywy.We manufacture pressure tanks in accordance with EU Directive 97\/23\/EC. They are subject to examination of conformity by a selected notified body in accordance with module \"G\" of the Directive.Wir fertigen Drucktanks in \u00dcbereinstimmung mit der EU-Richtlinie 97\/23\/EG. Sie unterliegen einer Pr\u00fcfung der Vereinbarkeit durch eine ausgew\u00e4hlte benannte Stelle gem\u00e4\u00df Modul \u201eG\u201c der Richtlinie.","breadcrumb":{"@id":"https:\/\/metal-zbiorniki.pl\/en\/oferta\/zbiorniki-cisnieniowe\/#breadcrumb"},"inLanguage":"en-US","potentialAction":[{"@type":"ReadAction","target":[["https:\/\/metal-zbiorniki.pl\/en\/oferta\/zbiorniki-cisnieniowe\/"]]}]},{"@type":"ImageObject","inLanguage":"en-US","@id":"https:\/\/metal-zbiorniki.pl\/en\/oferta\/zbiorniki-cisnieniowe\/#primaryimage","url":"https:\/\/metal-zbiorniki.pl\/wp-content\/uploads\/2014\/06\/mini-7.jpeg","contentUrl":"https:\/\/metal-zbiorniki.pl\/wp-content\/uploads\/2014\/06\/mini-7.jpeg","width":1100,"height":696},{"@type":"BreadcrumbList","@id":"https:\/\/metal-zbiorniki.pl\/en\/oferta\/zbiorniki-cisnieniowe\/#breadcrumb","itemListElement":[{"@type":"ListItem","position":1,"name":"Home","item":"https:\/\/metal-zbiorniki.pl\/en\/"},{"@type":"ListItem","position":2,"name":"Oferta","item":"https:\/\/metal-zbiorniki.pl\/en\/oferta\/"},{"@type":"ListItem","position":3,"name":"Zbiorniki ci\u015bnieniowe do powietrza i gaz\u00f3w"}]},{"@type":"WebSite","@id":"https:\/\/metal-zbiorniki.pl\/en\/#website","url":"https:\/\/metal-zbiorniki.pl\/en\/","name":"Metal Zbiorniki","description":"Producent zbiornik\u00f3w stalowych","potentialAction":[{"@type":"SearchAction","target":{"@type":"EntryPoint","urlTemplate":"https:\/\/metal-zbiorniki.pl\/en\/?s={search_term_string}"},"query-input":{"@type":"PropertyValueSpecification","valueRequired":true,"valueName":"search_term_string"}}],"inLanguage":"en-US"}]}},"_links":{"self":[{"href":"https:\/\/metal-zbiorniki.pl\/en\/wp-json\/wp\/v2\/pages\/24","targetHints":{"allow":["GET"]}}],"collection":[{"href":"https:\/\/metal-zbiorniki.pl\/en\/wp-json\/wp\/v2\/pages"}],"about":[{"href":"https:\/\/metal-zbiorniki.pl\/en\/wp-json\/wp\/v2\/types\/page"}],"author":[{"embeddable":true,"href":"https:\/\/metal-zbiorniki.pl\/en\/wp-json\/wp\/v2\/users\/1"}],"replies":[{"embeddable":true,"href":"https:\/\/metal-zbiorniki.pl\/en\/wp-json\/wp\/v2\/comments?post=24"}],"version-history":[{"count":18,"href":"https:\/\/metal-zbiorniki.pl\/en\/wp-json\/wp\/v2\/pages\/24\/revisions"}],"predecessor-version":[{"id":872,"href":"https:\/\/metal-zbiorniki.pl\/en\/wp-json\/wp\/v2\/pages\/24\/revisions\/872"}],"up":[{"embeddable":true,"href":"https:\/\/metal-zbiorniki.pl\/en\/wp-json\/wp\/v2\/pages\/8"}],"wp:featuredmedia":[{"embeddable":true,"href":"https:\/\/metal-zbiorniki.pl\/en\/wp-json\/wp\/v2\/media\/60"}],"wp:attachment":[{"href":"https:\/\/metal-zbiorniki.pl\/en\/wp-json\/wp\/v2\/media?parent=24"}],"curies":[{"name":"wp","href":"https:\/\/api.w.org\/{rel}","templated":true}]}}