{"id":22,"date":"2014-06-06T12:20:30","date_gmt":"2014-06-06T10:20:30","guid":{"rendered":"https:\/\/metal-zbiorniki.pl\/?page_id=22"},"modified":"2026-03-29T13:37:50","modified_gmt":"2026-03-29T11:37:50","slug":"zbiorniki-nierdzewne","status":"publish","type":"page","link":"https:\/\/metal-zbiorniki.pl\/en\/oferta\/zbiorniki-nierdzewne\/","title":{"rendered":"Stainless steel tanks"},"content":{"rendered":"<p>We manufacture pressure and pressureless tanks made of stainless and acid-resistant steel, with capacities from 100 to 100,000 liters according to our own documentation or one provided by the customer. Steel grades from this product group most frequently used by us are: 1.4301\/1.4307 (304\/304L), 1.4541 (321), 1.4404 (316L) and 1.4571 (316Ti). The main type of steel used in the manufacturing process of tanks is sheet metal manufactured in accordance with the EN10088-2 and EN10028-7 standards. With regard to sheet thicknesses of up to 6 mm, we use cold-rolled sheets with 2B surface smoothness, foiled on one or both sides. For bigger thicknesses (8 mm and more) for manufacturing tanks we use hot-rolled sheets with a 1D surface.<\/p>\n<p>We make stainless steel tanks as pressure tanks (up to 20 bar), low-pressure tanks (up to 0.5 bar) and pressureless tanks. In this category tanks can be made as single-walled or double-walled and can be used for storing or heating water, other liquids or gases. Stainless steel tanks are often used for the storage of hazardous substances with acidic properties which are highly corrosive to carbon steel.<\/p>\n<p>The undeniable advantage of using stainless steel over carbon steel is its greater durability and resistance to most substances. Stainless steel tanks do not corrode in the normal way and will not give in most areas of application over many years. They do not corrode, do not break (like plastic tanks) and are maintenance-free. If you value the quiet, long-term operation of metal tanks, you should opt for stainless steel tanks from the group offered here.<\/p>\n<p style=\"text-align: center;\"><a href=\"https:\/\/metal-zbiorniki.pl\/wp-content\/uploads\/2014\/06\/pb242209.jpeg\">\u00a0<img loading=\"lazy\" decoding=\"async\" class=\"aligncenter size-medium wp-image-137\" src=\"https:\/\/metal-zbiorniki.pl\/wp-content\/uploads\/2014\/06\/pb242209-300x285.jpeg\" alt=\"OLYMPUS DIGITAL CAMERA\" width=\"300\" height=\"285\" srcset=\"https:\/\/metal-zbiorniki.pl\/wp-content\/uploads\/2014\/06\/pb242209-300x285.jpeg 300w, https:\/\/metal-zbiorniki.pl\/wp-content\/uploads\/2014\/06\/pb242209.jpeg 796w\" sizes=\"auto, (max-width: 300px) 100vw, 300px\" \/><\/a> <a href=\"https:\/\/metal-zbiorniki.pl\/wp-content\/uploads\/2014\/06\/p8315148.jpeg\"><img loading=\"lazy\" decoding=\"async\" class=\"aligncenter size-medium wp-image-138\" src=\"https:\/\/metal-zbiorniki.pl\/wp-content\/uploads\/2014\/06\/p8315148-300x181.jpeg\" alt=\"OLYMPUS DIGITAL CAMERA\" width=\"300\" height=\"181\" srcset=\"https:\/\/metal-zbiorniki.pl\/wp-content\/uploads\/2014\/06\/p8315148-300x181.jpeg 300w, https:\/\/metal-zbiorniki.pl\/wp-content\/uploads\/2014\/06\/p8315148-1024x619.jpeg 1024w, https:\/\/metal-zbiorniki.pl\/wp-content\/uploads\/2014\/06\/p8315148.jpeg 1100w\" sizes=\"auto, (max-width: 300px) 100vw, 300px\" \/><\/a><\/p>\n<p><\/p>","protected":false},"excerpt":{"rendered":"<p>Made of acid-resistant steel, pressure tanks and pressureless tanks with a capacity of 1000 to 100,000 liters.<\/p>\n","protected":false},"author":1,"featured_media":55,"parent":8,"menu_order":10,"comment_status":"open","ping_status":"open","template":"","meta":{"_acf_changed":false,"inline_featured_image":false,"footnotes":""},"class_list":["post-22","page","type-page","status-publish","has-post-thumbnail","hentry"],"acf":[],"yoast_head":"<!-- This site is optimized with the Yoast SEO plugin v24.8.1 - https:\/\/yoast.com\/wordpress\/plugins\/seo\/ -->\n<title>Stainless steel tanks - Metal Zbiorniki<\/title>\n<meta name=\"description\" content=\"Ze stali kwasoodpornych ci\u015bnieniowe i bezci\u015bnieniowe o pojemno\u015bciach od 1000 do 100000 litr\u00f3w.Made of acid-resistant steel, pressure tanks and pressureless tanks with a capacity of 1000 to 100,000 liters.Aus s\u00e4urebest\u00e4ndigem Stahl, Drucktanks und drucklose Tanks mit einem Fassungsverm\u00f6gen von 1000 bis 100.000 Litern.\" \/>\n<meta name=\"robots\" content=\"index, follow, max-snippet:-1, max-image-preview:large, max-video-preview:-1\" \/>\n<link rel=\"canonical\" href=\"https:\/\/metal-zbiorniki.pl\/en\/oferta\/zbiorniki-nierdzewne\/\" \/>\n<meta name=\"twitter:label1\" content=\"Est. reading time\" \/>\n\t<meta name=\"twitter:data1\" content=\"3 minutes\" \/>\n<script type=\"application\/ld+json\" class=\"yoast-schema-graph\">{\"@context\":\"https:\/\/schema.org\",\"@graph\":[{\"@type\":\"WebPage\",\"@id\":\"https:\/\/metal-zbiorniki.pl\/en\/oferta\/zbiorniki-nierdzewne\/\",\"url\":\"https:\/\/metal-zbiorniki.pl\/en\/oferta\/zbiorniki-nierdzewne\/\",\"name\":\"Stainless steel tanks - Metal Zbiorniki\",\"isPartOf\":{\"@id\":\"https:\/\/metal-zbiorniki.pl\/en\/#website\"},\"primaryImageOfPage\":{\"@id\":\"https:\/\/metal-zbiorniki.pl\/en\/oferta\/zbiorniki-nierdzewne\/#primaryimage\"},\"image\":{\"@id\":\"https:\/\/metal-zbiorniki.pl\/oferta\/zbiorniki-nierdzewne\/#primaryimage\"},\"thumbnailUrl\":\"https:\/\/metal-zbiorniki.pl\/wp-content\/uploads\/2014\/06\/mini-4.jpeg\",\"datePublished\":\"2014-06-06T10:20:30+00:00\",\"dateModified\":\"2026-03-29T11:37:50+00:00\",\"description\":\"Ze stali kwasoodpornych ci\u015bnieniowe i bezci\u015bnieniowe o pojemno\u015bciach od 1000 do 100000 litr\u00f3w.Made of acid-resistant steel, pressure tanks and pressureless tanks with a capacity of 1000 to 100,000 liters.Aus s\u00e4urebest\u00e4ndigem Stahl, Drucktanks und drucklose Tanks mit einem Fassungsverm\u00f6gen von 1000 bis 100.000 Litern.\",\"breadcrumb\":{\"@id\":\"https:\/\/metal-zbiorniki.pl\/en\/oferta\/zbiorniki-nierdzewne\/#breadcrumb\"},\"inLanguage\":\"en-US\",\"potentialAction\":[{\"@type\":\"ReadAction\",\"target\":[[\"https:\/\/metal-zbiorniki.pl\/en\/oferta\/zbiorniki-nierdzewne\/\"]]}]},{\"@type\":\"ImageObject\",\"inLanguage\":\"en-US\",\"@id\":\"https:\/\/metal-zbiorniki.pl\/en\/oferta\/zbiorniki-nierdzewne\/#primaryimage\",\"url\":\"https:\/\/metal-zbiorniki.pl\/wp-content\/uploads\/2014\/06\/mini-4.jpeg\",\"contentUrl\":\"https:\/\/metal-zbiorniki.pl\/wp-content\/uploads\/2014\/06\/mini-4.jpeg\",\"width\":796,\"height\":757},{\"@type\":\"BreadcrumbList\",\"@id\":\"https:\/\/metal-zbiorniki.pl\/en\/oferta\/zbiorniki-nierdzewne\/#breadcrumb\",\"itemListElement\":[{\"@type\":\"ListItem\",\"position\":1,\"name\":\"Home\",\"item\":\"https:\/\/metal-zbiorniki.pl\/en\/\"},{\"@type\":\"ListItem\",\"position\":2,\"name\":\"Oferta\",\"item\":\"https:\/\/metal-zbiorniki.pl\/en\/oferta\/\"},{\"@type\":\"ListItem\",\"position\":3,\"name\":\"Zbiorniki nierdzewne i kwasoodporne\"}]},{\"@type\":\"WebSite\",\"@id\":\"https:\/\/metal-zbiorniki.pl\/en\/#website\",\"url\":\"https:\/\/metal-zbiorniki.pl\/en\/\",\"name\":\"Metal Zbiorniki\",\"description\":\"Producent zbiornik\u00f3w stalowych\",\"potentialAction\":[{\"@type\":\"SearchAction\",\"target\":{\"@type\":\"EntryPoint\",\"urlTemplate\":\"https:\/\/metal-zbiorniki.pl\/en\/?s={search_term_string}\"},\"query-input\":{\"@type\":\"PropertyValueSpecification\",\"valueRequired\":true,\"valueName\":\"search_term_string\"}}],\"inLanguage\":\"en-US\"}]}<\/script>\n<!-- \/ Yoast SEO plugin. -->","yoast_head_json":{"title":"Stainless steel tanks - Metal Zbiorniki","description":"Ze stali kwasoodpornych ci\u015bnieniowe i bezci\u015bnieniowe o pojemno\u015bciach od 1000 do 100000 litr\u00f3w.Made of acid-resistant steel, pressure tanks and pressureless tanks with a capacity of 1000 to 100,000 liters.Aus s\u00e4urebest\u00e4ndigem Stahl, Drucktanks und drucklose Tanks mit einem Fassungsverm\u00f6gen von 1000 bis 100.000 Litern.","robots":{"index":"index","follow":"follow","max-snippet":"max-snippet:-1","max-image-preview":"max-image-preview:large","max-video-preview":"max-video-preview:-1"},"canonical":"https:\/\/metal-zbiorniki.pl\/en\/oferta\/zbiorniki-nierdzewne\/","twitter_misc":{"Est. reading time":"3 minutes"},"schema":{"@context":"https:\/\/schema.org","@graph":[{"@type":"WebPage","@id":"https:\/\/metal-zbiorniki.pl\/en\/oferta\/zbiorniki-nierdzewne\/","url":"https:\/\/metal-zbiorniki.pl\/en\/oferta\/zbiorniki-nierdzewne\/","name":"Stainless steel tanks - Metal Zbiorniki","isPartOf":{"@id":"https:\/\/metal-zbiorniki.pl\/en\/#website"},"primaryImageOfPage":{"@id":"https:\/\/metal-zbiorniki.pl\/en\/oferta\/zbiorniki-nierdzewne\/#primaryimage"},"image":{"@id":"https:\/\/metal-zbiorniki.pl\/oferta\/zbiorniki-nierdzewne\/#primaryimage"},"thumbnailUrl":"https:\/\/metal-zbiorniki.pl\/wp-content\/uploads\/2014\/06\/mini-4.jpeg","datePublished":"2014-06-06T10:20:30+00:00","dateModified":"2026-03-29T11:37:50+00:00","description":"Ze stali kwasoodpornych ci\u015bnieniowe i bezci\u015bnieniowe o pojemno\u015bciach od 1000 do 100000 litr\u00f3w.Made of acid-resistant steel, pressure tanks and pressureless tanks with a capacity of 1000 to 100,000 liters.Aus s\u00e4urebest\u00e4ndigem Stahl, Drucktanks und drucklose Tanks mit einem Fassungsverm\u00f6gen von 1000 bis 100.000 Litern.","breadcrumb":{"@id":"https:\/\/metal-zbiorniki.pl\/en\/oferta\/zbiorniki-nierdzewne\/#breadcrumb"},"inLanguage":"en-US","potentialAction":[{"@type":"ReadAction","target":[["https:\/\/metal-zbiorniki.pl\/en\/oferta\/zbiorniki-nierdzewne\/"]]}]},{"@type":"ImageObject","inLanguage":"en-US","@id":"https:\/\/metal-zbiorniki.pl\/en\/oferta\/zbiorniki-nierdzewne\/#primaryimage","url":"https:\/\/metal-zbiorniki.pl\/wp-content\/uploads\/2014\/06\/mini-4.jpeg","contentUrl":"https:\/\/metal-zbiorniki.pl\/wp-content\/uploads\/2014\/06\/mini-4.jpeg","width":796,"height":757},{"@type":"BreadcrumbList","@id":"https:\/\/metal-zbiorniki.pl\/en\/oferta\/zbiorniki-nierdzewne\/#breadcrumb","itemListElement":[{"@type":"ListItem","position":1,"name":"Home","item":"https:\/\/metal-zbiorniki.pl\/en\/"},{"@type":"ListItem","position":2,"name":"Oferta","item":"https:\/\/metal-zbiorniki.pl\/en\/oferta\/"},{"@type":"ListItem","position":3,"name":"Zbiorniki nierdzewne i kwasoodporne"}]},{"@type":"WebSite","@id":"https:\/\/metal-zbiorniki.pl\/en\/#website","url":"https:\/\/metal-zbiorniki.pl\/en\/","name":"Metal Zbiorniki","description":"Producent zbiornik\u00f3w stalowych","potentialAction":[{"@type":"SearchAction","target":{"@type":"EntryPoint","urlTemplate":"https:\/\/metal-zbiorniki.pl\/en\/?s={search_term_string}"},"query-input":{"@type":"PropertyValueSpecification","valueRequired":true,"valueName":"search_term_string"}}],"inLanguage":"en-US"}]}},"_links":{"self":[{"href":"https:\/\/metal-zbiorniki.pl\/en\/wp-json\/wp\/v2\/pages\/22","targetHints":{"allow":["GET"]}}],"collection":[{"href":"https:\/\/metal-zbiorniki.pl\/en\/wp-json\/wp\/v2\/pages"}],"about":[{"href":"https:\/\/metal-zbiorniki.pl\/en\/wp-json\/wp\/v2\/types\/page"}],"author":[{"embeddable":true,"href":"https:\/\/metal-zbiorniki.pl\/en\/wp-json\/wp\/v2\/users\/1"}],"replies":[{"embeddable":true,"href":"https:\/\/metal-zbiorniki.pl\/en\/wp-json\/wp\/v2\/comments?post=22"}],"version-history":[{"count":16,"href":"https:\/\/metal-zbiorniki.pl\/en\/wp-json\/wp\/v2\/pages\/22\/revisions"}],"predecessor-version":[{"id":868,"href":"https:\/\/metal-zbiorniki.pl\/en\/wp-json\/wp\/v2\/pages\/22\/revisions\/868"}],"up":[{"embeddable":true,"href":"https:\/\/metal-zbiorniki.pl\/en\/wp-json\/wp\/v2\/pages\/8"}],"wp:featuredmedia":[{"embeddable":true,"href":"https:\/\/metal-zbiorniki.pl\/en\/wp-json\/wp\/v2\/media\/55"}],"wp:attachment":[{"href":"https:\/\/metal-zbiorniki.pl\/en\/wp-json\/wp\/v2\/media?parent=22"}],"curies":[{"name":"wp","href":"https:\/\/api.w.org\/{rel}","templated":true}]}}