{"id":204,"date":"2014-06-08T12:14:41","date_gmt":"2014-06-08T10:14:41","guid":{"rendered":"https:\/\/metal-zbiorniki.pl\/?page_id=204"},"modified":"2025-11-11T11:28:37","modified_gmt":"2025-11-11T10:28:37","slug":"o-firmie-i-certyfikaty","status":"publish","type":"page","link":"https:\/\/metal-zbiorniki.pl\/en\/o-firmie-i-certyfikaty\/","title":{"rendered":"About us"},"content":{"rendered":"<p><a href=\"https:\/\/metal-zbiorniki.pl\/wp-content\/uploads\/2014\/06\/7.jpg\"><img loading=\"lazy\" decoding=\"async\" class=\"alignright wp-image-309\" src=\"https:\/\/metal-zbiorniki.pl\/wp-content\/uploads\/2014\/06\/7.jpg\" alt=\"OLYMPUS DIGITAL CAMERA\" width=\"364\" height=\"226\" srcset=\"https:\/\/metal-zbiorniki.pl\/wp-content\/uploads\/2014\/06\/7.jpg 700w, https:\/\/metal-zbiorniki.pl\/wp-content\/uploads\/2014\/06\/7-300x186.jpg 300w\" sizes=\"auto, (max-width: 364px) 100vw, 364px\" \/><\/a>We specialize in manufacturing of steel tanks. We manufacture metal tanks with a capacity of 600 to 100,000 liters. The only limit in the size of produced steel tanks is the logistical options of their transport to the installation site. We manufacture most tanks according to our own design, others based on the documentation entrusted to us by the customer. Our experience in manufacturing tanks, cisterns, containers and steel constructions spans more than 30 years. We manufacture our tanks from carbon and stainless steel. We protect carbon steel tanks from corrosion by applying special epoxy resin and polyurethane coatings as well as resins and similar substances. The equipment, devices and apparatus that we have at our disposal enable us to process customer orders in the metal industry independently. As a manufacturer of tanks, we approach each customer and all types of needs individually. Sincerity and reliability are the guiding principles for our work.We ensure high quality and durability of our products. We like to take on new challenges and explore areas that have not been known well so far.<\/p>\n<h3><strong>Our certificates<\/strong><\/h3>\n<p>We have a permit issued by the technical supervisory authority to manufacture, modernize and repair pressureless and low pressure tanks, which are intended for the storage of flammable, toxic or acidic substances. Our team of savvy professionals has the necessary permits, certificates and expertise to manufacture pressure vessels in accordance with Directive 2014\/68\/EU of the European Parliament and of the Council as well as other specialized equipment and devices.<\/p>\n<p class=\"aligncenter\"><a href=\"https:\/\/metal-zbiorniki.pl\/wp-content\/uploads\/2014\/06\/4.jpeg\"><img loading=\"lazy\" decoding=\"async\" class=\"aligncenter size-medium wp-image-213\" src=\"https:\/\/metal-zbiorniki.pl\/wp-content\/uploads\/2014\/06\/4-216x300.jpeg\" alt=\"4\" width=\"216\" height=\"300\" srcset=\"https:\/\/metal-zbiorniki.pl\/wp-content\/uploads\/2014\/06\/4-216x300.jpeg 216w, https:\/\/metal-zbiorniki.pl\/wp-content\/uploads\/2014\/06\/4-739x1024.jpeg 739w, https:\/\/metal-zbiorniki.pl\/wp-content\/uploads\/2014\/06\/4.jpeg 900w\" sizes=\"auto, (max-width: 216px) 100vw, 216px\" \/><\/a> <a href=\"https:\/\/metal-zbiorniki.pl\/wp-content\/uploads\/2014\/06\/5.jpeg\"><img loading=\"lazy\" decoding=\"async\" class=\"aligncenter size-medium wp-image-214\" src=\"https:\/\/metal-zbiorniki.pl\/wp-content\/uploads\/2014\/06\/5-216x300.jpeg\" alt=\"5\" width=\"216\" height=\"300\" srcset=\"https:\/\/metal-zbiorniki.pl\/wp-content\/uploads\/2014\/06\/5-216x300.jpeg 216w, https:\/\/metal-zbiorniki.pl\/wp-content\/uploads\/2014\/06\/5-739x1024.jpeg 739w, https:\/\/metal-zbiorniki.pl\/wp-content\/uploads\/2014\/06\/5.jpeg 900w\" sizes=\"auto, (max-width: 216px) 100vw, 216px\" \/><\/a> <a href=\"https:\/\/metal-zbiorniki.pl\/wp-content\/uploads\/2014\/06\/6.jpeg\"><img loading=\"lazy\" decoding=\"async\" class=\"aligncenter size-medium wp-image-215\" src=\"https:\/\/metal-zbiorniki.pl\/wp-content\/uploads\/2014\/06\/6-216x300.jpeg\" alt=\"6\" width=\"216\" height=\"300\" srcset=\"https:\/\/metal-zbiorniki.pl\/wp-content\/uploads\/2014\/06\/6-216x300.jpeg 216w, https:\/\/metal-zbiorniki.pl\/wp-content\/uploads\/2014\/06\/6-739x1024.jpeg 739w, https:\/\/metal-zbiorniki.pl\/wp-content\/uploads\/2014\/06\/6.jpeg 900w\" sizes=\"auto, (max-width: 216px) 100vw, 216px\" \/><\/a> <a href=\"https:\/\/metal-zbiorniki.pl\/wp-content\/uploads\/2014\/06\/3.jpeg\"><img loading=\"lazy\" decoding=\"async\" class=\"aligncenter size-medium wp-image-216\" src=\"https:\/\/metal-zbiorniki.pl\/wp-content\/uploads\/2014\/06\/3-216x300.jpeg\" alt=\"3\" width=\"216\" height=\"300\" srcset=\"https:\/\/metal-zbiorniki.pl\/wp-content\/uploads\/2014\/06\/3-216x300.jpeg 216w, https:\/\/metal-zbiorniki.pl\/wp-content\/uploads\/2014\/06\/3-739x1024.jpeg 739w, https:\/\/metal-zbiorniki.pl\/wp-content\/uploads\/2014\/06\/3.jpeg 900w\" sizes=\"auto, (max-width: 216px) 100vw, 216px\" \/><\/a> <a href=\"https:\/\/metal-zbiorniki.pl\/wp-content\/uploads\/2014\/06\/2.jpeg\"><img loading=\"lazy\" decoding=\"async\" class=\"aligncenter size-medium wp-image-217\" src=\"https:\/\/metal-zbiorniki.pl\/wp-content\/uploads\/2014\/06\/2-216x300.jpeg\" alt=\"2\" width=\"216\" height=\"300\" srcset=\"https:\/\/metal-zbiorniki.pl\/wp-content\/uploads\/2014\/06\/2-216x300.jpeg 216w, https:\/\/metal-zbiorniki.pl\/wp-content\/uploads\/2014\/06\/2-739x1024.jpeg 739w, https:\/\/metal-zbiorniki.pl\/wp-content\/uploads\/2014\/06\/2.jpeg 900w\" sizes=\"auto, (max-width: 216px) 100vw, 216px\" \/><\/a> <a href=\"https:\/\/metal-zbiorniki.pl\/wp-content\/uploads\/2014\/06\/1.jpeg\"><img loading=\"lazy\" decoding=\"async\" class=\"aligncenter size-medium wp-image-218\" src=\"https:\/\/metal-zbiorniki.pl\/wp-content\/uploads\/2014\/06\/1-216x300.jpeg\" alt=\"1\" width=\"216\" height=\"300\" srcset=\"https:\/\/metal-zbiorniki.pl\/wp-content\/uploads\/2014\/06\/1-216x300.jpeg 216w, https:\/\/metal-zbiorniki.pl\/wp-content\/uploads\/2014\/06\/1-739x1024.jpeg 739w, https:\/\/metal-zbiorniki.pl\/wp-content\/uploads\/2014\/06\/1.jpeg 900w\" sizes=\"auto, (max-width: 216px) 100vw, 216px\" \/><\/a><\/p>\n<p><\/p>","protected":false},"excerpt":{"rendered":"<p>We specialize in manufacturing of steel tanks. We manufacture metal tanks with a capacity of 600 to 100,000 liters. The only limit in the size of produced steel tanks is the logistical options of their transport to the installation site. We manufacture most tanks according to our own design, others based on the documentation entrusted [&hellip;]<\/p>\n","protected":false},"author":1,"featured_media":0,"parent":0,"menu_order":0,"comment_status":"closed","ping_status":"closed","template":"","meta":{"_acf_changed":false,"inline_featured_image":false,"footnotes":""},"class_list":["post-204","page","type-page","status-publish","hentry"],"acf":[],"yoast_head":"<!-- This site is optimized with the Yoast SEO plugin v24.8.1 - https:\/\/yoast.com\/wordpress\/plugins\/seo\/ -->\n<title>About us - Metal Zbiorniki<\/title>\n<meta name=\"description\" content=\"W Metal Zbiorniki specjalizujemy si\u0119 w projektowaniu, produkcji i dostawie wyspecjalizowanych zbiornik\u00f3w, urz\u0105dze\u0144 i konstrukcji ze stali nierdzewnych i\" \/>\n<meta name=\"robots\" content=\"index, follow, max-snippet:-1, max-image-preview:large, max-video-preview:-1\" \/>\n<link rel=\"canonical\" href=\"https:\/\/metal-zbiorniki.pl\/en\/o-firmie-i-certyfikaty\/\" \/>\n<meta name=\"twitter:label1\" content=\"Est. reading time\" \/>\n\t<meta name=\"twitter:data1\" content=\"4 minutes\" \/>\n<script type=\"application\/ld+json\" class=\"yoast-schema-graph\">{\"@context\":\"https:\/\/schema.org\",\"@graph\":[{\"@type\":\"WebPage\",\"@id\":\"https:\/\/metal-zbiorniki.pl\/en\/o-firmie-i-certyfikaty\/\",\"url\":\"https:\/\/metal-zbiorniki.pl\/en\/o-firmie-i-certyfikaty\/\",\"name\":\"About us - Metal Zbiorniki\",\"isPartOf\":{\"@id\":\"https:\/\/metal-zbiorniki.pl\/en\/#website\"},\"primaryImageOfPage\":{\"@id\":\"https:\/\/metal-zbiorniki.pl\/en\/o-firmie-i-certyfikaty\/#primaryimage\"},\"image\":{\"@id\":\"https:\/\/metal-zbiorniki.pl\/o-firmie-i-certyfikaty\/#primaryimage\"},\"thumbnailUrl\":\"https:\/\/metal-zbiorniki.pl\/wp-content\/uploads\/2014\/06\/7.jpg\",\"datePublished\":\"2014-06-08T10:14:41+00:00\",\"dateModified\":\"2025-11-11T10:28:37+00:00\",\"description\":\"W Metal Zbiorniki specjalizujemy si\u0119 w projektowaniu, produkcji i dostawie wyspecjalizowanych zbiornik\u00f3w, urz\u0105dze\u0144 i konstrukcji ze stali nierdzewnych i\",\"breadcrumb\":{\"@id\":\"https:\/\/metal-zbiorniki.pl\/en\/o-firmie-i-certyfikaty\/#breadcrumb\"},\"inLanguage\":\"en-US\",\"potentialAction\":[{\"@type\":\"ReadAction\",\"target\":[[\"https:\/\/metal-zbiorniki.pl\/en\/o-firmie-i-certyfikaty\/\"]]}]},{\"@type\":\"ImageObject\",\"inLanguage\":\"en-US\",\"@id\":\"https:\/\/metal-zbiorniki.pl\/en\/o-firmie-i-certyfikaty\/#primaryimage\",\"url\":\"https:\/\/metal-zbiorniki.pl\/wp-content\/uploads\/2014\/06\/7.jpg\",\"contentUrl\":\"https:\/\/metal-zbiorniki.pl\/wp-content\/uploads\/2014\/06\/7.jpg\"},{\"@type\":\"BreadcrumbList\",\"@id\":\"https:\/\/metal-zbiorniki.pl\/en\/o-firmie-i-certyfikaty\/#breadcrumb\",\"itemListElement\":[{\"@type\":\"ListItem\",\"position\":1,\"name\":\"Home\",\"item\":\"https:\/\/metal-zbiorniki.pl\/en\/\"},{\"@type\":\"ListItem\",\"position\":2,\"name\":\"O firmie Metal Zbiorniki\"}]},{\"@type\":\"WebSite\",\"@id\":\"https:\/\/metal-zbiorniki.pl\/en\/#website\",\"url\":\"https:\/\/metal-zbiorniki.pl\/en\/\",\"name\":\"Metal Zbiorniki\",\"description\":\"Producent zbiornik\u00f3w stalowych\",\"potentialAction\":[{\"@type\":\"SearchAction\",\"target\":{\"@type\":\"EntryPoint\",\"urlTemplate\":\"https:\/\/metal-zbiorniki.pl\/en\/?s={search_term_string}\"},\"query-input\":{\"@type\":\"PropertyValueSpecification\",\"valueRequired\":true,\"valueName\":\"search_term_string\"}}],\"inLanguage\":\"en-US\"}]}<\/script>\n<!-- \/ Yoast SEO plugin. -->","yoast_head_json":{"title":"About us - Metal Zbiorniki","description":"W Metal Zbiorniki specjalizujemy si\u0119 w projektowaniu, produkcji i dostawie wyspecjalizowanych zbiornik\u00f3w, urz\u0105dze\u0144 i konstrukcji ze stali nierdzewnych i","robots":{"index":"index","follow":"follow","max-snippet":"max-snippet:-1","max-image-preview":"max-image-preview:large","max-video-preview":"max-video-preview:-1"},"canonical":"https:\/\/metal-zbiorniki.pl\/en\/o-firmie-i-certyfikaty\/","twitter_misc":{"Est. reading time":"4 minutes"},"schema":{"@context":"https:\/\/schema.org","@graph":[{"@type":"WebPage","@id":"https:\/\/metal-zbiorniki.pl\/en\/o-firmie-i-certyfikaty\/","url":"https:\/\/metal-zbiorniki.pl\/en\/o-firmie-i-certyfikaty\/","name":"About us - Metal Zbiorniki","isPartOf":{"@id":"https:\/\/metal-zbiorniki.pl\/en\/#website"},"primaryImageOfPage":{"@id":"https:\/\/metal-zbiorniki.pl\/en\/o-firmie-i-certyfikaty\/#primaryimage"},"image":{"@id":"https:\/\/metal-zbiorniki.pl\/o-firmie-i-certyfikaty\/#primaryimage"},"thumbnailUrl":"https:\/\/metal-zbiorniki.pl\/wp-content\/uploads\/2014\/06\/7.jpg","datePublished":"2014-06-08T10:14:41+00:00","dateModified":"2025-11-11T10:28:37+00:00","description":"W Metal Zbiorniki specjalizujemy si\u0119 w projektowaniu, produkcji i dostawie wyspecjalizowanych zbiornik\u00f3w, urz\u0105dze\u0144 i konstrukcji ze stali nierdzewnych i","breadcrumb":{"@id":"https:\/\/metal-zbiorniki.pl\/en\/o-firmie-i-certyfikaty\/#breadcrumb"},"inLanguage":"en-US","potentialAction":[{"@type":"ReadAction","target":[["https:\/\/metal-zbiorniki.pl\/en\/o-firmie-i-certyfikaty\/"]]}]},{"@type":"ImageObject","inLanguage":"en-US","@id":"https:\/\/metal-zbiorniki.pl\/en\/o-firmie-i-certyfikaty\/#primaryimage","url":"https:\/\/metal-zbiorniki.pl\/wp-content\/uploads\/2014\/06\/7.jpg","contentUrl":"https:\/\/metal-zbiorniki.pl\/wp-content\/uploads\/2014\/06\/7.jpg"},{"@type":"BreadcrumbList","@id":"https:\/\/metal-zbiorniki.pl\/en\/o-firmie-i-certyfikaty\/#breadcrumb","itemListElement":[{"@type":"ListItem","position":1,"name":"Home","item":"https:\/\/metal-zbiorniki.pl\/en\/"},{"@type":"ListItem","position":2,"name":"O firmie Metal Zbiorniki"}]},{"@type":"WebSite","@id":"https:\/\/metal-zbiorniki.pl\/en\/#website","url":"https:\/\/metal-zbiorniki.pl\/en\/","name":"Metal Zbiorniki","description":"Producent zbiornik\u00f3w stalowych","potentialAction":[{"@type":"SearchAction","target":{"@type":"EntryPoint","urlTemplate":"https:\/\/metal-zbiorniki.pl\/en\/?s={search_term_string}"},"query-input":{"@type":"PropertyValueSpecification","valueRequired":true,"valueName":"search_term_string"}}],"inLanguage":"en-US"}]}},"_links":{"self":[{"href":"https:\/\/metal-zbiorniki.pl\/en\/wp-json\/wp\/v2\/pages\/204","targetHints":{"allow":["GET"]}}],"collection":[{"href":"https:\/\/metal-zbiorniki.pl\/en\/wp-json\/wp\/v2\/pages"}],"about":[{"href":"https:\/\/metal-zbiorniki.pl\/en\/wp-json\/wp\/v2\/types\/page"}],"author":[{"embeddable":true,"href":"https:\/\/metal-zbiorniki.pl\/en\/wp-json\/wp\/v2\/users\/1"}],"replies":[{"embeddable":true,"href":"https:\/\/metal-zbiorniki.pl\/en\/wp-json\/wp\/v2\/comments?post=204"}],"version-history":[{"count":35,"href":"https:\/\/metal-zbiorniki.pl\/en\/wp-json\/wp\/v2\/pages\/204\/revisions"}],"predecessor-version":[{"id":706,"href":"https:\/\/metal-zbiorniki.pl\/en\/wp-json\/wp\/v2\/pages\/204\/revisions\/706"}],"wp:attachment":[{"href":"https:\/\/metal-zbiorniki.pl\/en\/wp-json\/wp\/v2\/media?parent=204"}],"curies":[{"name":"wp","href":"https:\/\/api.w.org\/{rel}","templated":true}]}}