{"id":8,"date":"2014-06-06T12:10:14","date_gmt":"2014-06-06T10:10:14","guid":{"rendered":"https:\/\/metal-zbiorniki.pl\/?page_id=8"},"modified":"2026-03-29T13:46:00","modified_gmt":"2026-03-29T11:46:00","slug":"oferta","status":"publish","type":"page","link":"https:\/\/metal-zbiorniki.pl\/de\/oferta\/","title":{"rendered":"Unser Angebot"},"content":{"rendered":"<p><\/p>\n<p style=\"color: #000000;\">In unserem Angebot finden Sie: Puffertanks, W\u00e4rmespeicher (Warmwasserspeicher), Warmwasserheizungen (W\u00e4rmetauscher), Trink- und Regenwassertanks, Feuerl\u00f6sch- und Wasserversorgungstanks. Wir stellen oberirdische und Erdtanks, ein- und doppelwandige Tanks, die f\u00fcr Gefahrenstoffe ausgelegt sind, her.<\/p>\n<p>Insbesondere haben wir auf die Fertigung von unterirdischen Trinkwassertanks, doppelwandigen Heiz\u00f6ltanks, Tanks f\u00fcr giftige oder \u00e4tzende Substanzen sowie Warmwasserspeichern und Warmwasserheizungen mit einem Fassungsverm\u00f6gen von mehr als 1500 Litern spezialisiert.<\/p>","protected":false},"excerpt":{"rendered":"<p>In unserem Angebot finden Sie: Puffertanks, W\u00e4rmespeicher (Warmwasserspeicher), Warmwasserheizungen (W\u00e4rmetauscher), Trink- und Regenwassertanks, Feuerl\u00f6sch- und Wasserversorgungstanks. Wir stellen oberirdische und Erdtanks, ein- und doppelwandige Tanks, die f\u00fcr Gefahrenstoffe ausgelegt sind, her. Insbesondere haben wir auf die Fertigung von unterirdischen Trinkwassertanks, doppelwandigen Heiz\u00f6ltanks, Tanks f\u00fcr giftige oder \u00e4tzende Substanzen sowie Warmwasserspeichern und Warmwasserheizungen mit einem Fassungsverm\u00f6gen [&hellip;]<\/p>\n","protected":false},"author":1,"featured_media":0,"parent":0,"menu_order":0,"comment_status":"open","ping_status":"open","template":"","meta":{"_acf_changed":false,"inline_featured_image":false,"footnotes":""},"class_list":["post-8","page","type-page","status-publish","hentry"],"acf":[],"yoast_head":"<!-- This site is optimized with the Yoast SEO plugin v24.8.1 - https:\/\/yoast.com\/wordpress\/plugins\/seo\/ -->\n<title>Unser Angebot - Metal Zbiorniki<\/title>\n<meta name=\"description\" content=\"W naszej ofercie znajd\u0105 Pa\u0144stwo ca\u0142\u0105 gam\u0119 r\u00f3\u017cnych zbiornik\u00f3w stalowych jak zbiorniki ze stali nierdzewnych, zbiorniki dwup\u0142aszczowe do oleju opa\u0142owego,\" \/>\n<meta name=\"robots\" content=\"index, follow, max-snippet:-1, max-image-preview:large, max-video-preview:-1\" \/>\n<link rel=\"canonical\" href=\"https:\/\/metal-zbiorniki.pl\/de\/oferta\/\" \/>\n<meta name=\"twitter:label1\" content=\"Gesch\u00e4tzte Lesezeit\" \/>\n\t<meta name=\"twitter:data1\" content=\"2\u00a0Minuten\" \/>\n<script type=\"application\/ld+json\" class=\"yoast-schema-graph\">{\"@context\":\"https:\/\/schema.org\",\"@graph\":[{\"@type\":\"WebPage\",\"@id\":\"https:\/\/metal-zbiorniki.pl\/de\/oferta\/\",\"url\":\"https:\/\/metal-zbiorniki.pl\/de\/oferta\/\",\"name\":\"Unser Angebot - Metal Zbiorniki\",\"isPartOf\":{\"@id\":\"https:\/\/metal-zbiorniki.pl\/de\/#website\"},\"primaryImageOfPage\":{\"@id\":\"https:\/\/metal-zbiorniki.pl\/de\/oferta\/#primaryimage\"},\"image\":{\"@id\":\"https:\/\/metal-zbiorniki.pl\/oferta\/#primaryimage\"},\"thumbnailUrl\":\"https:\/\/metal-zbiorniki.pl\/wp-content\/uploads\/2026\/03\/IMG_20241120_155512-300x225.jpg\",\"datePublished\":\"2014-06-06T10:10:14+00:00\",\"dateModified\":\"2026-03-29T11:46:00+00:00\",\"description\":\"W naszej ofercie znajd\u0105 Pa\u0144stwo ca\u0142\u0105 gam\u0119 r\u00f3\u017cnych zbiornik\u00f3w stalowych jak zbiorniki ze stali nierdzewnych, zbiorniki dwup\u0142aszczowe do oleju opa\u0142owego,\",\"breadcrumb\":{\"@id\":\"https:\/\/metal-zbiorniki.pl\/de\/oferta\/#breadcrumb\"},\"inLanguage\":\"de\",\"potentialAction\":[{\"@type\":\"ReadAction\",\"target\":[[\"https:\/\/metal-zbiorniki.pl\/de\/oferta\/\"]]}]},{\"@type\":\"ImageObject\",\"inLanguage\":\"de\",\"@id\":\"https:\/\/metal-zbiorniki.pl\/de\/oferta\/#primaryimage\",\"url\":\"https:\/\/metal-zbiorniki.pl\/wp-content\/uploads\/2026\/03\/IMG_20241120_155512-300x225.jpg\",\"contentUrl\":\"https:\/\/metal-zbiorniki.pl\/wp-content\/uploads\/2026\/03\/IMG_20241120_155512-300x225.jpg\"},{\"@type\":\"BreadcrumbList\",\"@id\":\"https:\/\/metal-zbiorniki.pl\/de\/oferta\/#breadcrumb\",\"itemListElement\":[{\"@type\":\"ListItem\",\"position\":1,\"name\":\"Home\",\"item\":\"https:\/\/metal-zbiorniki.pl\/de\/\"},{\"@type\":\"ListItem\",\"position\":2,\"name\":\"Oferta\"}]},{\"@type\":\"WebSite\",\"@id\":\"https:\/\/metal-zbiorniki.pl\/de\/#website\",\"url\":\"https:\/\/metal-zbiorniki.pl\/de\/\",\"name\":\"Metal Zbiorniki\",\"description\":\"Producent zbiornik\u00f3w stalowych\",\"potentialAction\":[{\"@type\":\"SearchAction\",\"target\":{\"@type\":\"EntryPoint\",\"urlTemplate\":\"https:\/\/metal-zbiorniki.pl\/de\/?s={search_term_string}\"},\"query-input\":{\"@type\":\"PropertyValueSpecification\",\"valueRequired\":true,\"valueName\":\"search_term_string\"}}],\"inLanguage\":\"de\"}]}<\/script>\n<!-- \/ Yoast SEO plugin. -->","yoast_head_json":{"title":"Unser Angebot - Metal Zbiorniki","description":"W naszej ofercie znajd\u0105 Pa\u0144stwo ca\u0142\u0105 gam\u0119 r\u00f3\u017cnych zbiornik\u00f3w stalowych jak zbiorniki ze stali nierdzewnych, zbiorniki dwup\u0142aszczowe do oleju opa\u0142owego,","robots":{"index":"index","follow":"follow","max-snippet":"max-snippet:-1","max-image-preview":"max-image-preview:large","max-video-preview":"max-video-preview:-1"},"canonical":"https:\/\/metal-zbiorniki.pl\/de\/oferta\/","twitter_misc":{"Gesch\u00e4tzte Lesezeit":"2\u00a0Minuten"},"schema":{"@context":"https:\/\/schema.org","@graph":[{"@type":"WebPage","@id":"https:\/\/metal-zbiorniki.pl\/de\/oferta\/","url":"https:\/\/metal-zbiorniki.pl\/de\/oferta\/","name":"Unser Angebot - Metal Zbiorniki","isPartOf":{"@id":"https:\/\/metal-zbiorniki.pl\/de\/#website"},"primaryImageOfPage":{"@id":"https:\/\/metal-zbiorniki.pl\/de\/oferta\/#primaryimage"},"image":{"@id":"https:\/\/metal-zbiorniki.pl\/oferta\/#primaryimage"},"thumbnailUrl":"https:\/\/metal-zbiorniki.pl\/wp-content\/uploads\/2026\/03\/IMG_20241120_155512-300x225.jpg","datePublished":"2014-06-06T10:10:14+00:00","dateModified":"2026-03-29T11:46:00+00:00","description":"W naszej ofercie znajd\u0105 Pa\u0144stwo ca\u0142\u0105 gam\u0119 r\u00f3\u017cnych zbiornik\u00f3w stalowych jak zbiorniki ze stali nierdzewnych, zbiorniki dwup\u0142aszczowe do oleju opa\u0142owego,","breadcrumb":{"@id":"https:\/\/metal-zbiorniki.pl\/de\/oferta\/#breadcrumb"},"inLanguage":"de","potentialAction":[{"@type":"ReadAction","target":[["https:\/\/metal-zbiorniki.pl\/de\/oferta\/"]]}]},{"@type":"ImageObject","inLanguage":"de","@id":"https:\/\/metal-zbiorniki.pl\/de\/oferta\/#primaryimage","url":"https:\/\/metal-zbiorniki.pl\/wp-content\/uploads\/2026\/03\/IMG_20241120_155512-300x225.jpg","contentUrl":"https:\/\/metal-zbiorniki.pl\/wp-content\/uploads\/2026\/03\/IMG_20241120_155512-300x225.jpg"},{"@type":"BreadcrumbList","@id":"https:\/\/metal-zbiorniki.pl\/de\/oferta\/#breadcrumb","itemListElement":[{"@type":"ListItem","position":1,"name":"Home","item":"https:\/\/metal-zbiorniki.pl\/de\/"},{"@type":"ListItem","position":2,"name":"Oferta"}]},{"@type":"WebSite","@id":"https:\/\/metal-zbiorniki.pl\/de\/#website","url":"https:\/\/metal-zbiorniki.pl\/de\/","name":"Metal Zbiorniki","description":"Producent zbiornik\u00f3w stalowych","potentialAction":[{"@type":"SearchAction","target":{"@type":"EntryPoint","urlTemplate":"https:\/\/metal-zbiorniki.pl\/de\/?s={search_term_string}"},"query-input":{"@type":"PropertyValueSpecification","valueRequired":true,"valueName":"search_term_string"}}],"inLanguage":"de"}]}},"_links":{"self":[{"href":"https:\/\/metal-zbiorniki.pl\/de\/wp-json\/wp\/v2\/pages\/8","targetHints":{"allow":["GET"]}}],"collection":[{"href":"https:\/\/metal-zbiorniki.pl\/de\/wp-json\/wp\/v2\/pages"}],"about":[{"href":"https:\/\/metal-zbiorniki.pl\/de\/wp-json\/wp\/v2\/types\/page"}],"author":[{"embeddable":true,"href":"https:\/\/metal-zbiorniki.pl\/de\/wp-json\/wp\/v2\/users\/1"}],"replies":[{"embeddable":true,"href":"https:\/\/metal-zbiorniki.pl\/de\/wp-json\/wp\/v2\/comments?post=8"}],"version-history":[{"count":12,"href":"https:\/\/metal-zbiorniki.pl\/de\/wp-json\/wp\/v2\/pages\/8\/revisions"}],"predecessor-version":[{"id":869,"href":"https:\/\/metal-zbiorniki.pl\/de\/wp-json\/wp\/v2\/pages\/8\/revisions\/869"}],"wp:attachment":[{"href":"https:\/\/metal-zbiorniki.pl\/de\/wp-json\/wp\/v2\/media?parent=8"}],"curies":[{"name":"wp","href":"https:\/\/api.w.org\/{rel}","templated":true}]}}