{"id":570,"date":"2025-04-08T21:05:07","date_gmt":"2025-04-08T19:05:07","guid":{"rendered":"https:\/\/metal-zbiorniki.pl\/?page_id=570"},"modified":"2026-03-29T14:02:31","modified_gmt":"2026-03-29T12:02:31","slug":"zbiorniki-do-oleju-opalowego","status":"publish","type":"page","link":"https:\/\/metal-zbiorniki.pl\/de\/oferta\/zbiorniki-do-oleju-opalowego\/","title":{"rendered":"(Polski) Zbiorniki dwup\u0142aszczowe na olej opa\u0142owy"},"content":{"rendered":"<p class=\"qtranxs-available-languages-message qtranxs-available-languages-message-de\">Leider ist der Eintrag nur auf <a href=\"https:\/\/metal-zbiorniki.pl\/pl\/wp-json\/wp\/v2\/pages\/570\" class=\"qtranxs-available-language-link qtranxs-available-language-link-pl\" title=\"Polski\">Polski<\/a> verf\u00fcgbar.<\/p><p><img loading=\"lazy\" decoding=\"async\" class=\"alignnone size-medium wp-image-806\" src=\"https:\/\/metal-zbiorniki.pl\/wp-content\/uploads\/2026\/03\/IMG_20220906_133029-300x225.jpg\" alt=\"\" width=\"300\" height=\"225\" srcset=\"https:\/\/metal-zbiorniki.pl\/wp-content\/uploads\/2026\/03\/IMG_20220906_133029-300x225.jpg 300w, https:\/\/metal-zbiorniki.pl\/wp-content\/uploads\/2026\/03\/IMG_20220906_133029-1024x768.jpg 1024w, https:\/\/metal-zbiorniki.pl\/wp-content\/uploads\/2026\/03\/IMG_20220906_133029-768x576.jpg 768w, https:\/\/metal-zbiorniki.pl\/wp-content\/uploads\/2026\/03\/IMG_20220906_133029-1536x1152.jpg 1536w, https:\/\/metal-zbiorniki.pl\/wp-content\/uploads\/2026\/03\/IMG_20220906_133029-2048x1536.jpg 2048w\" sizes=\"auto, (max-width: 300px) 100vw, 300px\" \/>\u00a0 <img loading=\"lazy\" decoding=\"async\" class=\"alignnone size-medium wp-image-809\" src=\"https:\/\/metal-zbiorniki.pl\/wp-content\/uploads\/2026\/03\/IMG_20221109_142103-300x225.jpg\" alt=\"\" width=\"300\" height=\"225\" srcset=\"https:\/\/metal-zbiorniki.pl\/wp-content\/uploads\/2026\/03\/IMG_20221109_142103-300x225.jpg 300w, https:\/\/metal-zbiorniki.pl\/wp-content\/uploads\/2026\/03\/IMG_20221109_142103-1024x768.jpg 1024w, https:\/\/metal-zbiorniki.pl\/wp-content\/uploads\/2026\/03\/IMG_20221109_142103-768x576.jpg 768w, https:\/\/metal-zbiorniki.pl\/wp-content\/uploads\/2026\/03\/IMG_20221109_142103-1536x1152.jpg 1536w, https:\/\/metal-zbiorniki.pl\/wp-content\/uploads\/2026\/03\/IMG_20221109_142103-2048x1536.jpg 2048w\" sizes=\"auto, (max-width: 300px) 100vw, 300px\" \/><\/p>\n<p><strong>Zbiorniki dwup\u0142aszczowe na olej opa\u0142owy: gwarancja szczelno\u015bci i niezawodno\u015b\u0107 u\u017cytkowania.<\/strong><\/p>\n<p>W Metal Zbiorniki rozumiemy, \u017ce magazynowanie oleju opa\u0142owego wymaga rozwi\u0105za\u0144, kt\u00f3re minimalizuj\u0105 ryzyko i zapewniaj\u0105 d\u0142ugotrwa\u0142\u0105, bezproblemow\u0105 eksploatacj\u0119. Nasze zbiorniki dwup\u0142aszczowe ze stali w\u0119glowej \/ nierdzewnej to najwy\u017cszy standard bezpiecze\u0144stwa i niezawodno\u015bci.<\/p>\n<p><strong>Zbiornik dwup\u0142aszczowy<\/strong> (zbiornik w zbiorniku) jest wa\u017cnym elementem chroni\u0105cym \u015brodowisko i Twoj\u0105 firm\u0119. Podw\u00f3jne \u015bcianki zbiornika pe\u0142ni\u0105 funkcj\u0119 wanny wychwytowej. W przypadku ewentualnego rozszczelnienia zbiornika wewn\u0119trznego p\u0142aszcz zewn\u0119trzny zatrzymuje medium (olej opa\u0142owy) ca\u0142kowicie eliminuj\u0105c ryzyko wycieku do gruntu i ska\u017cenia \u015brodowiska. Spok\u00f3j u\u017cytkowania zapewnia wyposa\u017cenie zbiornika w system monitoruj\u0105cy szczelno\u015b\u0107 np. czujnik w zbiorniku oraz pod\u0142\u0105czone do niego urz\u0105dzenie do sygnalizowania ewentualnego przecieku.<\/p>\n<p>Zbiorniki odpowiadaj\u0105 aktualnym standardom prawnym i wymog\u0105 UDT Urz\u0119du Dozoru Technicznego. Standardowo zbiorniki s\u0105 wyposa\u017cone w urz\u0105dzenie zabezpieczaj\u0105ce automatycznie przed przepe\u0142nieniem zbiornika.<\/p>\n<p>Oferujemy pe\u0142n\u0105 elastyczno\u015b\u0107 w doborze miejsca instalacji:<\/p>\n<p><strong>Zbiorniki naziemne<\/strong>: idealne do monta\u017cu wewn\u0105trz (kot\u0142ownia, hala) lub na zewn\u0105trz budynku. Tak lokalizacja u\u0142atwia dost\u0119p do obs\u0142ugi i serwisowania.<\/p>\n<p><strong>Zbiorniki podziemne<\/strong>: dla klient\u00f3w ceni\u0105cych estetyk\u0119 i oszcz\u0119dno\u015b\u0107 miejsca na dzia\u0142ce. Zbiorniki te charakteryzuj\u0105 si\u0119 dodatkowym zabezpieczeniem antykorozyjnym i wzmocnion\u0105 konstrukcj\u0105 dostosowan\u0105 do obci\u0105\u017ce\u0144 gruntowych.<\/p>\n<p>Ka\u017cdy zbiornik jest produkowany pod \u015bcis\u0142ym nadzorem jako\u015bci, zgodnie z normami, posiada niezb\u0119dne zatwierdzenia UDT.<\/p>\n<p>Skontaktuj si\u0119 z nami, aby dobra\u0107 optymalny zbiornik (podziemny lub naziemny) w po\u017c\u0105danej pojemno\u015bci.<\/p>\n<p>&nbsp;<\/p>\n<p><img loading=\"lazy\" decoding=\"async\" class=\"size-medium wp-image-580\" src=\"https:\/\/metal-zbiorniki.pl\/wp-content\/uploads\/2025\/04\/Zbiornik-naziemny-dwuplaszczowy-300x225.jpg\" alt=\"\" width=\"300\" height=\"225\" srcset=\"https:\/\/metal-zbiorniki.pl\/wp-content\/uploads\/2025\/04\/Zbiornik-naziemny-dwuplaszczowy-300x225.jpg 300w, https:\/\/metal-zbiorniki.pl\/wp-content\/uploads\/2025\/04\/Zbiornik-naziemny-dwuplaszczowy-768x576.jpg 768w, https:\/\/metal-zbiorniki.pl\/wp-content\/uploads\/2025\/04\/Zbiornik-naziemny-dwuplaszczowy.jpg 1000w\" sizes=\"auto, (max-width: 300px) 100vw, 300px\" \/>\u00a0 <img loading=\"lazy\" decoding=\"async\" class=\"alignnone size-medium wp-image-821\" src=\"https:\/\/metal-zbiorniki.pl\/wp-content\/uploads\/2026\/03\/IMG_20231211_091024-300x225.jpg\" alt=\"\" width=\"300\" height=\"225\" srcset=\"https:\/\/metal-zbiorniki.pl\/wp-content\/uploads\/2026\/03\/IMG_20231211_091024-300x225.jpg 300w, https:\/\/metal-zbiorniki.pl\/wp-content\/uploads\/2026\/03\/IMG_20231211_091024-1024x768.jpg 1024w, https:\/\/metal-zbiorniki.pl\/wp-content\/uploads\/2026\/03\/IMG_20231211_091024-768x576.jpg 768w, https:\/\/metal-zbiorniki.pl\/wp-content\/uploads\/2026\/03\/IMG_20231211_091024-1536x1152.jpg 1536w, https:\/\/metal-zbiorniki.pl\/wp-content\/uploads\/2026\/03\/IMG_20231211_091024-2048x1536.jpg 2048w\" sizes=\"auto, (max-width: 300px) 100vw, 300px\" \/><\/p>","protected":false},"excerpt":{"rendered":"<p>Leider ist der Eintrag nur auf Polski verf\u00fcgbar.\u00a0 Zbiorniki dwup\u0142aszczowe na olej opa\u0142owy: gwarancja szczelno\u015bci i niezawodno\u015b\u0107 u\u017cytkowania. W Metal Zbiorniki rozumiemy, \u017ce magazynowanie oleju opa\u0142owego wymaga rozwi\u0105za\u0144, kt\u00f3re minimalizuj\u0105 ryzyko i zapewniaj\u0105 d\u0142ugotrwa\u0142\u0105, bezproblemow\u0105 eksploatacj\u0119. Nasze zbiorniki dwup\u0142aszczowe ze stali w\u0119glowej \/ nierdzewnej to najwy\u017cszy standard bezpiecze\u0144stwa i niezawodno\u015bci. Zbiornik dwup\u0142aszczowy (zbiornik w zbiorniku) [&hellip;]<\/p>\n","protected":false},"author":2,"featured_media":580,"parent":8,"menu_order":40,"comment_status":"closed","ping_status":"closed","template":"","meta":{"_acf_changed":false,"inline_featured_image":false,"footnotes":""},"class_list":["post-570","page","type-page","status-publish","has-post-thumbnail","hentry"],"acf":[],"yoast_head":"<!-- This site is optimized with the Yoast SEO plugin v24.8.1 - https:\/\/yoast.com\/wordpress\/plugins\/seo\/ -->\n<title>(Polski) Zbiorniki dwup\u0142aszczowe na olej opa\u0142owy - Metal Zbiorniki<\/title>\n<meta name=\"description\" content=\"\u00a0 Zbiorniki dwup\u0142aszczowe na olej opa\u0142owy: gwarancja szczelno\u015bci i niezawodno\u015b\u0107 u\u017cytkowania. W Metal Zbiorniki rozumiemy, \u017ce magazynowanie oleju opa\u0142owego\" \/>\n<meta name=\"robots\" content=\"index, follow, max-snippet:-1, max-image-preview:large, max-video-preview:-1\" \/>\n<link rel=\"canonical\" href=\"https:\/\/metal-zbiorniki.pl\/de\/oferta\/zbiorniki-do-oleju-opalowego\/\" \/>\n<meta name=\"twitter:label1\" content=\"Gesch\u00e4tzte Lesezeit\" \/>\n\t<meta name=\"twitter:data1\" content=\"3\u00a0Minuten\" \/>\n<script type=\"application\/ld+json\" class=\"yoast-schema-graph\">{\"@context\":\"https:\/\/schema.org\",\"@graph\":[{\"@type\":\"WebPage\",\"@id\":\"https:\/\/metal-zbiorniki.pl\/de\/oferta\/zbiorniki-do-oleju-opalowego\/\",\"url\":\"https:\/\/metal-zbiorniki.pl\/de\/oferta\/zbiorniki-do-oleju-opalowego\/\",\"name\":\"(Polski) Zbiorniki dwup\u0142aszczowe na olej opa\u0142owy - Metal Zbiorniki\",\"isPartOf\":{\"@id\":\"https:\/\/metal-zbiorniki.pl\/de\/#website\"},\"primaryImageOfPage\":{\"@id\":\"https:\/\/metal-zbiorniki.pl\/de\/oferta\/zbiorniki-do-oleju-opalowego\/#primaryimage\"},\"image\":{\"@id\":\"https:\/\/metal-zbiorniki.pl\/oferta\/zbiorniki-do-oleju-opalowego\/#primaryimage\"},\"thumbnailUrl\":\"https:\/\/metal-zbiorniki.pl\/wp-content\/uploads\/2025\/04\/Zbiornik-naziemny-dwuplaszczowy.jpg\",\"datePublished\":\"2025-04-08T19:05:07+00:00\",\"dateModified\":\"2026-03-29T12:02:31+00:00\",\"description\":\"\u00a0 Zbiorniki dwup\u0142aszczowe na olej opa\u0142owy: gwarancja szczelno\u015bci i niezawodno\u015b\u0107 u\u017cytkowania. W Metal Zbiorniki rozumiemy, \u017ce magazynowanie oleju opa\u0142owego\",\"breadcrumb\":{\"@id\":\"https:\/\/metal-zbiorniki.pl\/de\/oferta\/zbiorniki-do-oleju-opalowego\/#breadcrumb\"},\"inLanguage\":\"de\",\"potentialAction\":[{\"@type\":\"ReadAction\",\"target\":[[\"https:\/\/metal-zbiorniki.pl\/de\/oferta\/zbiorniki-do-oleju-opalowego\/\"]]}]},{\"@type\":\"ImageObject\",\"inLanguage\":\"de\",\"@id\":\"https:\/\/metal-zbiorniki.pl\/de\/oferta\/zbiorniki-do-oleju-opalowego\/#primaryimage\",\"url\":\"https:\/\/metal-zbiorniki.pl\/wp-content\/uploads\/2025\/04\/Zbiornik-naziemny-dwuplaszczowy.jpg\",\"contentUrl\":\"https:\/\/metal-zbiorniki.pl\/wp-content\/uploads\/2025\/04\/Zbiornik-naziemny-dwuplaszczowy.jpg\",\"width\":1000,\"height\":750,\"caption\":\"OLYMPUS DIGITAL CAMERA\"},{\"@type\":\"BreadcrumbList\",\"@id\":\"https:\/\/metal-zbiorniki.pl\/de\/oferta\/zbiorniki-do-oleju-opalowego\/#breadcrumb\",\"itemListElement\":[{\"@type\":\"ListItem\",\"position\":1,\"name\":\"Home\",\"item\":\"https:\/\/metal-zbiorniki.pl\/de\/\"},{\"@type\":\"ListItem\",\"position\":2,\"name\":\"Oferta\",\"item\":\"https:\/\/metal-zbiorniki.pl\/de\/oferta\/\"},{\"@type\":\"ListItem\",\"position\":3,\"name\":\"Zbiorniki dwup\u0142aszczowe na olej opa\u0142owy\"}]},{\"@type\":\"WebSite\",\"@id\":\"https:\/\/metal-zbiorniki.pl\/de\/#website\",\"url\":\"https:\/\/metal-zbiorniki.pl\/de\/\",\"name\":\"Metal Zbiorniki\",\"description\":\"Producent zbiornik\u00f3w stalowych\",\"potentialAction\":[{\"@type\":\"SearchAction\",\"target\":{\"@type\":\"EntryPoint\",\"urlTemplate\":\"https:\/\/metal-zbiorniki.pl\/de\/?s={search_term_string}\"},\"query-input\":{\"@type\":\"PropertyValueSpecification\",\"valueRequired\":true,\"valueName\":\"search_term_string\"}}],\"inLanguage\":\"de\"}]}<\/script>\n<!-- \/ Yoast SEO plugin. -->","yoast_head_json":{"title":"(Polski) Zbiorniki dwup\u0142aszczowe na olej opa\u0142owy - Metal Zbiorniki","description":"\u00a0 Zbiorniki dwup\u0142aszczowe na olej opa\u0142owy: gwarancja szczelno\u015bci i niezawodno\u015b\u0107 u\u017cytkowania. W Metal Zbiorniki rozumiemy, \u017ce magazynowanie oleju opa\u0142owego","robots":{"index":"index","follow":"follow","max-snippet":"max-snippet:-1","max-image-preview":"max-image-preview:large","max-video-preview":"max-video-preview:-1"},"canonical":"https:\/\/metal-zbiorniki.pl\/de\/oferta\/zbiorniki-do-oleju-opalowego\/","twitter_misc":{"Gesch\u00e4tzte Lesezeit":"3\u00a0Minuten"},"schema":{"@context":"https:\/\/schema.org","@graph":[{"@type":"WebPage","@id":"https:\/\/metal-zbiorniki.pl\/de\/oferta\/zbiorniki-do-oleju-opalowego\/","url":"https:\/\/metal-zbiorniki.pl\/de\/oferta\/zbiorniki-do-oleju-opalowego\/","name":"(Polski) Zbiorniki dwup\u0142aszczowe na olej opa\u0142owy - Metal Zbiorniki","isPartOf":{"@id":"https:\/\/metal-zbiorniki.pl\/de\/#website"},"primaryImageOfPage":{"@id":"https:\/\/metal-zbiorniki.pl\/de\/oferta\/zbiorniki-do-oleju-opalowego\/#primaryimage"},"image":{"@id":"https:\/\/metal-zbiorniki.pl\/oferta\/zbiorniki-do-oleju-opalowego\/#primaryimage"},"thumbnailUrl":"https:\/\/metal-zbiorniki.pl\/wp-content\/uploads\/2025\/04\/Zbiornik-naziemny-dwuplaszczowy.jpg","datePublished":"2025-04-08T19:05:07+00:00","dateModified":"2026-03-29T12:02:31+00:00","description":"\u00a0 Zbiorniki dwup\u0142aszczowe na olej opa\u0142owy: gwarancja szczelno\u015bci i niezawodno\u015b\u0107 u\u017cytkowania. W Metal Zbiorniki rozumiemy, \u017ce magazynowanie oleju opa\u0142owego","breadcrumb":{"@id":"https:\/\/metal-zbiorniki.pl\/de\/oferta\/zbiorniki-do-oleju-opalowego\/#breadcrumb"},"inLanguage":"de","potentialAction":[{"@type":"ReadAction","target":[["https:\/\/metal-zbiorniki.pl\/de\/oferta\/zbiorniki-do-oleju-opalowego\/"]]}]},{"@type":"ImageObject","inLanguage":"de","@id":"https:\/\/metal-zbiorniki.pl\/de\/oferta\/zbiorniki-do-oleju-opalowego\/#primaryimage","url":"https:\/\/metal-zbiorniki.pl\/wp-content\/uploads\/2025\/04\/Zbiornik-naziemny-dwuplaszczowy.jpg","contentUrl":"https:\/\/metal-zbiorniki.pl\/wp-content\/uploads\/2025\/04\/Zbiornik-naziemny-dwuplaszczowy.jpg","width":1000,"height":750,"caption":"OLYMPUS DIGITAL CAMERA"},{"@type":"BreadcrumbList","@id":"https:\/\/metal-zbiorniki.pl\/de\/oferta\/zbiorniki-do-oleju-opalowego\/#breadcrumb","itemListElement":[{"@type":"ListItem","position":1,"name":"Home","item":"https:\/\/metal-zbiorniki.pl\/de\/"},{"@type":"ListItem","position":2,"name":"Oferta","item":"https:\/\/metal-zbiorniki.pl\/de\/oferta\/"},{"@type":"ListItem","position":3,"name":"Zbiorniki dwup\u0142aszczowe na olej opa\u0142owy"}]},{"@type":"WebSite","@id":"https:\/\/metal-zbiorniki.pl\/de\/#website","url":"https:\/\/metal-zbiorniki.pl\/de\/","name":"Metal Zbiorniki","description":"Producent zbiornik\u00f3w stalowych","potentialAction":[{"@type":"SearchAction","target":{"@type":"EntryPoint","urlTemplate":"https:\/\/metal-zbiorniki.pl\/de\/?s={search_term_string}"},"query-input":{"@type":"PropertyValueSpecification","valueRequired":true,"valueName":"search_term_string"}}],"inLanguage":"de"}]}},"_links":{"self":[{"href":"https:\/\/metal-zbiorniki.pl\/de\/wp-json\/wp\/v2\/pages\/570","targetHints":{"allow":["GET"]}}],"collection":[{"href":"https:\/\/metal-zbiorniki.pl\/de\/wp-json\/wp\/v2\/pages"}],"about":[{"href":"https:\/\/metal-zbiorniki.pl\/de\/wp-json\/wp\/v2\/types\/page"}],"author":[{"embeddable":true,"href":"https:\/\/metal-zbiorniki.pl\/de\/wp-json\/wp\/v2\/users\/2"}],"replies":[{"embeddable":true,"href":"https:\/\/metal-zbiorniki.pl\/de\/wp-json\/wp\/v2\/comments?post=570"}],"version-history":[{"count":12,"href":"https:\/\/metal-zbiorniki.pl\/de\/wp-json\/wp\/v2\/pages\/570\/revisions"}],"predecessor-version":[{"id":874,"href":"https:\/\/metal-zbiorniki.pl\/de\/wp-json\/wp\/v2\/pages\/570\/revisions\/874"}],"up":[{"embeddable":true,"href":"https:\/\/metal-zbiorniki.pl\/de\/wp-json\/wp\/v2\/pages\/8"}],"wp:featuredmedia":[{"embeddable":true,"href":"https:\/\/metal-zbiorniki.pl\/de\/wp-json\/wp\/v2\/media\/580"}],"wp:attachment":[{"href":"https:\/\/metal-zbiorniki.pl\/de\/wp-json\/wp\/v2\/media?parent=570"}],"curies":[{"name":"wp","href":"https:\/\/api.w.org\/{rel}","templated":true}]}}