{"id":4,"date":"2014-06-06T12:08:59","date_gmt":"2014-06-06T10:08:59","guid":{"rendered":"https:\/\/metal-zbiorniki.pl\/?page_id=4"},"modified":"2026-04-06T20:12:41","modified_gmt":"2026-04-06T18:12:41","slug":"o-firmie","status":"publish","type":"page","link":"https:\/\/metal-zbiorniki.pl\/de\/","title":{"rendered":"Startseite"},"content":{"rendered":"<p><\/p>\n<h1>Was wir machen \u2013 Entwicklung, Fertigung und Lieferung von Tankanlagen.<\/h1>\n<h2>Wir haben uns auf die Fertigung von Tanks aus Karbon- und Edelstahl spezialisiert.<\/h2>\n<p><a href=\"https:\/\/metal-zbiorniki.pl\/wp-content\/uploads\/2014\/06\/p8235088.jpeg\"><img loading=\"lazy\" decoding=\"async\" class=\"alignright wp-image-121\" src=\"https:\/\/metal-zbiorniki.pl\/wp-content\/uploads\/2014\/06\/p8235088-1024x421.jpeg\" alt=\"OLYMPUS DIGITAL CAMERA\" width=\"326\" height=\"134\" srcset=\"https:\/\/metal-zbiorniki.pl\/wp-content\/uploads\/2014\/06\/p8235088-1024x421.jpeg 1024w, https:\/\/metal-zbiorniki.pl\/wp-content\/uploads\/2014\/06\/p8235088-300x123.jpeg 300w, https:\/\/metal-zbiorniki.pl\/wp-content\/uploads\/2014\/06\/p8235088.jpeg 1100w\" sizes=\"auto, (max-width: 326px) 100vw, 326px\" \/><\/a>Wir entwickeln, fertigen und liefern wir Stahltanks \u2013 und das seit vielen Jahren schon. Allein in den letzten f\u00fcnf Jahren haben wir Kundenauftr\u00e4ge f\u00fcr \u00fcber 400 Spezialtanks, Vorrichtungen und Metallkonstruktionen erfolgreich abgewickelt. Viele von ihnen sind in den technologischen Linien von Industrieanlagen in Betrieb genommen worden, andere dienen als Ausr\u00fcstung gro\u00dfer Kesselr\u00e4ume, Wasseraufbereitungsstationen, Kraftwerke und Bauobjekte. Andere kommen wiederum als Speichertanks f\u00fcr Wasser, Heiz\u00f6l, sonstige Fl\u00fcssigkeiten, Streumaterial oder Gase zum Einsatz.<\/p>","protected":false},"excerpt":{"rendered":"<p>Was wir machen \u2013 Entwicklung, Fertigung und Lieferung von Tankanlagen. Wir haben uns auf die Fertigung von Tanks aus Karbon- und Edelstahl spezialisiert. Wir entwickeln, fertigen und liefern wir Stahltanks \u2013 und das seit vielen Jahren schon. Allein in den letzten f\u00fcnf Jahren haben wir Kundenauftr\u00e4ge f\u00fcr \u00fcber 400 Spezialtanks, Vorrichtungen und Metallkonstruktionen erfolgreich abgewickelt. [&hellip;]<\/p>\n","protected":false},"author":1,"featured_media":0,"parent":0,"menu_order":0,"comment_status":"open","ping_status":"open","template":"","meta":{"_acf_changed":false,"inline_featured_image":false,"footnotes":""},"class_list":["post-4","page","type-page","status-publish","hentry"],"acf":[],"yoast_head":"<!-- This site is optimized with the Yoast SEO plugin v24.8.1 - https:\/\/yoast.com\/wordpress\/plugins\/seo\/ -->\n<title>Startseite - Metal Zbiorniki<\/title>\n<meta name=\"description\" content=\"W naszej ofercie znajdziesz zbiorniki do wody pitnej, dwup\u0142aszczowe zbiorniki na olej opa\u0142owy czy zbiorniki ciep\u0142ej wody. Realizujemy indywidualne projekty.\" \/>\n<meta name=\"robots\" content=\"index, follow, max-snippet:-1, max-image-preview:large, max-video-preview:-1\" \/>\n<link rel=\"canonical\" href=\"https:\/\/metal-zbiorniki.pl\/de\/\" \/>\n<meta name=\"twitter:label1\" content=\"Gesch\u00e4tzte Lesezeit\" \/>\n\t<meta name=\"twitter:data1\" content=\"8\u00a0Minuten\" \/>\n<script type=\"application\/ld+json\" class=\"yoast-schema-graph\">{\"@context\":\"https:\/\/schema.org\",\"@graph\":[{\"@type\":\"WebPage\",\"@id\":\"https:\/\/metal-zbiorniki.pl\/de\/\",\"url\":\"https:\/\/metal-zbiorniki.pl\/de\/\",\"name\":\"Startseite - Metal Zbiorniki\",\"isPartOf\":{\"@id\":\"https:\/\/metal-zbiorniki.pl\/de\/#website\"},\"primaryImageOfPage\":{\"@id\":\"https:\/\/metal-zbiorniki.pl\/de\/#primaryimage\"},\"image\":{\"@id\":\"https:\/\/metal-zbiorniki.pl\/#primaryimage\"},\"thumbnailUrl\":\"https:\/\/metal-zbiorniki.pl\/wp-content\/uploads\/2026\/03\/IMG_20241120_155512-300x225.jpg\",\"datePublished\":\"2014-06-06T10:08:59+00:00\",\"dateModified\":\"2026-04-06T18:12:41+00:00\",\"description\":\"W naszej ofercie znajdziesz zbiorniki do wody pitnej, dwup\u0142aszczowe zbiorniki na olej opa\u0142owy czy zbiorniki ciep\u0142ej wody. Realizujemy indywidualne projekty.\",\"breadcrumb\":{\"@id\":\"https:\/\/metal-zbiorniki.pl\/de\/#breadcrumb\"},\"inLanguage\":\"de\",\"potentialAction\":[{\"@type\":\"ReadAction\",\"target\":[[\"https:\/\/metal-zbiorniki.pl\/de\/\"]]}]},{\"@type\":\"ImageObject\",\"inLanguage\":\"de\",\"@id\":\"https:\/\/metal-zbiorniki.pl\/de\/#primaryimage\",\"url\":\"https:\/\/metal-zbiorniki.pl\/wp-content\/uploads\/2026\/03\/IMG_20241120_155512-300x225.jpg\",\"contentUrl\":\"https:\/\/metal-zbiorniki.pl\/wp-content\/uploads\/2026\/03\/IMG_20241120_155512-300x225.jpg\"},{\"@type\":\"BreadcrumbList\",\"@id\":\"https:\/\/metal-zbiorniki.pl\/de\/#breadcrumb\",\"itemListElement\":[{\"@type\":\"ListItem\",\"position\":1,\"name\":\"Home\",\"item\":\"https:\/\/metal-zbiorniki.pl\/de\/\"},{\"@type\":\"ListItem\",\"position\":2,\"name\":\"Strona g\u0142\u00f3wna\"}]},{\"@type\":\"WebSite\",\"@id\":\"https:\/\/metal-zbiorniki.pl\/de\/#website\",\"url\":\"https:\/\/metal-zbiorniki.pl\/de\/\",\"name\":\"Metal Zbiorniki\",\"description\":\"Producent zbiornik\u00f3w stalowych\",\"potentialAction\":[{\"@type\":\"SearchAction\",\"target\":{\"@type\":\"EntryPoint\",\"urlTemplate\":\"https:\/\/metal-zbiorniki.pl\/de\/?s={search_term_string}\"},\"query-input\":{\"@type\":\"PropertyValueSpecification\",\"valueRequired\":true,\"valueName\":\"search_term_string\"}}],\"inLanguage\":\"de\"}]}<\/script>\n<!-- \/ Yoast SEO plugin. -->","yoast_head_json":{"title":"Startseite - Metal Zbiorniki","description":"W naszej ofercie znajdziesz zbiorniki do wody pitnej, dwup\u0142aszczowe zbiorniki na olej opa\u0142owy czy zbiorniki ciep\u0142ej wody. Realizujemy indywidualne projekty.","robots":{"index":"index","follow":"follow","max-snippet":"max-snippet:-1","max-image-preview":"max-image-preview:large","max-video-preview":"max-video-preview:-1"},"canonical":"https:\/\/metal-zbiorniki.pl\/de\/","twitter_misc":{"Gesch\u00e4tzte Lesezeit":"8\u00a0Minuten"},"schema":{"@context":"https:\/\/schema.org","@graph":[{"@type":"WebPage","@id":"https:\/\/metal-zbiorniki.pl\/de\/","url":"https:\/\/metal-zbiorniki.pl\/de\/","name":"Startseite - Metal Zbiorniki","isPartOf":{"@id":"https:\/\/metal-zbiorniki.pl\/de\/#website"},"primaryImageOfPage":{"@id":"https:\/\/metal-zbiorniki.pl\/de\/#primaryimage"},"image":{"@id":"https:\/\/metal-zbiorniki.pl\/#primaryimage"},"thumbnailUrl":"https:\/\/metal-zbiorniki.pl\/wp-content\/uploads\/2026\/03\/IMG_20241120_155512-300x225.jpg","datePublished":"2014-06-06T10:08:59+00:00","dateModified":"2026-04-06T18:12:41+00:00","description":"W naszej ofercie znajdziesz zbiorniki do wody pitnej, dwup\u0142aszczowe zbiorniki na olej opa\u0142owy czy zbiorniki ciep\u0142ej wody. Realizujemy indywidualne projekty.","breadcrumb":{"@id":"https:\/\/metal-zbiorniki.pl\/de\/#breadcrumb"},"inLanguage":"de","potentialAction":[{"@type":"ReadAction","target":[["https:\/\/metal-zbiorniki.pl\/de\/"]]}]},{"@type":"ImageObject","inLanguage":"de","@id":"https:\/\/metal-zbiorniki.pl\/de\/#primaryimage","url":"https:\/\/metal-zbiorniki.pl\/wp-content\/uploads\/2026\/03\/IMG_20241120_155512-300x225.jpg","contentUrl":"https:\/\/metal-zbiorniki.pl\/wp-content\/uploads\/2026\/03\/IMG_20241120_155512-300x225.jpg"},{"@type":"BreadcrumbList","@id":"https:\/\/metal-zbiorniki.pl\/de\/#breadcrumb","itemListElement":[{"@type":"ListItem","position":1,"name":"Home","item":"https:\/\/metal-zbiorniki.pl\/de\/"},{"@type":"ListItem","position":2,"name":"Strona g\u0142\u00f3wna"}]},{"@type":"WebSite","@id":"https:\/\/metal-zbiorniki.pl\/de\/#website","url":"https:\/\/metal-zbiorniki.pl\/de\/","name":"Metal Zbiorniki","description":"Producent zbiornik\u00f3w stalowych","potentialAction":[{"@type":"SearchAction","target":{"@type":"EntryPoint","urlTemplate":"https:\/\/metal-zbiorniki.pl\/de\/?s={search_term_string}"},"query-input":{"@type":"PropertyValueSpecification","valueRequired":true,"valueName":"search_term_string"}}],"inLanguage":"de"}]}},"_links":{"self":[{"href":"https:\/\/metal-zbiorniki.pl\/de\/wp-json\/wp\/v2\/pages\/4","targetHints":{"allow":["GET"]}}],"collection":[{"href":"https:\/\/metal-zbiorniki.pl\/de\/wp-json\/wp\/v2\/pages"}],"about":[{"href":"https:\/\/metal-zbiorniki.pl\/de\/wp-json\/wp\/v2\/types\/page"}],"author":[{"embeddable":true,"href":"https:\/\/metal-zbiorniki.pl\/de\/wp-json\/wp\/v2\/users\/1"}],"replies":[{"embeddable":true,"href":"https:\/\/metal-zbiorniki.pl\/de\/wp-json\/wp\/v2\/comments?post=4"}],"version-history":[{"count":54,"href":"https:\/\/metal-zbiorniki.pl\/de\/wp-json\/wp\/v2\/pages\/4\/revisions"}],"predecessor-version":[{"id":916,"href":"https:\/\/metal-zbiorniki.pl\/de\/wp-json\/wp\/v2\/pages\/4\/revisions\/916"}],"wp:attachment":[{"href":"https:\/\/metal-zbiorniki.pl\/de\/wp-json\/wp\/v2\/media?parent=4"}],"curies":[{"name":"wp","href":"https:\/\/api.w.org\/{rel}","templated":true}]}}