{"id":30,"date":"2014-06-06T12:22:29","date_gmt":"2014-06-06T10:22:29","guid":{"rendered":"https:\/\/metal-zbiorniki.pl\/?page_id=30"},"modified":"2025-11-16T12:51:57","modified_gmt":"2025-11-16T11:51:57","slug":"granulatory-talerzowe","status":"publish","type":"page","link":"https:\/\/metal-zbiorniki.pl\/de\/oferta\/granulatory-talerzowe\/","title":{"rendered":"Scheibengranulatoren"},"content":{"rendered":"<p>Scheibengranulatoren dienen zur Zusammenballung von Streumaterial eingesetzt. Als Folge werden gr\u00f6\u00dfere Partikel aus einer gro\u00dfen Anzahl kleiner Partikel erhalten, wobei die urspr\u00fcnglichen physikalischen Eigenschaften mit Ausnahme von Gr\u00f6\u00dfe und Form beibehalten werden.<\/p>\n<p>Granulationseffizienz ca. 2000 kg pro Stunde abh\u00e4ngig u. a. von der Sch\u00fcttdichte des zu granulierenden Materials. Scheibendurchmesser 2000 mm, Scheibentiefe 600 mm. Die Platte wird von einem Getriebemotor mit flie\u00dfender Drehzahlregelung von 10 bis 40 Umdrehungen beim Betrieb angetrieben. Rotierender, zweiarmiger Schaber am Scheibenboden, angetrieben von einem unabh\u00e4ngigen Getriebemotor. Der Scheibenrand wird mit einem festen Schaber mit verstellbarem Andruck gereinigt. Drei-Punkte-Wasserdusche. Einbaugranulator f\u00fcr Entstaubung ausgelegt. Das Einschalten des Scheiben- und Schaberantriebs, und die Einstellung der Drehzahl und des Neigungswinkels der Scheibe k\u00f6nnen manuell \u00fcber die Tasten des Schaltschranks oder per Fernsteuerung der Granulationslinie vorgenommen werden.<\/p>\n<ul>\n<li><a href=\"https:\/\/metal-zbiorniki.pl\/wp-content\/uploads\/2014\/06\/granulator.pdf\">Katalogblatt herunterladen<\/a><\/li>\n<\/ul>\n<p>&nbsp;<\/p>\n<p style=\"text-align: center;\"><a href=\"https:\/\/metal-zbiorniki.pl\/wp-content\/uploads\/2014\/06\/1.jpg\"><img loading=\"lazy\" decoding=\"async\" class=\"aligncenter size-full wp-image-164\" src=\"https:\/\/metal-zbiorniki.pl\/wp-content\/uploads\/2014\/06\/1.jpg\" alt=\"1\" width=\"176\" height=\"200\" \/><\/a> <a href=\"https:\/\/metal-zbiorniki.pl\/wp-content\/uploads\/2014\/06\/2-1.jpg\"><img loading=\"lazy\" decoding=\"async\" class=\"aligncenter size-full wp-image-165\" src=\"https:\/\/metal-zbiorniki.pl\/wp-content\/uploads\/2014\/06\/2-1.jpg\" alt=\"2 (1)\" width=\"267\" height=\"200\" \/><\/a> <a href=\"https:\/\/metal-zbiorniki.pl\/wp-content\/uploads\/2014\/06\/3.jpg\"><img loading=\"lazy\" decoding=\"async\" class=\"aligncenter size-full wp-image-166\" src=\"https:\/\/metal-zbiorniki.pl\/wp-content\/uploads\/2014\/06\/3.jpg\" alt=\"3\" width=\"165\" height=\"200\" \/><\/a><\/p>\n<p><\/p>","protected":false},"excerpt":{"rendered":"<p>Scheibengranulatoren dienen zur Zusammenballung von Streumaterial eingesetzt.<\/p>\n","protected":false},"author":1,"featured_media":57,"parent":8,"menu_order":120,"comment_status":"closed","ping_status":"closed","template":"","meta":{"_acf_changed":false,"inline_featured_image":false,"footnotes":""},"class_list":["post-30","page","type-page","status-publish","has-post-thumbnail","hentry"],"acf":[],"yoast_head":"<!-- This site is optimized with the Yoast SEO plugin v24.8.1 - https:\/\/yoast.com\/wordpress\/plugins\/seo\/ -->\n<title>Scheibengranulatoren - Metal Zbiorniki<\/title>\n<meta name=\"description\" content=\"Granulatory talerzowe s\u0142u\u017c\u0105 do aglomeracji materia\u0142\u00f3w sypkich.Disk granulators are used to agglomerate litter material.Scheibengranulatoren dienen zur Zusammenballung von Streumaterial eingesetzt.\" \/>\n<meta name=\"robots\" content=\"index, follow, max-snippet:-1, max-image-preview:large, max-video-preview:-1\" \/>\n<link rel=\"canonical\" href=\"https:\/\/metal-zbiorniki.pl\/de\/oferta\/granulatory-talerzowe\/\" \/>\n<meta name=\"twitter:label1\" content=\"Gesch\u00e4tzte Lesezeit\" \/>\n\t<meta name=\"twitter:data1\" content=\"3\u00a0Minuten\" \/>\n<script type=\"application\/ld+json\" class=\"yoast-schema-graph\">{\"@context\":\"https:\/\/schema.org\",\"@graph\":[{\"@type\":\"WebPage\",\"@id\":\"https:\/\/metal-zbiorniki.pl\/de\/oferta\/granulatory-talerzowe\/\",\"url\":\"https:\/\/metal-zbiorniki.pl\/de\/oferta\/granulatory-talerzowe\/\",\"name\":\"Scheibengranulatoren - Metal Zbiorniki\",\"isPartOf\":{\"@id\":\"https:\/\/metal-zbiorniki.pl\/de\/#website\"},\"primaryImageOfPage\":{\"@id\":\"https:\/\/metal-zbiorniki.pl\/de\/oferta\/granulatory-talerzowe\/#primaryimage\"},\"image\":{\"@id\":\"https:\/\/metal-zbiorniki.pl\/oferta\/granulatory-talerzowe\/#primaryimage\"},\"thumbnailUrl\":\"https:\/\/metal-zbiorniki.pl\/wp-content\/uploads\/2014\/06\/2.jpg\",\"datePublished\":\"2014-06-06T10:22:29+00:00\",\"dateModified\":\"2025-11-16T11:51:57+00:00\",\"description\":\"Granulatory talerzowe s\u0142u\u017c\u0105 do aglomeracji materia\u0142\u00f3w sypkich.Disk granulators are used to agglomerate litter material.Scheibengranulatoren dienen zur Zusammenballung von Streumaterial eingesetzt.\",\"breadcrumb\":{\"@id\":\"https:\/\/metal-zbiorniki.pl\/de\/oferta\/granulatory-talerzowe\/#breadcrumb\"},\"inLanguage\":\"de\",\"potentialAction\":[{\"@type\":\"ReadAction\",\"target\":[[\"https:\/\/metal-zbiorniki.pl\/de\/oferta\/granulatory-talerzowe\/\"]]}]},{\"@type\":\"ImageObject\",\"inLanguage\":\"de\",\"@id\":\"https:\/\/metal-zbiorniki.pl\/de\/oferta\/granulatory-talerzowe\/#primaryimage\",\"url\":\"https:\/\/metal-zbiorniki.pl\/wp-content\/uploads\/2014\/06\/2.jpg\",\"contentUrl\":\"https:\/\/metal-zbiorniki.pl\/wp-content\/uploads\/2014\/06\/2.jpg\",\"width\":267,\"height\":200},{\"@type\":\"BreadcrumbList\",\"@id\":\"https:\/\/metal-zbiorniki.pl\/de\/oferta\/granulatory-talerzowe\/#breadcrumb\",\"itemListElement\":[{\"@type\":\"ListItem\",\"position\":1,\"name\":\"Home\",\"item\":\"https:\/\/metal-zbiorniki.pl\/de\/\"},{\"@type\":\"ListItem\",\"position\":2,\"name\":\"Oferta\",\"item\":\"https:\/\/metal-zbiorniki.pl\/de\/oferta\/\"},{\"@type\":\"ListItem\",\"position\":3,\"name\":\"Urz\u0105dzenia, konstrukcje\"}]},{\"@type\":\"WebSite\",\"@id\":\"https:\/\/metal-zbiorniki.pl\/de\/#website\",\"url\":\"https:\/\/metal-zbiorniki.pl\/de\/\",\"name\":\"Metal Zbiorniki\",\"description\":\"Producent zbiornik\u00f3w stalowych\",\"potentialAction\":[{\"@type\":\"SearchAction\",\"target\":{\"@type\":\"EntryPoint\",\"urlTemplate\":\"https:\/\/metal-zbiorniki.pl\/de\/?s={search_term_string}\"},\"query-input\":{\"@type\":\"PropertyValueSpecification\",\"valueRequired\":true,\"valueName\":\"search_term_string\"}}],\"inLanguage\":\"de\"}]}<\/script>\n<!-- \/ Yoast SEO plugin. -->","yoast_head_json":{"title":"Scheibengranulatoren - Metal Zbiorniki","description":"Granulatory talerzowe s\u0142u\u017c\u0105 do aglomeracji materia\u0142\u00f3w sypkich.Disk granulators are used to agglomerate litter material.Scheibengranulatoren dienen zur Zusammenballung von Streumaterial eingesetzt.","robots":{"index":"index","follow":"follow","max-snippet":"max-snippet:-1","max-image-preview":"max-image-preview:large","max-video-preview":"max-video-preview:-1"},"canonical":"https:\/\/metal-zbiorniki.pl\/de\/oferta\/granulatory-talerzowe\/","twitter_misc":{"Gesch\u00e4tzte Lesezeit":"3\u00a0Minuten"},"schema":{"@context":"https:\/\/schema.org","@graph":[{"@type":"WebPage","@id":"https:\/\/metal-zbiorniki.pl\/de\/oferta\/granulatory-talerzowe\/","url":"https:\/\/metal-zbiorniki.pl\/de\/oferta\/granulatory-talerzowe\/","name":"Scheibengranulatoren - Metal Zbiorniki","isPartOf":{"@id":"https:\/\/metal-zbiorniki.pl\/de\/#website"},"primaryImageOfPage":{"@id":"https:\/\/metal-zbiorniki.pl\/de\/oferta\/granulatory-talerzowe\/#primaryimage"},"image":{"@id":"https:\/\/metal-zbiorniki.pl\/oferta\/granulatory-talerzowe\/#primaryimage"},"thumbnailUrl":"https:\/\/metal-zbiorniki.pl\/wp-content\/uploads\/2014\/06\/2.jpg","datePublished":"2014-06-06T10:22:29+00:00","dateModified":"2025-11-16T11:51:57+00:00","description":"Granulatory talerzowe s\u0142u\u017c\u0105 do aglomeracji materia\u0142\u00f3w sypkich.Disk granulators are used to agglomerate litter material.Scheibengranulatoren dienen zur Zusammenballung von Streumaterial eingesetzt.","breadcrumb":{"@id":"https:\/\/metal-zbiorniki.pl\/de\/oferta\/granulatory-talerzowe\/#breadcrumb"},"inLanguage":"de","potentialAction":[{"@type":"ReadAction","target":[["https:\/\/metal-zbiorniki.pl\/de\/oferta\/granulatory-talerzowe\/"]]}]},{"@type":"ImageObject","inLanguage":"de","@id":"https:\/\/metal-zbiorniki.pl\/de\/oferta\/granulatory-talerzowe\/#primaryimage","url":"https:\/\/metal-zbiorniki.pl\/wp-content\/uploads\/2014\/06\/2.jpg","contentUrl":"https:\/\/metal-zbiorniki.pl\/wp-content\/uploads\/2014\/06\/2.jpg","width":267,"height":200},{"@type":"BreadcrumbList","@id":"https:\/\/metal-zbiorniki.pl\/de\/oferta\/granulatory-talerzowe\/#breadcrumb","itemListElement":[{"@type":"ListItem","position":1,"name":"Home","item":"https:\/\/metal-zbiorniki.pl\/de\/"},{"@type":"ListItem","position":2,"name":"Oferta","item":"https:\/\/metal-zbiorniki.pl\/de\/oferta\/"},{"@type":"ListItem","position":3,"name":"Urz\u0105dzenia, konstrukcje"}]},{"@type":"WebSite","@id":"https:\/\/metal-zbiorniki.pl\/de\/#website","url":"https:\/\/metal-zbiorniki.pl\/de\/","name":"Metal Zbiorniki","description":"Producent zbiornik\u00f3w stalowych","potentialAction":[{"@type":"SearchAction","target":{"@type":"EntryPoint","urlTemplate":"https:\/\/metal-zbiorniki.pl\/de\/?s={search_term_string}"},"query-input":{"@type":"PropertyValueSpecification","valueRequired":true,"valueName":"search_term_string"}}],"inLanguage":"de"}]}},"_links":{"self":[{"href":"https:\/\/metal-zbiorniki.pl\/de\/wp-json\/wp\/v2\/pages\/30","targetHints":{"allow":["GET"]}}],"collection":[{"href":"https:\/\/metal-zbiorniki.pl\/de\/wp-json\/wp\/v2\/pages"}],"about":[{"href":"https:\/\/metal-zbiorniki.pl\/de\/wp-json\/wp\/v2\/types\/page"}],"author":[{"embeddable":true,"href":"https:\/\/metal-zbiorniki.pl\/de\/wp-json\/wp\/v2\/users\/1"}],"replies":[{"embeddable":true,"href":"https:\/\/metal-zbiorniki.pl\/de\/wp-json\/wp\/v2\/comments?post=30"}],"version-history":[{"count":13,"href":"https:\/\/metal-zbiorniki.pl\/de\/wp-json\/wp\/v2\/pages\/30\/revisions"}],"predecessor-version":[{"id":759,"href":"https:\/\/metal-zbiorniki.pl\/de\/wp-json\/wp\/v2\/pages\/30\/revisions\/759"}],"up":[{"embeddable":true,"href":"https:\/\/metal-zbiorniki.pl\/de\/wp-json\/wp\/v2\/pages\/8"}],"wp:featuredmedia":[{"embeddable":true,"href":"https:\/\/metal-zbiorniki.pl\/de\/wp-json\/wp\/v2\/media\/57"}],"wp:attachment":[{"href":"https:\/\/metal-zbiorniki.pl\/de\/wp-json\/wp\/v2\/media?parent=30"}],"curies":[{"name":"wp","href":"https:\/\/api.w.org\/{rel}","templated":true}]}}