{"id":28,"date":"2014-06-06T12:22:01","date_gmt":"2014-06-06T10:22:01","guid":{"rendered":"https:\/\/metal-zbiorniki.pl\/?page_id=28"},"modified":"2026-03-29T13:07:44","modified_gmt":"2026-03-29T11:07:44","slug":"mobilne-zbiorniki-woda-kryzysowa","status":"publish","type":"page","link":"https:\/\/metal-zbiorniki.pl\/de\/oferta\/mobilne-zbiorniki-woda-kryzysowa\/","title":{"rendered":"TF-Kraftstoff- und \u00d6lfilter"},"content":{"rendered":"<p><img loading=\"lazy\" decoding=\"async\" class=\"size-full wp-image-158 alignright\" src=\"https:\/\/metal-zbiorniki.pl\/wp-content\/uploads\/2014\/06\/filtr-1.jpg\" alt=\"filtr (1)\" width=\"170\" height=\"222\" \/>Filter dienen der mechanischen Reinigung von Erd\u00f6lprodukten: Benzin, \u00d6len. Sie sind f\u00fcr den Einsatz in technologischen Anlagen zum Pumpen von Erd\u00f6lprodukten vorgesehen.<\/p>\n<p>Wenn das Produkt einstr\u00f6mt, sollten Filter in die Saugleitung eingebaut werden. Die Aufgabe des Saugfilters besteht darin, die Pumpe vor Verschmutzung zu sch\u00fctzen. Filter sollten abh\u00e4ngig von der Pumpenkapazit\u00e4t ausgew\u00e4hlt werden.<\/p>\n<ul>\n<li><a href=\"https:\/\/metal-zbiorniki.pl\/wp-content\/uploads\/2014\/06\/filtrof.pdf\">Katalogblatt herunterladen<\/a><\/li>\n<\/ul>\n<table>\n<tbody>\n<tr>\n<th>Filtertyp<\/th>\n<td>TF 80\/6<\/td>\n<td class=\"even\">TF 100\/6<\/td>\n<td>TF 125\/6<\/td>\n<td class=\"even\">TF 150\/6<\/td>\n<td>TF 200\/6<\/td>\n<td class=\"even\">TF 250\/6<\/td>\n<\/tr>\n<tr>\n<th>Stutzen DN<\/th>\n<td>80<\/td>\n<td class=\"even\">100<\/td>\n<td>125<\/td>\n<td class=\"even\">150<\/td>\n<td>200<\/td>\n<td class=\"even\">250<\/td>\n<\/tr>\n<tr>\n<th>Kapazit\u00e4t [dm<sub>3<\/sub>\/min]<\/th>\n<td>0-200<\/td>\n<td class=\"even\">200-600<\/td>\n<td>600-1000<\/td>\n<td class=\"even\">1000-1600<\/td>\n<td>1600-3000<\/td>\n<td class=\"even\">3000-3600<\/td>\n<\/tr>\n<tr>\n<th>Nenndruck [bar]<\/th>\n<td>6<\/td>\n<td class=\"even\">6<\/td>\n<td>6<\/td>\n<td class=\"even\">6<\/td>\n<td>6<\/td>\n<td class=\"even\">6<\/td>\n<\/tr>\n<tr>\n<th>Probedruck [bar]<\/th>\n<td>9<\/td>\n<td class=\"even\">9<\/td>\n<td>9<\/td>\n<td class=\"even\">9<\/td>\n<td>9<\/td>\n<td class=\"even\">9<\/td>\n<\/tr>\n<tr>\n<th>Gewicht [kg]<\/th>\n<td>110<\/td>\n<td class=\"even\">111<\/td>\n<td>152<\/td>\n<td class=\"even\">156<\/td>\n<td>305<\/td>\n<td class=\"even\">316<\/td>\n<\/tr>\n<tr>\n<th>Filterelement f\u00fcr Benzin<\/th>\n<td class=\"even\" colspan=\"6\">gewebtes Sieb mit einer Maschenweite von 0,5 mm aus Drahtgewebe d = 0,32 \u2013 149 Stiche \/ cm2<\/td>\n<\/tr>\n<tr>\n<th>Filterelement f\u00fcr \u00d6l<\/th>\n<td class=\"even\" colspan=\"6\">gewebtes Sieb mit einer Maschenweite von 1 mm aus Drahtgewebe d = 0,4 \u2013 51 Stiche \/ cm2<\/td>\n<\/tr>\n<\/tbody>\n<\/table>\n<p>&nbsp;<\/p>","protected":false},"excerpt":{"rendered":"<p>Sie sind f\u00fcr den Einsatz in technologischen Anlagen zum Pumpen von Erd\u00f6lprodukten vorgesehen.<\/p>\n","protected":false},"author":1,"featured_media":0,"parent":8,"menu_order":110,"comment_status":"closed","ping_status":"closed","template":"","meta":{"_acf_changed":false,"inline_featured_image":false,"footnotes":""},"class_list":["post-28","page","type-page","status-publish","hentry"],"acf":[],"yoast_head":"<!-- This site is optimized with the Yoast SEO plugin v24.8.1 - https:\/\/yoast.com\/wordpress\/plugins\/seo\/ -->\n<title>TF-Kraftstoff- und \u00d6lfilter - Metal Zbiorniki<\/title>\n<meta name=\"description\" content=\"Przewidziane s\u0105 do pracy w instalacjach technologicznych przeznaczonych do przet\u0142aczania produkt\u00f3w naftowych.They are intended for use in technological systems for pumping petroleum products.Sie sind f\u00fcr den Einsatz in technologischen Anlagen zum Pumpen von Erd\u00f6lprodukten vorgesehen.\" \/>\n<meta name=\"robots\" content=\"index, follow, max-snippet:-1, max-image-preview:large, max-video-preview:-1\" \/>\n<link rel=\"canonical\" href=\"https:\/\/metal-zbiorniki.pl\/de\/oferta\/mobilne-zbiorniki-woda-kryzysowa\/\" \/>\n<meta name=\"twitter:label1\" content=\"Gesch\u00e4tzte Lesezeit\" \/>\n\t<meta name=\"twitter:data1\" content=\"2\u00a0Minuten\" \/>\n<script type=\"application\/ld+json\" class=\"yoast-schema-graph\">{\"@context\":\"https:\/\/schema.org\",\"@graph\":[{\"@type\":\"WebPage\",\"@id\":\"https:\/\/metal-zbiorniki.pl\/de\/oferta\/mobilne-zbiorniki-woda-kryzysowa\/\",\"url\":\"https:\/\/metal-zbiorniki.pl\/de\/oferta\/mobilne-zbiorniki-woda-kryzysowa\/\",\"name\":\"TF-Kraftstoff- und \u00d6lfilter - Metal Zbiorniki\",\"isPartOf\":{\"@id\":\"https:\/\/metal-zbiorniki.pl\/de\/#website\"},\"primaryImageOfPage\":{\"@id\":\"https:\/\/metal-zbiorniki.pl\/de\/oferta\/mobilne-zbiorniki-woda-kryzysowa\/#primaryimage\"},\"image\":{\"@id\":\"https:\/\/metal-zbiorniki.pl\/oferta\/mobilne-zbiorniki-woda-kryzysowa\/#primaryimage\"},\"thumbnailUrl\":\"https:\/\/metal-zbiorniki.pl\/wp-content\/uploads\/2026\/03\/20260128_093707-2-scaled-e1774779860921-300x177.jpg\",\"datePublished\":\"2014-06-06T10:22:01+00:00\",\"dateModified\":\"2026-03-29T11:07:44+00:00\",\"description\":\"Przewidziane s\u0105 do pracy w instalacjach technologicznych przeznaczonych do przet\u0142aczania produkt\u00f3w naftowych.They are intended for use in technological systems for pumping petroleum products.Sie sind f\u00fcr den Einsatz in technologischen Anlagen zum Pumpen von Erd\u00f6lprodukten vorgesehen.\",\"breadcrumb\":{\"@id\":\"https:\/\/metal-zbiorniki.pl\/de\/oferta\/mobilne-zbiorniki-woda-kryzysowa\/#breadcrumb\"},\"inLanguage\":\"de\",\"potentialAction\":[{\"@type\":\"ReadAction\",\"target\":[[\"https:\/\/metal-zbiorniki.pl\/de\/oferta\/mobilne-zbiorniki-woda-kryzysowa\/\"]]}]},{\"@type\":\"ImageObject\",\"inLanguage\":\"de\",\"@id\":\"https:\/\/metal-zbiorniki.pl\/de\/oferta\/mobilne-zbiorniki-woda-kryzysowa\/#primaryimage\",\"url\":\"https:\/\/metal-zbiorniki.pl\/wp-content\/uploads\/2026\/03\/20260128_093707-2-scaled-e1774779860921-300x177.jpg\",\"contentUrl\":\"https:\/\/metal-zbiorniki.pl\/wp-content\/uploads\/2026\/03\/20260128_093707-2-scaled-e1774779860921-300x177.jpg\"},{\"@type\":\"BreadcrumbList\",\"@id\":\"https:\/\/metal-zbiorniki.pl\/de\/oferta\/mobilne-zbiorniki-woda-kryzysowa\/#breadcrumb\",\"itemListElement\":[{\"@type\":\"ListItem\",\"position\":1,\"name\":\"Home\",\"item\":\"https:\/\/metal-zbiorniki.pl\/de\/\"},{\"@type\":\"ListItem\",\"position\":2,\"name\":\"Oferta\",\"item\":\"https:\/\/metal-zbiorniki.pl\/de\/oferta\/\"},{\"@type\":\"ListItem\",\"position\":3,\"name\":\"Mobilne zbiorniki do wody pitnej\"}]},{\"@type\":\"WebSite\",\"@id\":\"https:\/\/metal-zbiorniki.pl\/de\/#website\",\"url\":\"https:\/\/metal-zbiorniki.pl\/de\/\",\"name\":\"Metal Zbiorniki\",\"description\":\"Producent zbiornik\u00f3w stalowych\",\"potentialAction\":[{\"@type\":\"SearchAction\",\"target\":{\"@type\":\"EntryPoint\",\"urlTemplate\":\"https:\/\/metal-zbiorniki.pl\/de\/?s={search_term_string}\"},\"query-input\":{\"@type\":\"PropertyValueSpecification\",\"valueRequired\":true,\"valueName\":\"search_term_string\"}}],\"inLanguage\":\"de\"}]}<\/script>\n<!-- \/ Yoast SEO plugin. -->","yoast_head_json":{"title":"TF-Kraftstoff- und \u00d6lfilter - Metal Zbiorniki","description":"Przewidziane s\u0105 do pracy w instalacjach technologicznych przeznaczonych do przet\u0142aczania produkt\u00f3w naftowych.They are intended for use in technological systems for pumping petroleum products.Sie sind f\u00fcr den Einsatz in technologischen Anlagen zum Pumpen von Erd\u00f6lprodukten vorgesehen.","robots":{"index":"index","follow":"follow","max-snippet":"max-snippet:-1","max-image-preview":"max-image-preview:large","max-video-preview":"max-video-preview:-1"},"canonical":"https:\/\/metal-zbiorniki.pl\/de\/oferta\/mobilne-zbiorniki-woda-kryzysowa\/","twitter_misc":{"Gesch\u00e4tzte Lesezeit":"2\u00a0Minuten"},"schema":{"@context":"https:\/\/schema.org","@graph":[{"@type":"WebPage","@id":"https:\/\/metal-zbiorniki.pl\/de\/oferta\/mobilne-zbiorniki-woda-kryzysowa\/","url":"https:\/\/metal-zbiorniki.pl\/de\/oferta\/mobilne-zbiorniki-woda-kryzysowa\/","name":"TF-Kraftstoff- und \u00d6lfilter - Metal Zbiorniki","isPartOf":{"@id":"https:\/\/metal-zbiorniki.pl\/de\/#website"},"primaryImageOfPage":{"@id":"https:\/\/metal-zbiorniki.pl\/de\/oferta\/mobilne-zbiorniki-woda-kryzysowa\/#primaryimage"},"image":{"@id":"https:\/\/metal-zbiorniki.pl\/oferta\/mobilne-zbiorniki-woda-kryzysowa\/#primaryimage"},"thumbnailUrl":"https:\/\/metal-zbiorniki.pl\/wp-content\/uploads\/2026\/03\/20260128_093707-2-scaled-e1774779860921-300x177.jpg","datePublished":"2014-06-06T10:22:01+00:00","dateModified":"2026-03-29T11:07:44+00:00","description":"Przewidziane s\u0105 do pracy w instalacjach technologicznych przeznaczonych do przet\u0142aczania produkt\u00f3w naftowych.They are intended for use in technological systems for pumping petroleum products.Sie sind f\u00fcr den Einsatz in technologischen Anlagen zum Pumpen von Erd\u00f6lprodukten vorgesehen.","breadcrumb":{"@id":"https:\/\/metal-zbiorniki.pl\/de\/oferta\/mobilne-zbiorniki-woda-kryzysowa\/#breadcrumb"},"inLanguage":"de","potentialAction":[{"@type":"ReadAction","target":[["https:\/\/metal-zbiorniki.pl\/de\/oferta\/mobilne-zbiorniki-woda-kryzysowa\/"]]}]},{"@type":"ImageObject","inLanguage":"de","@id":"https:\/\/metal-zbiorniki.pl\/de\/oferta\/mobilne-zbiorniki-woda-kryzysowa\/#primaryimage","url":"https:\/\/metal-zbiorniki.pl\/wp-content\/uploads\/2026\/03\/20260128_093707-2-scaled-e1774779860921-300x177.jpg","contentUrl":"https:\/\/metal-zbiorniki.pl\/wp-content\/uploads\/2026\/03\/20260128_093707-2-scaled-e1774779860921-300x177.jpg"},{"@type":"BreadcrumbList","@id":"https:\/\/metal-zbiorniki.pl\/de\/oferta\/mobilne-zbiorniki-woda-kryzysowa\/#breadcrumb","itemListElement":[{"@type":"ListItem","position":1,"name":"Home","item":"https:\/\/metal-zbiorniki.pl\/de\/"},{"@type":"ListItem","position":2,"name":"Oferta","item":"https:\/\/metal-zbiorniki.pl\/de\/oferta\/"},{"@type":"ListItem","position":3,"name":"Mobilne zbiorniki do wody pitnej"}]},{"@type":"WebSite","@id":"https:\/\/metal-zbiorniki.pl\/de\/#website","url":"https:\/\/metal-zbiorniki.pl\/de\/","name":"Metal Zbiorniki","description":"Producent zbiornik\u00f3w stalowych","potentialAction":[{"@type":"SearchAction","target":{"@type":"EntryPoint","urlTemplate":"https:\/\/metal-zbiorniki.pl\/de\/?s={search_term_string}"},"query-input":{"@type":"PropertyValueSpecification","valueRequired":true,"valueName":"search_term_string"}}],"inLanguage":"de"}]}},"_links":{"self":[{"href":"https:\/\/metal-zbiorniki.pl\/de\/wp-json\/wp\/v2\/pages\/28","targetHints":{"allow":["GET"]}}],"collection":[{"href":"https:\/\/metal-zbiorniki.pl\/de\/wp-json\/wp\/v2\/pages"}],"about":[{"href":"https:\/\/metal-zbiorniki.pl\/de\/wp-json\/wp\/v2\/types\/page"}],"author":[{"embeddable":true,"href":"https:\/\/metal-zbiorniki.pl\/de\/wp-json\/wp\/v2\/users\/1"}],"replies":[{"embeddable":true,"href":"https:\/\/metal-zbiorniki.pl\/de\/wp-json\/wp\/v2\/comments?post=28"}],"version-history":[{"count":36,"href":"https:\/\/metal-zbiorniki.pl\/de\/wp-json\/wp\/v2\/pages\/28\/revisions"}],"predecessor-version":[{"id":864,"href":"https:\/\/metal-zbiorniki.pl\/de\/wp-json\/wp\/v2\/pages\/28\/revisions\/864"}],"up":[{"embeddable":true,"href":"https:\/\/metal-zbiorniki.pl\/de\/wp-json\/wp\/v2\/pages\/8"}],"wp:attachment":[{"href":"https:\/\/metal-zbiorniki.pl\/de\/wp-json\/wp\/v2\/media?parent=28"}],"curies":[{"name":"wp","href":"https:\/\/api.w.org\/{rel}","templated":true}]}}