{"id":24,"date":"2014-06-06T12:21:19","date_gmt":"2014-06-06T10:21:19","guid":{"rendered":"https:\/\/metal-zbiorniki.pl\/?page_id=24"},"modified":"2026-03-29T13:58:04","modified_gmt":"2026-03-29T11:58:04","slug":"zbiorniki-cisnieniowe","status":"publish","type":"page","link":"https:\/\/metal-zbiorniki.pl\/de\/oferta\/zbiorniki-cisnieniowe\/","title":{"rendered":"Drucktanks f\u00fcr Fl\u00fcssigkeiten und Gase"},"content":{"rendered":"<p><a href=\"https:\/\/metal-zbiorniki.pl\/wp-content\/uploads\/2014\/06\/pa206171.jpg\"><img loading=\"lazy\" decoding=\"async\" class=\"alignright size-medium wp-image-141\" src=\"https:\/\/metal-zbiorniki.pl\/wp-content\/uploads\/2014\/06\/pa206171-300x189.jpg\" alt=\"OLYMPUS DIGITAL CAMERA\" width=\"300\" height=\"189\" srcset=\"https:\/\/metal-zbiorniki.pl\/wp-content\/uploads\/2014\/06\/pa206171-300x189.jpg 300w, https:\/\/metal-zbiorniki.pl\/wp-content\/uploads\/2014\/06\/pa206171.jpg 332w\" sizes=\"auto, (max-width: 300px) 100vw, 300px\" \/><\/a>Wir fertigen Drucktanks im Einklang mit Richtlinie 2014\/68\/EU des Europ\u00e4ischen Parlaments und des Rates. Sie unterliegen einer Pr\u00fcfung der Vereinbarkeit nach den in der Richtlinie festgelegten Vorgaben. Als Hersteller geben wir eine Konformit\u00e4tserkl\u00e4rung ab und versehen sie mit dem CE-Kennzeichen. Die Anforderungen an diese Tanks werden durch die Verordnung des Ministers f\u00fcr Entwicklung vom 11. Juli 2016 \u00fcber die Anforderungen an Druckger\u00e4te und Druckger\u00e4tesysteme begr\u00fcndet.<\/p>\n<p>In dieser Gruppe fertigen wir vertikale und horizontale Tanks mit Volumen von 800 bis 50.000 Litern und Durchmessern von 800 bis 3000 mm f\u00fcr Betriebsdr\u00fccke bis zu 40 bar \u2013 anhand unserer eigenen (unser Entwurf) oder anhand der vom Kunden \u00fcberlassenen Dokumentation.<\/p>\n<p>Die von uns hergestellten Drucktanks wie Wasserversorgungstanks und Drucklufttanks sind f\u00fcr die Speicherung von Wasser, Luft und anderen fl\u00fcssigen und gasf\u00f6rmigen Medien unter Druck vorgesehen.<\/p>\n<p>Die Hauptbaureihe der von uns gefertigten Drucktanks, die der Verordnung 2014\/68\/EU unterliegen, wird nachstehend dargestellt. Wir stellen auch Tanks mit Zwischenma\u00dfen und Zwischengr\u00f6\u00dfen her.<\/p>\n<h4>Katalogbl\u00e4tter<\/h4>\n<ul>\n<li><a href=\"https:\/\/metal-zbiorniki.pl\/wp-content\/uploads\/2014\/06\/zc-pion.pdf\">Vertikale Drucktanks<\/a><\/li>\n<li><a href=\"https:\/\/metal-zbiorniki.pl\/wp-content\/uploads\/2014\/06\/zc-poz.pdf\">Horizontale Drucktanks<\/a><\/li>\n<\/ul>\n<table>\n<caption>\n<h3>Drucktanks<\/h3>\n<\/caption>\n<tbody>\n<tr>\n<th>Typ<br \/>\nEinheit<\/th>\n<th>Volumen<br \/>\n(litry)<\/th>\n<th>Druck<br \/>\n(bar)<\/th>\n<th>Durchmesser<br \/>\n(mm)<\/th>\n<th>Material<\/th>\n<th>H\u00f6he der Bodenplatte<br \/>\n(mm)<\/th>\n<th>Wandl\u00e4nge<br \/>\n(mm)<\/th>\n<th>Gesamth\u00f6he<br \/>\n(mm)<\/th>\n<th>Gesamtgewicht<br \/>\n(kg)<\/th>\n<\/tr>\n<tr>\n<td>ZC4\/1400<\/td>\n<td>4000<\/td>\n<td>6<\/td>\n<td>1400<\/td>\n<td>S355<\/td>\n<td>395<\/td>\n<td>2000<\/td>\n<td>2890<\/td>\n<td>620<\/td>\n<\/tr>\n<tr>\n<td>ZC4\/1600<\/td>\n<td>4250<\/td>\n<td>6<\/td>\n<td>1600<\/td>\n<td>S355<\/td>\n<td>446<\/td>\n<td>1500<\/td>\n<td>2492<\/td>\n<td>720<\/td>\n<\/tr>\n<tr>\n<td>ZC5\/1600<\/td>\n<td>5250<\/td>\n<td>6<\/td>\n<td>1600<\/td>\n<td>S355<\/td>\n<td>446<\/td>\n<td>2000<\/td>\n<td>2992<\/td>\n<td>760<\/td>\n<\/tr>\n<tr>\n<td>ZC6\/1600<\/td>\n<td>6250<\/td>\n<td>6<\/td>\n<td>1600<\/td>\n<td>S355<\/td>\n<td>446<\/td>\n<td>2500<\/td>\n<td>3492<\/td>\n<td>840<\/td>\n<\/tr>\n<tr>\n<td>ZC7\/1600<\/td>\n<td>7250<\/td>\n<td>6<\/td>\n<td>1600<\/td>\n<td>S355<\/td>\n<td>446<\/td>\n<td>3000<\/td>\n<td>3992<\/td>\n<td>940<\/td>\n<\/tr>\n<tr>\n<td>ZC8\/2000<\/td>\n<td>8600<\/td>\n<td>6<\/td>\n<td>2000<\/td>\n<td>S355<\/td>\n<td>546<\/td>\n<td>2000<\/td>\n<td>3192<\/td>\n<td>1140<\/td>\n<\/tr>\n<tr>\n<td>ZC10\/2000<\/td>\n<td>10000<\/td>\n<td>6<\/td>\n<td>2000<\/td>\n<td>S355<\/td>\n<td>546<\/td>\n<td>2500<\/td>\n<td>3692<\/td>\n<td>1280<\/td>\n<\/tr>\n<tr>\n<td>ZC12\/2000<\/td>\n<td>12000<\/td>\n<td>6<\/td>\n<td>2000<\/td>\n<td>S355<\/td>\n<td>546<\/td>\n<td>3000<\/td>\n<td>4192<\/td>\n<td>1470<\/td>\n<\/tr>\n<tr>\n<td>ZC15\/2000<\/td>\n<td>15000<\/td>\n<td>6<\/td>\n<td>2000<\/td>\n<td>S355<\/td>\n<td>546<\/td>\n<td>4000<\/td>\n<td>5192<\/td>\n<td>1760<\/td>\n<\/tr>\n<tr>\n<td>ZC15\/2200<\/td>\n<td>15000<\/td>\n<td>6<\/td>\n<td>2200<\/td>\n<td>S355<\/td>\n<td>596<\/td>\n<td>4000<\/td>\n<td>4500<\/td>\n<td>1800<\/td>\n<\/tr>\n<tr>\n<td>ZC20\/2500<\/td>\n<td>20000<\/td>\n<td>6<\/td>\n<td>2500<\/td>\n<td>S355<\/td>\n<td>673<\/td>\n<td>3500<\/td>\n<td>4900<\/td>\n<td>\u00a03050<\/td>\n<\/tr>\n<tr>\n<td>ZC25\/2500<\/td>\n<td>25000<\/td>\n<td>6<\/td>\n<td>2500<\/td>\n<td>S355<\/td>\n<td>673<\/td>\n<td>4250<\/td>\n<td>5500<\/td>\n<td>\u00a03450<\/td>\n<\/tr>\n<tr>\n<td>ZC30\/2500<\/td>\n<td>30000<\/td>\n<td>6<\/td>\n<td>2500<\/td>\n<td>S355<\/td>\n<td>673<\/td>\n<td>5000<\/td>\n<td>6500<\/td>\n<td>\u00a03900<\/td>\n<\/tr>\n<\/tbody>\n<\/table>\n<p style=\"text-align: center;\"><a href=\"https:\/\/metal-zbiorniki.pl\/wp-content\/uploads\/2014\/06\/pb073589.jpeg\"><img loading=\"lazy\" decoding=\"async\" class=\"aligncenter size-medium wp-image-147\" src=\"https:\/\/metal-zbiorniki.pl\/wp-content\/uploads\/2014\/06\/pb073589-300x94.jpeg\" alt=\"OLYMPUS DIGITAL CAMERA\" width=\"300\" height=\"94\" srcset=\"https:\/\/metal-zbiorniki.pl\/wp-content\/uploads\/2014\/06\/pb073589-300x94.jpeg 300w, https:\/\/metal-zbiorniki.pl\/wp-content\/uploads\/2014\/06\/pb073589-1024x323.jpeg 1024w, https:\/\/metal-zbiorniki.pl\/wp-content\/uploads\/2014\/06\/pb073589.jpeg 1100w\" sizes=\"auto, (max-width: 300px) 100vw, 300px\" \/><\/a> <a href=\"https:\/\/metal-zbiorniki.pl\/wp-content\/uploads\/2014\/06\/p8235091.jpeg\"><img loading=\"lazy\" decoding=\"async\" class=\"aligncenter size-medium wp-image-148\" src=\"https:\/\/metal-zbiorniki.pl\/wp-content\/uploads\/2014\/06\/p8235091-300x215.jpeg\" alt=\"OLYMPUS DIGITAL CAMERA\" width=\"300\" height=\"215\" srcset=\"https:\/\/metal-zbiorniki.pl\/wp-content\/uploads\/2014\/06\/p8235091-300x215.jpeg 300w, https:\/\/metal-zbiorniki.pl\/wp-content\/uploads\/2014\/06\/p8235091-1024x737.jpeg 1024w, https:\/\/metal-zbiorniki.pl\/wp-content\/uploads\/2014\/06\/p8235091.jpeg 1100w\" sizes=\"auto, (max-width: 300px) 100vw, 300px\" \/><\/a><\/p>\n<p><\/p>","protected":false},"excerpt":{"rendered":"<p>Wir fertigen Drucktanks in \u00dcbereinstimmung mit der EU-Richtlinie 97\/23\/EG. Sie unterliegen einer Pr\u00fcfung der Vereinbarkeit durch eine ausgew\u00e4hlte benannte Stelle gem\u00e4\u00df Modul \u201eG\u201c der Richtlinie.<\/p>\n","protected":false},"author":1,"featured_media":60,"parent":8,"menu_order":20,"comment_status":"closed","ping_status":"closed","template":"","meta":{"_acf_changed":false,"inline_featured_image":false,"footnotes":""},"class_list":["post-24","page","type-page","status-publish","has-post-thumbnail","hentry"],"acf":[],"yoast_head":"<!-- This site is optimized with the Yoast SEO plugin v24.8.1 - https:\/\/yoast.com\/wordpress\/plugins\/seo\/ -->\n<title>Drucktanks f\u00fcr Fl\u00fcssigkeiten und Gase - Metal Zbiorniki<\/title>\n<meta name=\"description\" content=\"Produkujemy zbiorniki ci\u015bnieniowe zgodne z Dyrektyw\u0105 UE 97\/23\/WE. Podlegaj\u0105 one ocenie zgodno\u015bci przez wybran\u0105 jednostk\u0119 notyfikowan\u0105 wg. modu\u0142u &quot;G&quot; dyrektywy.We manufacture pressure tanks in accordance with EU Directive 97\/23\/EC. They are subject to examination of conformity by a selected notified body in accordance with module &quot;G&quot; of the Directive.Wir fertigen Drucktanks in \u00dcbereinstimmung mit der EU-Richtlinie 97\/23\/EG. Sie unterliegen einer Pr\u00fcfung der Vereinbarkeit durch eine ausgew\u00e4hlte benannte Stelle gem\u00e4\u00df Modul \u201eG\u201c der Richtlinie.\" \/>\n<meta name=\"robots\" content=\"index, follow, max-snippet:-1, max-image-preview:large, max-video-preview:-1\" \/>\n<link rel=\"canonical\" href=\"https:\/\/metal-zbiorniki.pl\/de\/oferta\/zbiorniki-cisnieniowe\/\" \/>\n<meta name=\"twitter:label1\" content=\"Gesch\u00e4tzte Lesezeit\" \/>\n\t<meta name=\"twitter:data1\" content=\"3\u00a0Minuten\" \/>\n<script type=\"application\/ld+json\" class=\"yoast-schema-graph\">{\"@context\":\"https:\/\/schema.org\",\"@graph\":[{\"@type\":\"WebPage\",\"@id\":\"https:\/\/metal-zbiorniki.pl\/de\/oferta\/zbiorniki-cisnieniowe\/\",\"url\":\"https:\/\/metal-zbiorniki.pl\/de\/oferta\/zbiorniki-cisnieniowe\/\",\"name\":\"Drucktanks f\u00fcr Fl\u00fcssigkeiten und Gase - Metal Zbiorniki\",\"isPartOf\":{\"@id\":\"https:\/\/metal-zbiorniki.pl\/de\/#website\"},\"primaryImageOfPage\":{\"@id\":\"https:\/\/metal-zbiorniki.pl\/de\/oferta\/zbiorniki-cisnieniowe\/#primaryimage\"},\"image\":{\"@id\":\"https:\/\/metal-zbiorniki.pl\/oferta\/zbiorniki-cisnieniowe\/#primaryimage\"},\"thumbnailUrl\":\"https:\/\/metal-zbiorniki.pl\/wp-content\/uploads\/2014\/06\/mini-7.jpeg\",\"datePublished\":\"2014-06-06T10:21:19+00:00\",\"dateModified\":\"2026-03-29T11:58:04+00:00\",\"description\":\"Produkujemy zbiorniki ci\u015bnieniowe zgodne z Dyrektyw\u0105 UE 97\/23\/WE. Podlegaj\u0105 one ocenie zgodno\u015bci przez wybran\u0105 jednostk\u0119 notyfikowan\u0105 wg. modu\u0142u \\\"G\\\" dyrektywy.We manufacture pressure tanks in accordance with EU Directive 97\/23\/EC. They are subject to examination of conformity by a selected notified body in accordance with module \\\"G\\\" of the Directive.Wir fertigen Drucktanks in \u00dcbereinstimmung mit der EU-Richtlinie 97\/23\/EG. Sie unterliegen einer Pr\u00fcfung der Vereinbarkeit durch eine ausgew\u00e4hlte benannte Stelle gem\u00e4\u00df Modul \u201eG\u201c der Richtlinie.\",\"breadcrumb\":{\"@id\":\"https:\/\/metal-zbiorniki.pl\/de\/oferta\/zbiorniki-cisnieniowe\/#breadcrumb\"},\"inLanguage\":\"de\",\"potentialAction\":[{\"@type\":\"ReadAction\",\"target\":[[\"https:\/\/metal-zbiorniki.pl\/de\/oferta\/zbiorniki-cisnieniowe\/\"]]}]},{\"@type\":\"ImageObject\",\"inLanguage\":\"de\",\"@id\":\"https:\/\/metal-zbiorniki.pl\/de\/oferta\/zbiorniki-cisnieniowe\/#primaryimage\",\"url\":\"https:\/\/metal-zbiorniki.pl\/wp-content\/uploads\/2014\/06\/mini-7.jpeg\",\"contentUrl\":\"https:\/\/metal-zbiorniki.pl\/wp-content\/uploads\/2014\/06\/mini-7.jpeg\",\"width\":1100,\"height\":696},{\"@type\":\"BreadcrumbList\",\"@id\":\"https:\/\/metal-zbiorniki.pl\/de\/oferta\/zbiorniki-cisnieniowe\/#breadcrumb\",\"itemListElement\":[{\"@type\":\"ListItem\",\"position\":1,\"name\":\"Home\",\"item\":\"https:\/\/metal-zbiorniki.pl\/de\/\"},{\"@type\":\"ListItem\",\"position\":2,\"name\":\"Oferta\",\"item\":\"https:\/\/metal-zbiorniki.pl\/de\/oferta\/\"},{\"@type\":\"ListItem\",\"position\":3,\"name\":\"Zbiorniki ci\u015bnieniowe do powietrza i gaz\u00f3w\"}]},{\"@type\":\"WebSite\",\"@id\":\"https:\/\/metal-zbiorniki.pl\/de\/#website\",\"url\":\"https:\/\/metal-zbiorniki.pl\/de\/\",\"name\":\"Metal Zbiorniki\",\"description\":\"Producent zbiornik\u00f3w stalowych\",\"potentialAction\":[{\"@type\":\"SearchAction\",\"target\":{\"@type\":\"EntryPoint\",\"urlTemplate\":\"https:\/\/metal-zbiorniki.pl\/de\/?s={search_term_string}\"},\"query-input\":{\"@type\":\"PropertyValueSpecification\",\"valueRequired\":true,\"valueName\":\"search_term_string\"}}],\"inLanguage\":\"de\"}]}<\/script>\n<!-- \/ Yoast SEO plugin. -->","yoast_head_json":{"title":"Drucktanks f\u00fcr Fl\u00fcssigkeiten und Gase - Metal Zbiorniki","description":"Produkujemy zbiorniki ci\u015bnieniowe zgodne z Dyrektyw\u0105 UE 97\/23\/WE. Podlegaj\u0105 one ocenie zgodno\u015bci przez wybran\u0105 jednostk\u0119 notyfikowan\u0105 wg. modu\u0142u \"G\" dyrektywy.We manufacture pressure tanks in accordance with EU Directive 97\/23\/EC. They are subject to examination of conformity by a selected notified body in accordance with module \"G\" of the Directive.Wir fertigen Drucktanks in \u00dcbereinstimmung mit der EU-Richtlinie 97\/23\/EG. Sie unterliegen einer Pr\u00fcfung der Vereinbarkeit durch eine ausgew\u00e4hlte benannte Stelle gem\u00e4\u00df Modul \u201eG\u201c der Richtlinie.","robots":{"index":"index","follow":"follow","max-snippet":"max-snippet:-1","max-image-preview":"max-image-preview:large","max-video-preview":"max-video-preview:-1"},"canonical":"https:\/\/metal-zbiorniki.pl\/de\/oferta\/zbiorniki-cisnieniowe\/","twitter_misc":{"Gesch\u00e4tzte Lesezeit":"3\u00a0Minuten"},"schema":{"@context":"https:\/\/schema.org","@graph":[{"@type":"WebPage","@id":"https:\/\/metal-zbiorniki.pl\/de\/oferta\/zbiorniki-cisnieniowe\/","url":"https:\/\/metal-zbiorniki.pl\/de\/oferta\/zbiorniki-cisnieniowe\/","name":"Drucktanks f\u00fcr Fl\u00fcssigkeiten und Gase - Metal Zbiorniki","isPartOf":{"@id":"https:\/\/metal-zbiorniki.pl\/de\/#website"},"primaryImageOfPage":{"@id":"https:\/\/metal-zbiorniki.pl\/de\/oferta\/zbiorniki-cisnieniowe\/#primaryimage"},"image":{"@id":"https:\/\/metal-zbiorniki.pl\/oferta\/zbiorniki-cisnieniowe\/#primaryimage"},"thumbnailUrl":"https:\/\/metal-zbiorniki.pl\/wp-content\/uploads\/2014\/06\/mini-7.jpeg","datePublished":"2014-06-06T10:21:19+00:00","dateModified":"2026-03-29T11:58:04+00:00","description":"Produkujemy zbiorniki ci\u015bnieniowe zgodne z Dyrektyw\u0105 UE 97\/23\/WE. Podlegaj\u0105 one ocenie zgodno\u015bci przez wybran\u0105 jednostk\u0119 notyfikowan\u0105 wg. modu\u0142u \"G\" dyrektywy.We manufacture pressure tanks in accordance with EU Directive 97\/23\/EC. They are subject to examination of conformity by a selected notified body in accordance with module \"G\" of the Directive.Wir fertigen Drucktanks in \u00dcbereinstimmung mit der EU-Richtlinie 97\/23\/EG. Sie unterliegen einer Pr\u00fcfung der Vereinbarkeit durch eine ausgew\u00e4hlte benannte Stelle gem\u00e4\u00df Modul \u201eG\u201c der Richtlinie.","breadcrumb":{"@id":"https:\/\/metal-zbiorniki.pl\/de\/oferta\/zbiorniki-cisnieniowe\/#breadcrumb"},"inLanguage":"de","potentialAction":[{"@type":"ReadAction","target":[["https:\/\/metal-zbiorniki.pl\/de\/oferta\/zbiorniki-cisnieniowe\/"]]}]},{"@type":"ImageObject","inLanguage":"de","@id":"https:\/\/metal-zbiorniki.pl\/de\/oferta\/zbiorniki-cisnieniowe\/#primaryimage","url":"https:\/\/metal-zbiorniki.pl\/wp-content\/uploads\/2014\/06\/mini-7.jpeg","contentUrl":"https:\/\/metal-zbiorniki.pl\/wp-content\/uploads\/2014\/06\/mini-7.jpeg","width":1100,"height":696},{"@type":"BreadcrumbList","@id":"https:\/\/metal-zbiorniki.pl\/de\/oferta\/zbiorniki-cisnieniowe\/#breadcrumb","itemListElement":[{"@type":"ListItem","position":1,"name":"Home","item":"https:\/\/metal-zbiorniki.pl\/de\/"},{"@type":"ListItem","position":2,"name":"Oferta","item":"https:\/\/metal-zbiorniki.pl\/de\/oferta\/"},{"@type":"ListItem","position":3,"name":"Zbiorniki ci\u015bnieniowe do powietrza i gaz\u00f3w"}]},{"@type":"WebSite","@id":"https:\/\/metal-zbiorniki.pl\/de\/#website","url":"https:\/\/metal-zbiorniki.pl\/de\/","name":"Metal Zbiorniki","description":"Producent zbiornik\u00f3w stalowych","potentialAction":[{"@type":"SearchAction","target":{"@type":"EntryPoint","urlTemplate":"https:\/\/metal-zbiorniki.pl\/de\/?s={search_term_string}"},"query-input":{"@type":"PropertyValueSpecification","valueRequired":true,"valueName":"search_term_string"}}],"inLanguage":"de"}]}},"_links":{"self":[{"href":"https:\/\/metal-zbiorniki.pl\/de\/wp-json\/wp\/v2\/pages\/24","targetHints":{"allow":["GET"]}}],"collection":[{"href":"https:\/\/metal-zbiorniki.pl\/de\/wp-json\/wp\/v2\/pages"}],"about":[{"href":"https:\/\/metal-zbiorniki.pl\/de\/wp-json\/wp\/v2\/types\/page"}],"author":[{"embeddable":true,"href":"https:\/\/metal-zbiorniki.pl\/de\/wp-json\/wp\/v2\/users\/1"}],"replies":[{"embeddable":true,"href":"https:\/\/metal-zbiorniki.pl\/de\/wp-json\/wp\/v2\/comments?post=24"}],"version-history":[{"count":18,"href":"https:\/\/metal-zbiorniki.pl\/de\/wp-json\/wp\/v2\/pages\/24\/revisions"}],"predecessor-version":[{"id":872,"href":"https:\/\/metal-zbiorniki.pl\/de\/wp-json\/wp\/v2\/pages\/24\/revisions\/872"}],"up":[{"embeddable":true,"href":"https:\/\/metal-zbiorniki.pl\/de\/wp-json\/wp\/v2\/pages\/8"}],"wp:featuredmedia":[{"embeddable":true,"href":"https:\/\/metal-zbiorniki.pl\/de\/wp-json\/wp\/v2\/media\/60"}],"wp:attachment":[{"href":"https:\/\/metal-zbiorniki.pl\/de\/wp-json\/wp\/v2\/media?parent=24"}],"curies":[{"name":"wp","href":"https:\/\/api.w.org\/{rel}","templated":true}]}}