{"id":22,"date":"2014-06-06T12:20:30","date_gmt":"2014-06-06T10:20:30","guid":{"rendered":"https:\/\/metal-zbiorniki.pl\/?page_id=22"},"modified":"2026-03-29T13:37:50","modified_gmt":"2026-03-29T11:37:50","slug":"zbiorniki-nierdzewne","status":"publish","type":"page","link":"https:\/\/metal-zbiorniki.pl\/de\/oferta\/zbiorniki-nierdzewne\/","title":{"rendered":"Edelstahltanks"},"content":{"rendered":"<p>Wir fertigen Tanks aus Edel- und s\u00e4urebest\u00e4ndigem Stahl \u2013 Druck und drucklose Tanks mit Fassungsverm\u00f6gen von 100 bis 100.000 Liter nach eigener oder vom Kundern zur Verf\u00fcgung gestellter Dokumentation. Die am h\u00e4ufigsten von uns verwendeten Stahlsorten aus dieser Produktgruppe sind: 1.4301 \/ 1.4307 (304 \/ 304L), 1.4541 (321), 1.4404 (316L) und 1.4571 (316Ti). Die Hauptstahlsorte, die bei der Fertigung von Tanks verwendet wird, sind Bleche, die entsprechend den Normen EN10088-2 und EN10028-7 hergestellt wurden. In Hinsicht auf Blechdicke bis 6 mm verwenden wir kaltgewalzte Bleche mit 2B-Oberfl\u00e4chengl\u00e4tte, die ein- oder beidseitig foliert sind. F\u00fcr gr\u00f6\u00dfere Dicken (8 mm und mehr) verwenden wir zur Herstellung von Tanks warmgewalzte Bleche mit 1D-Oberfl\u00e4che.<\/p>\n<p>Edelstahltanks machen wir als Drucktanks (bis 20 bar), Niederdrucktanks (bis 0,5 bar) und drucklose Tanks. In dieser Kategorie k\u00f6nnen Tanks ein- oder doppelwandig Tanks sein und zum Speichern oder Erhitzen von Wasser, anderen Fl\u00fcssigkeiten oder Gasen verwendet werden. Edelstahltanks kommen h\u00e4ufig bei Lagerung von Gefahrenstoffen mit \u00e4tzenden und stark korrosiven Eigenschaften gegen\u00fcber Carbonstahl zum Einsatz.<\/p>\n<p>Der unbestreitbare Vorteil der Anwendung von Edelstahl gegen\u00fcber Carbonstahl ist seine h\u00f6here Haltbarkeit und Best\u00e4ndigkeit gegen\u00fcber den meisten Medien. Edelstahltanks korrodieren nicht auf normale Art und Weise und geben bei den meisten Eins\u00e4tzen im Laufe vieler Jahre nicht nach. Sie korrodieren nicht, brechen nicht (wie Kunststofftanks) und bed\u00fcrfen keiner Wartung. Wenn Sie Wert auf den leisen, langfristigen Betrieb von Metalltanks legen, sollten Sie sich f\u00fcr Edelstahltanks aus der hier angebotenen Gruppe entscheiden.<\/p>\n<p style=\"text-align: center;\"><a href=\"https:\/\/metal-zbiorniki.pl\/wp-content\/uploads\/2014\/06\/pb242209.jpeg\">\u00a0<img loading=\"lazy\" decoding=\"async\" class=\"aligncenter size-medium wp-image-137\" src=\"https:\/\/metal-zbiorniki.pl\/wp-content\/uploads\/2014\/06\/pb242209-300x285.jpeg\" alt=\"OLYMPUS DIGITAL CAMERA\" width=\"300\" height=\"285\" srcset=\"https:\/\/metal-zbiorniki.pl\/wp-content\/uploads\/2014\/06\/pb242209-300x285.jpeg 300w, https:\/\/metal-zbiorniki.pl\/wp-content\/uploads\/2014\/06\/pb242209.jpeg 796w\" sizes=\"auto, (max-width: 300px) 100vw, 300px\" \/><\/a> <a href=\"https:\/\/metal-zbiorniki.pl\/wp-content\/uploads\/2014\/06\/p8315148.jpeg\"><img loading=\"lazy\" decoding=\"async\" class=\"aligncenter size-medium wp-image-138\" src=\"https:\/\/metal-zbiorniki.pl\/wp-content\/uploads\/2014\/06\/p8315148-300x181.jpeg\" alt=\"OLYMPUS DIGITAL CAMERA\" width=\"300\" height=\"181\" srcset=\"https:\/\/metal-zbiorniki.pl\/wp-content\/uploads\/2014\/06\/p8315148-300x181.jpeg 300w, https:\/\/metal-zbiorniki.pl\/wp-content\/uploads\/2014\/06\/p8315148-1024x619.jpeg 1024w, https:\/\/metal-zbiorniki.pl\/wp-content\/uploads\/2014\/06\/p8315148.jpeg 1100w\" sizes=\"auto, (max-width: 300px) 100vw, 300px\" \/><\/a><\/p>\n<p><\/p>","protected":false},"excerpt":{"rendered":"<p>Aus s\u00e4urebest\u00e4ndigem Stahl, Drucktanks und drucklose Tanks mit einem Fassungsverm\u00f6gen von 1000 bis 100.000 Litern.<\/p>\n","protected":false},"author":1,"featured_media":55,"parent":8,"menu_order":10,"comment_status":"open","ping_status":"open","template":"","meta":{"_acf_changed":false,"inline_featured_image":false,"footnotes":""},"class_list":["post-22","page","type-page","status-publish","has-post-thumbnail","hentry"],"acf":[],"yoast_head":"<!-- This site is optimized with the Yoast SEO plugin v24.8.1 - https:\/\/yoast.com\/wordpress\/plugins\/seo\/ -->\n<title>Edelstahltanks - Metal Zbiorniki<\/title>\n<meta name=\"description\" content=\"Ze stali kwasoodpornych ci\u015bnieniowe i bezci\u015bnieniowe o pojemno\u015bciach od 1000 do 100000 litr\u00f3w.Made of acid-resistant steel, pressure tanks and pressureless tanks with a capacity of 1000 to 100,000 liters.Aus s\u00e4urebest\u00e4ndigem Stahl, Drucktanks und drucklose Tanks mit einem Fassungsverm\u00f6gen von 1000 bis 100.000 Litern.\" \/>\n<meta name=\"robots\" content=\"index, follow, max-snippet:-1, max-image-preview:large, max-video-preview:-1\" \/>\n<link rel=\"canonical\" href=\"https:\/\/metal-zbiorniki.pl\/de\/oferta\/zbiorniki-nierdzewne\/\" \/>\n<meta name=\"twitter:label1\" content=\"Gesch\u00e4tzte Lesezeit\" \/>\n\t<meta name=\"twitter:data1\" content=\"3\u00a0Minuten\" \/>\n<script type=\"application\/ld+json\" class=\"yoast-schema-graph\">{\"@context\":\"https:\/\/schema.org\",\"@graph\":[{\"@type\":\"WebPage\",\"@id\":\"https:\/\/metal-zbiorniki.pl\/de\/oferta\/zbiorniki-nierdzewne\/\",\"url\":\"https:\/\/metal-zbiorniki.pl\/de\/oferta\/zbiorniki-nierdzewne\/\",\"name\":\"Edelstahltanks - Metal Zbiorniki\",\"isPartOf\":{\"@id\":\"https:\/\/metal-zbiorniki.pl\/de\/#website\"},\"primaryImageOfPage\":{\"@id\":\"https:\/\/metal-zbiorniki.pl\/de\/oferta\/zbiorniki-nierdzewne\/#primaryimage\"},\"image\":{\"@id\":\"https:\/\/metal-zbiorniki.pl\/oferta\/zbiorniki-nierdzewne\/#primaryimage\"},\"thumbnailUrl\":\"https:\/\/metal-zbiorniki.pl\/wp-content\/uploads\/2014\/06\/mini-4.jpeg\",\"datePublished\":\"2014-06-06T10:20:30+00:00\",\"dateModified\":\"2026-03-29T11:37:50+00:00\",\"description\":\"Ze stali kwasoodpornych ci\u015bnieniowe i bezci\u015bnieniowe o pojemno\u015bciach od 1000 do 100000 litr\u00f3w.Made of acid-resistant steel, pressure tanks and pressureless tanks with a capacity of 1000 to 100,000 liters.Aus s\u00e4urebest\u00e4ndigem Stahl, Drucktanks und drucklose Tanks mit einem Fassungsverm\u00f6gen von 1000 bis 100.000 Litern.\",\"breadcrumb\":{\"@id\":\"https:\/\/metal-zbiorniki.pl\/de\/oferta\/zbiorniki-nierdzewne\/#breadcrumb\"},\"inLanguage\":\"de\",\"potentialAction\":[{\"@type\":\"ReadAction\",\"target\":[[\"https:\/\/metal-zbiorniki.pl\/de\/oferta\/zbiorniki-nierdzewne\/\"]]}]},{\"@type\":\"ImageObject\",\"inLanguage\":\"de\",\"@id\":\"https:\/\/metal-zbiorniki.pl\/de\/oferta\/zbiorniki-nierdzewne\/#primaryimage\",\"url\":\"https:\/\/metal-zbiorniki.pl\/wp-content\/uploads\/2014\/06\/mini-4.jpeg\",\"contentUrl\":\"https:\/\/metal-zbiorniki.pl\/wp-content\/uploads\/2014\/06\/mini-4.jpeg\",\"width\":796,\"height\":757},{\"@type\":\"BreadcrumbList\",\"@id\":\"https:\/\/metal-zbiorniki.pl\/de\/oferta\/zbiorniki-nierdzewne\/#breadcrumb\",\"itemListElement\":[{\"@type\":\"ListItem\",\"position\":1,\"name\":\"Home\",\"item\":\"https:\/\/metal-zbiorniki.pl\/de\/\"},{\"@type\":\"ListItem\",\"position\":2,\"name\":\"Oferta\",\"item\":\"https:\/\/metal-zbiorniki.pl\/de\/oferta\/\"},{\"@type\":\"ListItem\",\"position\":3,\"name\":\"Zbiorniki nierdzewne i kwasoodporne\"}]},{\"@type\":\"WebSite\",\"@id\":\"https:\/\/metal-zbiorniki.pl\/de\/#website\",\"url\":\"https:\/\/metal-zbiorniki.pl\/de\/\",\"name\":\"Metal Zbiorniki\",\"description\":\"Producent zbiornik\u00f3w stalowych\",\"potentialAction\":[{\"@type\":\"SearchAction\",\"target\":{\"@type\":\"EntryPoint\",\"urlTemplate\":\"https:\/\/metal-zbiorniki.pl\/de\/?s={search_term_string}\"},\"query-input\":{\"@type\":\"PropertyValueSpecification\",\"valueRequired\":true,\"valueName\":\"search_term_string\"}}],\"inLanguage\":\"de\"}]}<\/script>\n<!-- \/ Yoast SEO plugin. -->","yoast_head_json":{"title":"Edelstahltanks - Metal Zbiorniki","description":"Ze stali kwasoodpornych ci\u015bnieniowe i bezci\u015bnieniowe o pojemno\u015bciach od 1000 do 100000 litr\u00f3w.Made of acid-resistant steel, pressure tanks and pressureless tanks with a capacity of 1000 to 100,000 liters.Aus s\u00e4urebest\u00e4ndigem Stahl, Drucktanks und drucklose Tanks mit einem Fassungsverm\u00f6gen von 1000 bis 100.000 Litern.","robots":{"index":"index","follow":"follow","max-snippet":"max-snippet:-1","max-image-preview":"max-image-preview:large","max-video-preview":"max-video-preview:-1"},"canonical":"https:\/\/metal-zbiorniki.pl\/de\/oferta\/zbiorniki-nierdzewne\/","twitter_misc":{"Gesch\u00e4tzte Lesezeit":"3\u00a0Minuten"},"schema":{"@context":"https:\/\/schema.org","@graph":[{"@type":"WebPage","@id":"https:\/\/metal-zbiorniki.pl\/de\/oferta\/zbiorniki-nierdzewne\/","url":"https:\/\/metal-zbiorniki.pl\/de\/oferta\/zbiorniki-nierdzewne\/","name":"Edelstahltanks - Metal Zbiorniki","isPartOf":{"@id":"https:\/\/metal-zbiorniki.pl\/de\/#website"},"primaryImageOfPage":{"@id":"https:\/\/metal-zbiorniki.pl\/de\/oferta\/zbiorniki-nierdzewne\/#primaryimage"},"image":{"@id":"https:\/\/metal-zbiorniki.pl\/oferta\/zbiorniki-nierdzewne\/#primaryimage"},"thumbnailUrl":"https:\/\/metal-zbiorniki.pl\/wp-content\/uploads\/2014\/06\/mini-4.jpeg","datePublished":"2014-06-06T10:20:30+00:00","dateModified":"2026-03-29T11:37:50+00:00","description":"Ze stali kwasoodpornych ci\u015bnieniowe i bezci\u015bnieniowe o pojemno\u015bciach od 1000 do 100000 litr\u00f3w.Made of acid-resistant steel, pressure tanks and pressureless tanks with a capacity of 1000 to 100,000 liters.Aus s\u00e4urebest\u00e4ndigem Stahl, Drucktanks und drucklose Tanks mit einem Fassungsverm\u00f6gen von 1000 bis 100.000 Litern.","breadcrumb":{"@id":"https:\/\/metal-zbiorniki.pl\/de\/oferta\/zbiorniki-nierdzewne\/#breadcrumb"},"inLanguage":"de","potentialAction":[{"@type":"ReadAction","target":[["https:\/\/metal-zbiorniki.pl\/de\/oferta\/zbiorniki-nierdzewne\/"]]}]},{"@type":"ImageObject","inLanguage":"de","@id":"https:\/\/metal-zbiorniki.pl\/de\/oferta\/zbiorniki-nierdzewne\/#primaryimage","url":"https:\/\/metal-zbiorniki.pl\/wp-content\/uploads\/2014\/06\/mini-4.jpeg","contentUrl":"https:\/\/metal-zbiorniki.pl\/wp-content\/uploads\/2014\/06\/mini-4.jpeg","width":796,"height":757},{"@type":"BreadcrumbList","@id":"https:\/\/metal-zbiorniki.pl\/de\/oferta\/zbiorniki-nierdzewne\/#breadcrumb","itemListElement":[{"@type":"ListItem","position":1,"name":"Home","item":"https:\/\/metal-zbiorniki.pl\/de\/"},{"@type":"ListItem","position":2,"name":"Oferta","item":"https:\/\/metal-zbiorniki.pl\/de\/oferta\/"},{"@type":"ListItem","position":3,"name":"Zbiorniki nierdzewne i kwasoodporne"}]},{"@type":"WebSite","@id":"https:\/\/metal-zbiorniki.pl\/de\/#website","url":"https:\/\/metal-zbiorniki.pl\/de\/","name":"Metal Zbiorniki","description":"Producent zbiornik\u00f3w stalowych","potentialAction":[{"@type":"SearchAction","target":{"@type":"EntryPoint","urlTemplate":"https:\/\/metal-zbiorniki.pl\/de\/?s={search_term_string}"},"query-input":{"@type":"PropertyValueSpecification","valueRequired":true,"valueName":"search_term_string"}}],"inLanguage":"de"}]}},"_links":{"self":[{"href":"https:\/\/metal-zbiorniki.pl\/de\/wp-json\/wp\/v2\/pages\/22","targetHints":{"allow":["GET"]}}],"collection":[{"href":"https:\/\/metal-zbiorniki.pl\/de\/wp-json\/wp\/v2\/pages"}],"about":[{"href":"https:\/\/metal-zbiorniki.pl\/de\/wp-json\/wp\/v2\/types\/page"}],"author":[{"embeddable":true,"href":"https:\/\/metal-zbiorniki.pl\/de\/wp-json\/wp\/v2\/users\/1"}],"replies":[{"embeddable":true,"href":"https:\/\/metal-zbiorniki.pl\/de\/wp-json\/wp\/v2\/comments?post=22"}],"version-history":[{"count":16,"href":"https:\/\/metal-zbiorniki.pl\/de\/wp-json\/wp\/v2\/pages\/22\/revisions"}],"predecessor-version":[{"id":868,"href":"https:\/\/metal-zbiorniki.pl\/de\/wp-json\/wp\/v2\/pages\/22\/revisions\/868"}],"up":[{"embeddable":true,"href":"https:\/\/metal-zbiorniki.pl\/de\/wp-json\/wp\/v2\/pages\/8"}],"wp:featuredmedia":[{"embeddable":true,"href":"https:\/\/metal-zbiorniki.pl\/de\/wp-json\/wp\/v2\/media\/55"}],"wp:attachment":[{"href":"https:\/\/metal-zbiorniki.pl\/de\/wp-json\/wp\/v2\/media?parent=22"}],"curies":[{"name":"wp","href":"https:\/\/api.w.org\/{rel}","templated":true}]}}