{"id":204,"date":"2014-06-08T12:14:41","date_gmt":"2014-06-08T10:14:41","guid":{"rendered":"https:\/\/metal-zbiorniki.pl\/?page_id=204"},"modified":"2025-11-11T11:28:37","modified_gmt":"2025-11-11T10:28:37","slug":"o-firmie-i-certyfikaty","status":"publish","type":"page","link":"https:\/\/metal-zbiorniki.pl\/de\/o-firmie-i-certyfikaty\/","title":{"rendered":"\u00dcber uns"},"content":{"rendered":"<p><a href=\"https:\/\/metal-zbiorniki.pl\/wp-content\/uploads\/2014\/06\/7.jpg\"><img loading=\"lazy\" decoding=\"async\" class=\"alignright wp-image-309\" src=\"https:\/\/metal-zbiorniki.pl\/wp-content\/uploads\/2014\/06\/7.jpg\" alt=\"OLYMPUS DIGITAL CAMERA\" width=\"364\" height=\"226\" srcset=\"https:\/\/metal-zbiorniki.pl\/wp-content\/uploads\/2014\/06\/7.jpg 700w, https:\/\/metal-zbiorniki.pl\/wp-content\/uploads\/2014\/06\/7-300x186.jpg 300w\" sizes=\"auto, (max-width: 364px) 100vw, 364px\" \/><\/a>Wir haben uns auf die Fertigung von Stahltanks spezialisiert. Wir stellen Metalltanks mit einem Fassungsverm\u00f6gen von 600 bis 100.000 Liter her. Die einzige Einschr\u00e4nkung der Gr\u00f6\u00dfe der hergestellten Stahltanks liegt in den logistischen M\u00f6glichkeiten ihres Transports zum Aufstellungsort. Die meisten Tanks fertigen wir auf der Grundlage unserer eigenen Entw\u00fcrfe, andere wiederum anhand der uns vom Kunden anvertrauten Dokumentation. Unsere Erfahrung in der Fertigung von Tanks, Beh\u00e4ltern, Zisternen, Containern und Stahlkonstruktionen reicht mehr als 30 Jahre zur\u00fcck. Wir stellen unsere Tanks aus Carbon- und Edelstahl her. Carbonstahltanks sch\u00fctzen wir vor Korrosion, indem wir spezielle Epoxidharz- und Polyurethanschichten sowie Harze und \u00e4hnliche Stoffe auftragen. Die Ausr\u00fcstung, Ger\u00e4te und Vorrichtungen, die wir zu unserer Verf\u00fcgung haben, machen es uns m\u00f6glich, Kundenauftr\u00e4ge in der Metallindustrie eigenst\u00e4ndig und unabh\u00e4ngig abzuwickeln. Als Hersteller von Tanks gehen wir jeden Kunden und alle Arten von Bed\u00fcrfnissen individuell an. Aufrichtigkeit und Zuverl\u00e4ssigkeit ist f\u00fcr unsere T\u00e4tigkeit richtungsweisend. Wir sorgen f\u00fcr hohe Qualit\u00e4t und Langlebigkeit unserer Produkte. Wir nehmen gerne neue Herausforderungen an und erforschen bisher weniger bekannte Bereiche.<\/p>\n<h3><strong>Unsere Zertifikate<\/strong><\/h3>\n<p>Wir haben die Erlaubnis der technischen Aufsichtsbeh\u00f6rde, drucklose und Niederdrucktanks zu fertigen, zu modernisieren und zu reparieren, die zur Speicherung brennbarer, giftiger oder \u00e4tzender Stoffe bestimmt sind. Unser Team von kompetenten Profis verf\u00fcgt \u00fcber die erforderlichen Genehmigungen, Zertifikate und Qualifikationen, um Druckbeh\u00e4lter gem\u00e4\u00df Richtlinie 2014\/68\/EU des Europ\u00e4ischen Parlaments und des Rates sowie andere spezialisierte Ger\u00e4te und Vorrichtungen zu fertigen.<\/p>\n<p class=\"aligncenter\"><a href=\"https:\/\/metal-zbiorniki.pl\/wp-content\/uploads\/2014\/06\/4.jpeg\"><img loading=\"lazy\" decoding=\"async\" class=\"aligncenter size-medium wp-image-213\" src=\"https:\/\/metal-zbiorniki.pl\/wp-content\/uploads\/2014\/06\/4-216x300.jpeg\" alt=\"4\" width=\"216\" height=\"300\" srcset=\"https:\/\/metal-zbiorniki.pl\/wp-content\/uploads\/2014\/06\/4-216x300.jpeg 216w, https:\/\/metal-zbiorniki.pl\/wp-content\/uploads\/2014\/06\/4-739x1024.jpeg 739w, https:\/\/metal-zbiorniki.pl\/wp-content\/uploads\/2014\/06\/4.jpeg 900w\" sizes=\"auto, (max-width: 216px) 100vw, 216px\" \/><\/a> <a href=\"https:\/\/metal-zbiorniki.pl\/wp-content\/uploads\/2014\/06\/5.jpeg\"><img loading=\"lazy\" decoding=\"async\" class=\"aligncenter size-medium wp-image-214\" src=\"https:\/\/metal-zbiorniki.pl\/wp-content\/uploads\/2014\/06\/5-216x300.jpeg\" alt=\"5\" width=\"216\" height=\"300\" srcset=\"https:\/\/metal-zbiorniki.pl\/wp-content\/uploads\/2014\/06\/5-216x300.jpeg 216w, https:\/\/metal-zbiorniki.pl\/wp-content\/uploads\/2014\/06\/5-739x1024.jpeg 739w, https:\/\/metal-zbiorniki.pl\/wp-content\/uploads\/2014\/06\/5.jpeg 900w\" sizes=\"auto, (max-width: 216px) 100vw, 216px\" \/><\/a> <a href=\"https:\/\/metal-zbiorniki.pl\/wp-content\/uploads\/2014\/06\/6.jpeg\"><img loading=\"lazy\" decoding=\"async\" class=\"aligncenter size-medium wp-image-215\" src=\"https:\/\/metal-zbiorniki.pl\/wp-content\/uploads\/2014\/06\/6-216x300.jpeg\" alt=\"6\" width=\"216\" height=\"300\" srcset=\"https:\/\/metal-zbiorniki.pl\/wp-content\/uploads\/2014\/06\/6-216x300.jpeg 216w, https:\/\/metal-zbiorniki.pl\/wp-content\/uploads\/2014\/06\/6-739x1024.jpeg 739w, https:\/\/metal-zbiorniki.pl\/wp-content\/uploads\/2014\/06\/6.jpeg 900w\" sizes=\"auto, (max-width: 216px) 100vw, 216px\" \/><\/a> <a href=\"https:\/\/metal-zbiorniki.pl\/wp-content\/uploads\/2014\/06\/3.jpeg\"><img loading=\"lazy\" decoding=\"async\" class=\"aligncenter size-medium wp-image-216\" src=\"https:\/\/metal-zbiorniki.pl\/wp-content\/uploads\/2014\/06\/3-216x300.jpeg\" alt=\"3\" width=\"216\" height=\"300\" srcset=\"https:\/\/metal-zbiorniki.pl\/wp-content\/uploads\/2014\/06\/3-216x300.jpeg 216w, https:\/\/metal-zbiorniki.pl\/wp-content\/uploads\/2014\/06\/3-739x1024.jpeg 739w, https:\/\/metal-zbiorniki.pl\/wp-content\/uploads\/2014\/06\/3.jpeg 900w\" sizes=\"auto, (max-width: 216px) 100vw, 216px\" \/><\/a> <a href=\"https:\/\/metal-zbiorniki.pl\/wp-content\/uploads\/2014\/06\/2.jpeg\"><img loading=\"lazy\" decoding=\"async\" class=\"aligncenter size-medium wp-image-217\" src=\"https:\/\/metal-zbiorniki.pl\/wp-content\/uploads\/2014\/06\/2-216x300.jpeg\" alt=\"2\" width=\"216\" height=\"300\" srcset=\"https:\/\/metal-zbiorniki.pl\/wp-content\/uploads\/2014\/06\/2-216x300.jpeg 216w, https:\/\/metal-zbiorniki.pl\/wp-content\/uploads\/2014\/06\/2-739x1024.jpeg 739w, https:\/\/metal-zbiorniki.pl\/wp-content\/uploads\/2014\/06\/2.jpeg 900w\" sizes=\"auto, (max-width: 216px) 100vw, 216px\" \/><\/a> <a href=\"https:\/\/metal-zbiorniki.pl\/wp-content\/uploads\/2014\/06\/1.jpeg\"><img loading=\"lazy\" decoding=\"async\" class=\"aligncenter size-medium wp-image-218\" src=\"https:\/\/metal-zbiorniki.pl\/wp-content\/uploads\/2014\/06\/1-216x300.jpeg\" alt=\"1\" width=\"216\" height=\"300\" srcset=\"https:\/\/metal-zbiorniki.pl\/wp-content\/uploads\/2014\/06\/1-216x300.jpeg 216w, https:\/\/metal-zbiorniki.pl\/wp-content\/uploads\/2014\/06\/1-739x1024.jpeg 739w, https:\/\/metal-zbiorniki.pl\/wp-content\/uploads\/2014\/06\/1.jpeg 900w\" sizes=\"auto, (max-width: 216px) 100vw, 216px\" \/><\/a><\/p>\n<p><\/p>","protected":false},"excerpt":{"rendered":"<p>Wir haben uns auf die Fertigung von Stahltanks spezialisiert. Wir stellen Metalltanks mit einem Fassungsverm\u00f6gen von 600 bis 100.000 Liter her. Die einzige Einschr\u00e4nkung der Gr\u00f6\u00dfe der hergestellten Stahltanks liegt in den logistischen M\u00f6glichkeiten ihres Transports zum Aufstellungsort. Die meisten Tanks fertigen wir auf der Grundlage unserer eigenen Entw\u00fcrfe, andere wiederum anhand der uns vom [&hellip;]<\/p>\n","protected":false},"author":1,"featured_media":0,"parent":0,"menu_order":0,"comment_status":"closed","ping_status":"closed","template":"","meta":{"_acf_changed":false,"inline_featured_image":false,"footnotes":""},"class_list":["post-204","page","type-page","status-publish","hentry"],"acf":[],"yoast_head":"<!-- This site is optimized with the Yoast SEO plugin v24.8.1 - https:\/\/yoast.com\/wordpress\/plugins\/seo\/ -->\n<title>\u00dcber uns - Metal Zbiorniki<\/title>\n<meta name=\"description\" content=\"W Metal Zbiorniki specjalizujemy si\u0119 w projektowaniu, produkcji i dostawie wyspecjalizowanych zbiornik\u00f3w, urz\u0105dze\u0144 i konstrukcji ze stali nierdzewnych i\" \/>\n<meta name=\"robots\" content=\"index, follow, max-snippet:-1, max-image-preview:large, max-video-preview:-1\" \/>\n<link rel=\"canonical\" href=\"https:\/\/metal-zbiorniki.pl\/de\/o-firmie-i-certyfikaty\/\" \/>\n<meta name=\"twitter:label1\" content=\"Gesch\u00e4tzte Lesezeit\" \/>\n\t<meta name=\"twitter:data1\" content=\"4\u00a0Minuten\" \/>\n<script type=\"application\/ld+json\" class=\"yoast-schema-graph\">{\"@context\":\"https:\/\/schema.org\",\"@graph\":[{\"@type\":\"WebPage\",\"@id\":\"https:\/\/metal-zbiorniki.pl\/de\/o-firmie-i-certyfikaty\/\",\"url\":\"https:\/\/metal-zbiorniki.pl\/de\/o-firmie-i-certyfikaty\/\",\"name\":\"\u00dcber uns - Metal Zbiorniki\",\"isPartOf\":{\"@id\":\"https:\/\/metal-zbiorniki.pl\/de\/#website\"},\"primaryImageOfPage\":{\"@id\":\"https:\/\/metal-zbiorniki.pl\/de\/o-firmie-i-certyfikaty\/#primaryimage\"},\"image\":{\"@id\":\"https:\/\/metal-zbiorniki.pl\/o-firmie-i-certyfikaty\/#primaryimage\"},\"thumbnailUrl\":\"https:\/\/metal-zbiorniki.pl\/wp-content\/uploads\/2014\/06\/7.jpg\",\"datePublished\":\"2014-06-08T10:14:41+00:00\",\"dateModified\":\"2025-11-11T10:28:37+00:00\",\"description\":\"W Metal Zbiorniki specjalizujemy si\u0119 w projektowaniu, produkcji i dostawie wyspecjalizowanych zbiornik\u00f3w, urz\u0105dze\u0144 i konstrukcji ze stali nierdzewnych i\",\"breadcrumb\":{\"@id\":\"https:\/\/metal-zbiorniki.pl\/de\/o-firmie-i-certyfikaty\/#breadcrumb\"},\"inLanguage\":\"de\",\"potentialAction\":[{\"@type\":\"ReadAction\",\"target\":[[\"https:\/\/metal-zbiorniki.pl\/de\/o-firmie-i-certyfikaty\/\"]]}]},{\"@type\":\"ImageObject\",\"inLanguage\":\"de\",\"@id\":\"https:\/\/metal-zbiorniki.pl\/de\/o-firmie-i-certyfikaty\/#primaryimage\",\"url\":\"https:\/\/metal-zbiorniki.pl\/wp-content\/uploads\/2014\/06\/7.jpg\",\"contentUrl\":\"https:\/\/metal-zbiorniki.pl\/wp-content\/uploads\/2014\/06\/7.jpg\"},{\"@type\":\"BreadcrumbList\",\"@id\":\"https:\/\/metal-zbiorniki.pl\/de\/o-firmie-i-certyfikaty\/#breadcrumb\",\"itemListElement\":[{\"@type\":\"ListItem\",\"position\":1,\"name\":\"Home\",\"item\":\"https:\/\/metal-zbiorniki.pl\/de\/\"},{\"@type\":\"ListItem\",\"position\":2,\"name\":\"O firmie Metal Zbiorniki\"}]},{\"@type\":\"WebSite\",\"@id\":\"https:\/\/metal-zbiorniki.pl\/de\/#website\",\"url\":\"https:\/\/metal-zbiorniki.pl\/de\/\",\"name\":\"Metal Zbiorniki\",\"description\":\"Producent zbiornik\u00f3w stalowych\",\"potentialAction\":[{\"@type\":\"SearchAction\",\"target\":{\"@type\":\"EntryPoint\",\"urlTemplate\":\"https:\/\/metal-zbiorniki.pl\/de\/?s={search_term_string}\"},\"query-input\":{\"@type\":\"PropertyValueSpecification\",\"valueRequired\":true,\"valueName\":\"search_term_string\"}}],\"inLanguage\":\"de\"}]}<\/script>\n<!-- \/ Yoast SEO plugin. -->","yoast_head_json":{"title":"\u00dcber uns - Metal Zbiorniki","description":"W Metal Zbiorniki specjalizujemy si\u0119 w projektowaniu, produkcji i dostawie wyspecjalizowanych zbiornik\u00f3w, urz\u0105dze\u0144 i konstrukcji ze stali nierdzewnych i","robots":{"index":"index","follow":"follow","max-snippet":"max-snippet:-1","max-image-preview":"max-image-preview:large","max-video-preview":"max-video-preview:-1"},"canonical":"https:\/\/metal-zbiorniki.pl\/de\/o-firmie-i-certyfikaty\/","twitter_misc":{"Gesch\u00e4tzte Lesezeit":"4\u00a0Minuten"},"schema":{"@context":"https:\/\/schema.org","@graph":[{"@type":"WebPage","@id":"https:\/\/metal-zbiorniki.pl\/de\/o-firmie-i-certyfikaty\/","url":"https:\/\/metal-zbiorniki.pl\/de\/o-firmie-i-certyfikaty\/","name":"\u00dcber uns - Metal Zbiorniki","isPartOf":{"@id":"https:\/\/metal-zbiorniki.pl\/de\/#website"},"primaryImageOfPage":{"@id":"https:\/\/metal-zbiorniki.pl\/de\/o-firmie-i-certyfikaty\/#primaryimage"},"image":{"@id":"https:\/\/metal-zbiorniki.pl\/o-firmie-i-certyfikaty\/#primaryimage"},"thumbnailUrl":"https:\/\/metal-zbiorniki.pl\/wp-content\/uploads\/2014\/06\/7.jpg","datePublished":"2014-06-08T10:14:41+00:00","dateModified":"2025-11-11T10:28:37+00:00","description":"W Metal Zbiorniki specjalizujemy si\u0119 w projektowaniu, produkcji i dostawie wyspecjalizowanych zbiornik\u00f3w, urz\u0105dze\u0144 i konstrukcji ze stali nierdzewnych i","breadcrumb":{"@id":"https:\/\/metal-zbiorniki.pl\/de\/o-firmie-i-certyfikaty\/#breadcrumb"},"inLanguage":"de","potentialAction":[{"@type":"ReadAction","target":[["https:\/\/metal-zbiorniki.pl\/de\/o-firmie-i-certyfikaty\/"]]}]},{"@type":"ImageObject","inLanguage":"de","@id":"https:\/\/metal-zbiorniki.pl\/de\/o-firmie-i-certyfikaty\/#primaryimage","url":"https:\/\/metal-zbiorniki.pl\/wp-content\/uploads\/2014\/06\/7.jpg","contentUrl":"https:\/\/metal-zbiorniki.pl\/wp-content\/uploads\/2014\/06\/7.jpg"},{"@type":"BreadcrumbList","@id":"https:\/\/metal-zbiorniki.pl\/de\/o-firmie-i-certyfikaty\/#breadcrumb","itemListElement":[{"@type":"ListItem","position":1,"name":"Home","item":"https:\/\/metal-zbiorniki.pl\/de\/"},{"@type":"ListItem","position":2,"name":"O firmie Metal Zbiorniki"}]},{"@type":"WebSite","@id":"https:\/\/metal-zbiorniki.pl\/de\/#website","url":"https:\/\/metal-zbiorniki.pl\/de\/","name":"Metal Zbiorniki","description":"Producent zbiornik\u00f3w stalowych","potentialAction":[{"@type":"SearchAction","target":{"@type":"EntryPoint","urlTemplate":"https:\/\/metal-zbiorniki.pl\/de\/?s={search_term_string}"},"query-input":{"@type":"PropertyValueSpecification","valueRequired":true,"valueName":"search_term_string"}}],"inLanguage":"de"}]}},"_links":{"self":[{"href":"https:\/\/metal-zbiorniki.pl\/de\/wp-json\/wp\/v2\/pages\/204","targetHints":{"allow":["GET"]}}],"collection":[{"href":"https:\/\/metal-zbiorniki.pl\/de\/wp-json\/wp\/v2\/pages"}],"about":[{"href":"https:\/\/metal-zbiorniki.pl\/de\/wp-json\/wp\/v2\/types\/page"}],"author":[{"embeddable":true,"href":"https:\/\/metal-zbiorniki.pl\/de\/wp-json\/wp\/v2\/users\/1"}],"replies":[{"embeddable":true,"href":"https:\/\/metal-zbiorniki.pl\/de\/wp-json\/wp\/v2\/comments?post=204"}],"version-history":[{"count":35,"href":"https:\/\/metal-zbiorniki.pl\/de\/wp-json\/wp\/v2\/pages\/204\/revisions"}],"predecessor-version":[{"id":706,"href":"https:\/\/metal-zbiorniki.pl\/de\/wp-json\/wp\/v2\/pages\/204\/revisions\/706"}],"wp:attachment":[{"href":"https:\/\/metal-zbiorniki.pl\/de\/wp-json\/wp\/v2\/media?parent=204"}],"curies":[{"name":"wp","href":"https:\/\/api.w.org\/{rel}","templated":true}]}}