{"id":18,"date":"2014-06-06T12:18:41","date_gmt":"2014-06-06T10:18:41","guid":{"rendered":"https:\/\/metal-zbiorniki.pl\/?page_id=18"},"modified":"2025-11-03T17:43:57","modified_gmt":"2025-11-03T16:43:57","slug":"zbiorniki-jednoplaszczowe","status":"publish","type":"page","link":"https:\/\/metal-zbiorniki.pl\/de\/oferta\/zbiorniki-jednoplaszczowe\/","title":{"rendered":"Einwandige oberirdische Tanks"},"content":{"rendered":"<p><\/p>\n<div class=\"alignright\"><a href=\"https:\/\/metal-zbiorniki.pl\/wp-content\/uploads\/2014\/06\/pa296196.jpeg\"><img loading=\"lazy\" decoding=\"async\" class=\"alignright size-medium wp-image-129\" src=\"https:\/\/metal-zbiorniki.pl\/wp-content\/uploads\/2014\/06\/pa296196-300x165.jpeg\" alt=\"OLYMPUS DIGITAL CAMERA\" width=\"300\" height=\"165\" srcset=\"https:\/\/metal-zbiorniki.pl\/wp-content\/uploads\/2014\/06\/pa296196-300x165.jpeg 300w, https:\/\/metal-zbiorniki.pl\/wp-content\/uploads\/2014\/06\/pa296196-1024x564.jpeg 1024w, https:\/\/metal-zbiorniki.pl\/wp-content\/uploads\/2014\/06\/pa296196.jpeg 1100w\" sizes=\"auto, (max-width: 300px) 100vw, 300px\" \/><\/a><br \/>\n<a href=\"https:\/\/metal-zbiorniki.pl\/wp-content\/uploads\/2014\/06\/p2240083.jpeg\"><img loading=\"lazy\" decoding=\"async\" class=\"alignright size-medium wp-image-130\" src=\"https:\/\/metal-zbiorniki.pl\/wp-content\/uploads\/2014\/06\/p2240083-300x178.jpeg\" alt=\"OLYMPUS DIGITAL CAMERA\" width=\"300\" height=\"178\" srcset=\"https:\/\/metal-zbiorniki.pl\/wp-content\/uploads\/2014\/06\/p2240083-300x178.jpeg 300w, https:\/\/metal-zbiorniki.pl\/wp-content\/uploads\/2014\/06\/p2240083-1024x607.jpeg 1024w, https:\/\/metal-zbiorniki.pl\/wp-content\/uploads\/2014\/06\/p2240083.jpeg 1100w\" sizes=\"auto, (max-width: 300px) 100vw, 300px\" \/><\/a><br \/>\n<a href=\"https:\/\/metal-zbiorniki.pl\/wp-content\/uploads\/2014\/06\/p2230068.jpeg\"><img loading=\"lazy\" decoding=\"async\" class=\"alignright size-medium wp-image-131\" src=\"https:\/\/metal-zbiorniki.pl\/wp-content\/uploads\/2014\/06\/p2230068-300x175.jpeg\" alt=\"OLYMPUS DIGITAL CAMERA\" width=\"300\" height=\"175\" srcset=\"https:\/\/metal-zbiorniki.pl\/wp-content\/uploads\/2014\/06\/p2230068-300x175.jpeg 300w, https:\/\/metal-zbiorniki.pl\/wp-content\/uploads\/2014\/06\/p2230068-1024x599.jpeg 1024w, https:\/\/metal-zbiorniki.pl\/wp-content\/uploads\/2014\/06\/p2230068.jpeg 1100w\" sizes=\"auto, (max-width: 300px) 100vw, 300px\" \/><\/a><\/div>\n<p>In der Gruppe der einwandigen Tanks haben wir oberirdische Tank f\u00fcr Wasser, andere Fl\u00fcssigkeiten, Gase und Streumaterial im Angebot. Eine gro\u00dfe Gruppe machen Zylindertanks mit einer horizontalen Achse mit konvexen Bodenplatten aus, gebaut nach der Norm PN-EN 12285-2. Wir fertigen Trinkwassertanks. Diese Tanks verf\u00fcgen \u00fcber ein Attest des polnischen Nationalen Gesundheitsinstituts (PZH). Die Innenfl\u00e4chen, die mit Trinkwasser in Kontakt kommen, werden durch vom polnischen Nationalen Gesundheitsinstitut (PZH) attestierte Spezialschutzbeschichtungen gesichert.<\/p>\n<p>Wir bauen auch vertikale geschlossene Zylindertanks mit konvexen, flachen oder konischen Bodenplatten. Eine gesonderte Gruppe stellen quaderf\u00f6rmige Tanks aus flachen W\u00e4nden dar.<\/p>\n<p>Nachfolgend finden Sie die Hauptbaureihe oberirdischer einwandiger Zylindertanks mit horizontaler Achse. Auf Kundenwunsch fertigen wir auch Tanks mit Zwischenma\u00dfen. Wir verf\u00fcgen \u00fcber ein umfangreiches Projektportfolio mit Tanks aus unserem Angebot in verschiedenen Formen, Gr\u00f6\u00dfen und Zubeh\u00f6r.<\/p>\n<h4>Katalogbl\u00e4tter<\/h4>\n<ul>\n<li><a href=\"https:\/\/metal-zbiorniki.pl\/wp-content\/uploads\/2014\/06\/karta-znj.pdf\">Einwandige oberirdische Tanks<\/a><\/li>\n<\/ul>\n<table class=\"aligncenter\" style=\"width: 54%;\">\n<caption>\u00a0<\/caption>\n<tbody>\n<tr>\n<th>Volumen<br \/>\n(m<sup>3<\/sup>)<\/th>\n<th>Durchmesser<br \/>\n(mm)<\/th>\n<th>Wandl\u00e4nge<br \/>\n(mm)<\/th>\n<th>L\u00e4nge des Tanks<br \/>\n(mm)<\/th>\n<th>Gewicht des Tanks<br \/>\n(kg)<\/th>\n<\/tr>\n<tr>\n<td>1<\/td>\n<td>1000<\/td>\n<td>1250<\/td>\n<td>1550<\/td>\n<td>480<\/td>\n<\/tr>\n<tr class=\"even\">\n<td>2,5<\/td>\n<td>1250<\/td>\n<td>2000<\/td>\n<td>2420<\/td>\n<td>620<\/td>\n<\/tr>\n<tr>\n<td>4<\/td>\n<td>1250<\/td>\n<td>3000<\/td>\n<td>3420<\/td>\n<td>750<\/td>\n<\/tr>\n<tr class=\"even\">\n<td>6<\/td>\n<td>1600<\/td>\n<td>3000<\/td>\n<td>3540<\/td>\n<td>950<\/td>\n<\/tr>\n<tr>\n<td>10<\/td>\n<td>1600<\/td>\n<td>4750<\/td>\n<td>5300<\/td>\n<td>1400<\/td>\n<\/tr>\n<tr class=\"even\">\n<td>10<\/td>\n<td>2000<\/td>\n<td>3000<\/td>\n<td>3660<\/td>\n<td>1950<\/td>\n<\/tr>\n<tr>\n<td>12,5<\/td>\n<td>1600<\/td>\n<td>6000<\/td>\n<td>6550<\/td>\n<td>1600<\/td>\n<\/tr>\n<tr class=\"even\">\n<td>15<\/td>\n<td>2000<\/td>\n<td>4500<\/td>\n<td>5160<\/td>\n<td>2500<\/td>\n<\/tr>\n<tr>\n<td>20<\/td>\n<td>2000<\/td>\n<td>6250<\/td>\n<td>6910<\/td>\n<td>3000<\/td>\n<\/tr>\n<tr class=\"even\">\n<td>24<\/td>\n<td>2000<\/td>\n<td>7500<\/td>\n<td>8160<\/td>\n<td>3350<\/td>\n<\/tr>\n<tr>\n<td>30<\/td>\n<td>2500<\/td>\n<td>6000<\/td>\n<td>6800<\/td>\n<td>4000<\/td>\n<\/tr>\n<tr class=\"even\">\n<td>40<\/td>\n<td>2500<\/td>\n<td>8000<\/td>\n<td>8800<\/td>\n<td>4750<\/td>\n<\/tr>\n<tr>\n<td>50<\/td>\n<td>2500<\/td>\n<td>10000<\/td>\n<td>10800<\/td>\n<td>5050<\/td>\n<\/tr>\n<tr class=\"even\">\n<td>50<\/td>\n<td>2900<\/td>\n<td>7500<\/td>\n<td>8400<\/td>\n<td>5200<\/td>\n<\/tr>\n<tr>\n<td>60<\/td>\n<td>2900<\/td>\n<td>9000<\/td>\n<td>9900<\/td>\n<td>6000<\/td>\n<\/tr>\n<tr class=\"even\">\n<td>100<\/td>\n<td>2900<\/td>\n<td>15000<\/td>\n<td>15900<\/td>\n<td>9800<\/td>\n<\/tr>\n<\/tbody>\n<\/table>\n<p>&nbsp;<\/p>","protected":false},"excerpt":{"rendered":"<p>Wir fertigen einwandige Erd- und oberirdische Tanks.<\/p>\n","protected":false},"author":1,"featured_media":54,"parent":8,"menu_order":70,"comment_status":"open","ping_status":"closed","template":"","meta":{"_acf_changed":false,"inline_featured_image":false,"footnotes":""},"class_list":["post-18","page","type-page","status-publish","has-post-thumbnail","hentry"],"acf":[],"yoast_head":"<!-- This site is optimized with the Yoast SEO plugin v24.8.1 - https:\/\/yoast.com\/wordpress\/plugins\/seo\/ -->\n<title>Einwandige oberirdische Tanks - Metal Zbiorniki<\/title>\n<meta name=\"description\" content=\"Produkujemy zbiorniki jednop\u0142aszczowe podziemne i nadziemne.We manufacture single-walled underground and above-ground tanks.Wir fertigen einwandige Erd- und oberirdische Tanks.\" \/>\n<meta name=\"robots\" content=\"index, follow, max-snippet:-1, max-image-preview:large, max-video-preview:-1\" \/>\n<link rel=\"canonical\" href=\"https:\/\/metal-zbiorniki.pl\/de\/oferta\/zbiorniki-jednoplaszczowe\/\" \/>\n<meta name=\"twitter:label1\" content=\"Gesch\u00e4tzte Lesezeit\" \/>\n\t<meta name=\"twitter:data1\" content=\"3\u00a0Minuten\" \/>\n<script type=\"application\/ld+json\" class=\"yoast-schema-graph\">{\"@context\":\"https:\/\/schema.org\",\"@graph\":[{\"@type\":\"WebPage\",\"@id\":\"https:\/\/metal-zbiorniki.pl\/de\/oferta\/zbiorniki-jednoplaszczowe\/\",\"url\":\"https:\/\/metal-zbiorniki.pl\/de\/oferta\/zbiorniki-jednoplaszczowe\/\",\"name\":\"Einwandige oberirdische Tanks - Metal Zbiorniki\",\"isPartOf\":{\"@id\":\"https:\/\/metal-zbiorniki.pl\/de\/#website\"},\"primaryImageOfPage\":{\"@id\":\"https:\/\/metal-zbiorniki.pl\/de\/oferta\/zbiorniki-jednoplaszczowe\/#primaryimage\"},\"image\":{\"@id\":\"https:\/\/metal-zbiorniki.pl\/oferta\/zbiorniki-jednoplaszczowe\/#primaryimage\"},\"thumbnailUrl\":\"https:\/\/metal-zbiorniki.pl\/wp-content\/uploads\/2014\/06\/mini-3.jpeg\",\"datePublished\":\"2014-06-06T10:18:41+00:00\",\"dateModified\":\"2025-11-03T16:43:57+00:00\",\"description\":\"Produkujemy zbiorniki jednop\u0142aszczowe podziemne i nadziemne.We manufacture single-walled underground and above-ground tanks.Wir fertigen einwandige Erd- und oberirdische Tanks.\",\"breadcrumb\":{\"@id\":\"https:\/\/metal-zbiorniki.pl\/de\/oferta\/zbiorniki-jednoplaszczowe\/#breadcrumb\"},\"inLanguage\":\"de\",\"potentialAction\":[{\"@type\":\"ReadAction\",\"target\":[[\"https:\/\/metal-zbiorniki.pl\/de\/oferta\/zbiorniki-jednoplaszczowe\/\"]]}]},{\"@type\":\"ImageObject\",\"inLanguage\":\"de\",\"@id\":\"https:\/\/metal-zbiorniki.pl\/de\/oferta\/zbiorniki-jednoplaszczowe\/#primaryimage\",\"url\":\"https:\/\/metal-zbiorniki.pl\/wp-content\/uploads\/2014\/06\/mini-3.jpeg\",\"contentUrl\":\"https:\/\/metal-zbiorniki.pl\/wp-content\/uploads\/2014\/06\/mini-3.jpeg\",\"width\":1100,\"height\":644},{\"@type\":\"BreadcrumbList\",\"@id\":\"https:\/\/metal-zbiorniki.pl\/de\/oferta\/zbiorniki-jednoplaszczowe\/#breadcrumb\",\"itemListElement\":[{\"@type\":\"ListItem\",\"position\":1,\"name\":\"Home\",\"item\":\"https:\/\/metal-zbiorniki.pl\/de\/\"},{\"@type\":\"ListItem\",\"position\":2,\"name\":\"Oferta\",\"item\":\"https:\/\/metal-zbiorniki.pl\/de\/oferta\/\"},{\"@type\":\"ListItem\",\"position\":3,\"name\":\"Zbiorniki bezci\u015bnieniowe i do 0,5 bar\"}]},{\"@type\":\"WebSite\",\"@id\":\"https:\/\/metal-zbiorniki.pl\/de\/#website\",\"url\":\"https:\/\/metal-zbiorniki.pl\/de\/\",\"name\":\"Metal Zbiorniki\",\"description\":\"Producent zbiornik\u00f3w stalowych\",\"potentialAction\":[{\"@type\":\"SearchAction\",\"target\":{\"@type\":\"EntryPoint\",\"urlTemplate\":\"https:\/\/metal-zbiorniki.pl\/de\/?s={search_term_string}\"},\"query-input\":{\"@type\":\"PropertyValueSpecification\",\"valueRequired\":true,\"valueName\":\"search_term_string\"}}],\"inLanguage\":\"de\"}]}<\/script>\n<!-- \/ Yoast SEO plugin. -->","yoast_head_json":{"title":"Einwandige oberirdische Tanks - Metal Zbiorniki","description":"Produkujemy zbiorniki jednop\u0142aszczowe podziemne i nadziemne.We manufacture single-walled underground and above-ground tanks.Wir fertigen einwandige Erd- und oberirdische Tanks.","robots":{"index":"index","follow":"follow","max-snippet":"max-snippet:-1","max-image-preview":"max-image-preview:large","max-video-preview":"max-video-preview:-1"},"canonical":"https:\/\/metal-zbiorniki.pl\/de\/oferta\/zbiorniki-jednoplaszczowe\/","twitter_misc":{"Gesch\u00e4tzte Lesezeit":"3\u00a0Minuten"},"schema":{"@context":"https:\/\/schema.org","@graph":[{"@type":"WebPage","@id":"https:\/\/metal-zbiorniki.pl\/de\/oferta\/zbiorniki-jednoplaszczowe\/","url":"https:\/\/metal-zbiorniki.pl\/de\/oferta\/zbiorniki-jednoplaszczowe\/","name":"Einwandige oberirdische Tanks - Metal Zbiorniki","isPartOf":{"@id":"https:\/\/metal-zbiorniki.pl\/de\/#website"},"primaryImageOfPage":{"@id":"https:\/\/metal-zbiorniki.pl\/de\/oferta\/zbiorniki-jednoplaszczowe\/#primaryimage"},"image":{"@id":"https:\/\/metal-zbiorniki.pl\/oferta\/zbiorniki-jednoplaszczowe\/#primaryimage"},"thumbnailUrl":"https:\/\/metal-zbiorniki.pl\/wp-content\/uploads\/2014\/06\/mini-3.jpeg","datePublished":"2014-06-06T10:18:41+00:00","dateModified":"2025-11-03T16:43:57+00:00","description":"Produkujemy zbiorniki jednop\u0142aszczowe podziemne i nadziemne.We manufacture single-walled underground and above-ground tanks.Wir fertigen einwandige Erd- und oberirdische Tanks.","breadcrumb":{"@id":"https:\/\/metal-zbiorniki.pl\/de\/oferta\/zbiorniki-jednoplaszczowe\/#breadcrumb"},"inLanguage":"de","potentialAction":[{"@type":"ReadAction","target":[["https:\/\/metal-zbiorniki.pl\/de\/oferta\/zbiorniki-jednoplaszczowe\/"]]}]},{"@type":"ImageObject","inLanguage":"de","@id":"https:\/\/metal-zbiorniki.pl\/de\/oferta\/zbiorniki-jednoplaszczowe\/#primaryimage","url":"https:\/\/metal-zbiorniki.pl\/wp-content\/uploads\/2014\/06\/mini-3.jpeg","contentUrl":"https:\/\/metal-zbiorniki.pl\/wp-content\/uploads\/2014\/06\/mini-3.jpeg","width":1100,"height":644},{"@type":"BreadcrumbList","@id":"https:\/\/metal-zbiorniki.pl\/de\/oferta\/zbiorniki-jednoplaszczowe\/#breadcrumb","itemListElement":[{"@type":"ListItem","position":1,"name":"Home","item":"https:\/\/metal-zbiorniki.pl\/de\/"},{"@type":"ListItem","position":2,"name":"Oferta","item":"https:\/\/metal-zbiorniki.pl\/de\/oferta\/"},{"@type":"ListItem","position":3,"name":"Zbiorniki bezci\u015bnieniowe i do 0,5 bar"}]},{"@type":"WebSite","@id":"https:\/\/metal-zbiorniki.pl\/de\/#website","url":"https:\/\/metal-zbiorniki.pl\/de\/","name":"Metal Zbiorniki","description":"Producent zbiornik\u00f3w stalowych","potentialAction":[{"@type":"SearchAction","target":{"@type":"EntryPoint","urlTemplate":"https:\/\/metal-zbiorniki.pl\/de\/?s={search_term_string}"},"query-input":{"@type":"PropertyValueSpecification","valueRequired":true,"valueName":"search_term_string"}}],"inLanguage":"de"}]}},"_links":{"self":[{"href":"https:\/\/metal-zbiorniki.pl\/de\/wp-json\/wp\/v2\/pages\/18","targetHints":{"allow":["GET"]}}],"collection":[{"href":"https:\/\/metal-zbiorniki.pl\/de\/wp-json\/wp\/v2\/pages"}],"about":[{"href":"https:\/\/metal-zbiorniki.pl\/de\/wp-json\/wp\/v2\/types\/page"}],"author":[{"embeddable":true,"href":"https:\/\/metal-zbiorniki.pl\/de\/wp-json\/wp\/v2\/users\/1"}],"replies":[{"embeddable":true,"href":"https:\/\/metal-zbiorniki.pl\/de\/wp-json\/wp\/v2\/comments?post=18"}],"version-history":[{"count":23,"href":"https:\/\/metal-zbiorniki.pl\/de\/wp-json\/wp\/v2\/pages\/18\/revisions"}],"predecessor-version":[{"id":671,"href":"https:\/\/metal-zbiorniki.pl\/de\/wp-json\/wp\/v2\/pages\/18\/revisions\/671"}],"up":[{"embeddable":true,"href":"https:\/\/metal-zbiorniki.pl\/de\/wp-json\/wp\/v2\/pages\/8"}],"wp:featuredmedia":[{"embeddable":true,"href":"https:\/\/metal-zbiorniki.pl\/de\/wp-json\/wp\/v2\/media\/54"}],"wp:attachment":[{"href":"https:\/\/metal-zbiorniki.pl\/de\/wp-json\/wp\/v2\/media?parent=18"}],"curies":[{"name":"wp","href":"https:\/\/api.w.org\/{rel}","templated":true}]}}