{"id":16,"date":"2014-06-06T12:18:17","date_gmt":"2014-06-06T10:18:17","guid":{"rendered":"https:\/\/metal-zbiorniki.pl\/?page_id=16"},"modified":"2025-11-15T17:57:36","modified_gmt":"2025-11-15T16:57:36","slug":"zbiorniki-dwuplaszczowe-do-olejow-i-produktow-niebezpiecznych","status":"publish","type":"page","link":"https:\/\/metal-zbiorniki.pl\/de\/oferta\/zbiorniki-dwuplaszczowe-do-olejow-i-produktow-niebezpiecznych\/","title":{"rendered":"Doppelwandige Tanks (f\u00fcr Kraftstoffe, \u00d6le und Gefahrenstoffe)"},"content":{"rendered":"<p>Doppelwandige oberirdische drucklose Tanks und Niederdrucktanks sowie doppelwandige Erdtanks zur Speicherung brennbarer, giftiger und \u00e4tzender Stoffe machen eine wichtige Gruppe unseres Produktangebots aus.<\/p>\n<p>Wir stellen Niederdrucktanks mit einem Druck von bis zu 0,5 bar und drucklose Tanks, die der technischen Aufsichtsbeh\u00f6rde unterliegen, her. Es sind Heiz\u00f6ltanks und Gefahrenstofftanks.<\/p>\n<p>Nachstehend finden Sie die Hauptbaureihe der gefertigten Tanks. Wir stellen auch Tanks mit Zwischenma\u00dfen her \u2013 je nach den Bed\u00fcrfnissen der Kunden.<\/p>\n<ol>\n<li><a href=\"#naziemne\">Doppelwandige oberirdische Tanks<\/a><\/li>\n<li><a href=\"#podziemne\">Doppelwandige Erdtanks<\/a><\/li>\n<\/ol>\n<hr \/>\n<div class=\"clearfix\">\n<h2 id=\"naziemne\">1. Doppelwandige oberirdische Tanks<\/h2>\n<div class=\"alignright\"><a href=\"https:\/\/metal-zbiorniki.pl\/wp-content\/uploads\/2014\/06\/pb233605.jpeg\"><img loading=\"lazy\" decoding=\"async\" class=\"alignright size-medium wp-image-119\" src=\"https:\/\/metal-zbiorniki.pl\/wp-content\/uploads\/2014\/06\/pb233605-300x209.jpeg\" alt=\"OLYMPUS DIGITAL CAMERA\" width=\"300\" height=\"209\" srcset=\"https:\/\/metal-zbiorniki.pl\/wp-content\/uploads\/2014\/06\/pb233605-300x209.jpeg 300w, https:\/\/metal-zbiorniki.pl\/wp-content\/uploads\/2014\/06\/pb233605.jpeg 800w\" sizes=\"auto, (max-width: 300px) 100vw, 300px\" \/><\/a><br \/>\n<a href=\"https:\/\/metal-zbiorniki.pl\/wp-content\/uploads\/2014\/06\/pa146058.jpeg\"><img loading=\"lazy\" decoding=\"async\" class=\"alignright size-medium wp-image-120\" src=\"https:\/\/metal-zbiorniki.pl\/wp-content\/uploads\/2014\/06\/pa146058-300x176.jpeg\" alt=\"OLYMPUS DIGITAL CAMERA\" width=\"300\" height=\"176\" srcset=\"https:\/\/metal-zbiorniki.pl\/wp-content\/uploads\/2014\/06\/pa146058-300x176.jpeg 300w, https:\/\/metal-zbiorniki.pl\/wp-content\/uploads\/2014\/06\/pa146058-1024x602.jpeg 1024w, https:\/\/metal-zbiorniki.pl\/wp-content\/uploads\/2014\/06\/pa146058.jpeg 1100w\" sizes=\"auto, (max-width: 300px) 100vw, 300px\" \/><\/a><br \/>\n<a href=\"https:\/\/metal-zbiorniki.pl\/wp-content\/uploads\/2014\/06\/p8235088.jpeg\"><img loading=\"lazy\" decoding=\"async\" class=\"alignright size-medium wp-image-121\" src=\"https:\/\/metal-zbiorniki.pl\/wp-content\/uploads\/2014\/06\/p8235088-300x123.jpeg\" alt=\"OLYMPUS DIGITAL CAMERA\" width=\"300\" height=\"123\" srcset=\"https:\/\/metal-zbiorniki.pl\/wp-content\/uploads\/2014\/06\/p8235088-300x123.jpeg 300w, https:\/\/metal-zbiorniki.pl\/wp-content\/uploads\/2014\/06\/p8235088-1024x421.jpeg 1024w, https:\/\/metal-zbiorniki.pl\/wp-content\/uploads\/2014\/06\/p8235088.jpeg 1100w\" sizes=\"auto, (max-width: 300px) 100vw, 300px\" \/><\/a><\/div>\n<h4>Katalogbl\u00e4tter<\/h4>\n<ul>\n<li><a href=\"https:\/\/metal-zbiorniki.pl\/wp-content\/uploads\/2014\/06\/karta-znd.pdf\">Doppelwandige oberirdische Tanks<\/a><\/li>\n<\/ul>\n<table class=\"aligncenter\" style=\"width: 54%;\">\n<tbody>\n<tr>\n<th>Volumen<br \/>\n(m<sup>3<\/sup>)<\/th>\n<th>Durchmesser<br \/>\n(mm)<\/th>\n<th>Wandl\u00e4nge<br \/>\n(mm)<\/th>\n<th>L\u00e4nge des Tanks<br \/>\n(mm)<\/th>\n<th>Gewicht des Tanks<br \/>\n(kg)<\/th>\n<\/tr>\n<tr>\n<td>1<\/td>\n<td>1000<\/td>\n<td>1250<\/td>\n<td>1570<\/td>\n<td>620<\/td>\n<\/tr>\n<tr class=\"even\">\n<td>2,5<\/td>\n<td>1250<\/td>\n<td>2000<\/td>\n<td>2440<\/td>\n<td>940<\/td>\n<\/tr>\n<tr>\n<td>4<\/td>\n<td>1250<\/td>\n<td>3000<\/td>\n<td>3440<\/td>\n<td>1020<\/td>\n<\/tr>\n<tr class=\"even\">\n<td>6<\/td>\n<td>1600<\/td>\n<td>3000<\/td>\n<td>3560<\/td>\n<td>1200<\/td>\n<\/tr>\n<tr>\n<td>10<\/td>\n<td>1600<\/td>\n<td>4750<\/td>\n<td>5320<\/td>\n<td>2300<\/td>\n<\/tr>\n<tr class=\"even\">\n<td>10<\/td>\n<td>2000<\/td>\n<td>3000<\/td>\n<td>3680<\/td>\n<td>2450<\/td>\n<\/tr>\n<tr>\n<td>12,5<\/td>\n<td>1600<\/td>\n<td>6000<\/td>\n<td>6570<\/td>\n<td>2600<\/td>\n<\/tr>\n<tr class=\"even\">\n<td>15<\/td>\n<td>2000<\/td>\n<td>4500<\/td>\n<td>5180<\/td>\n<td>3500<\/td>\n<\/tr>\n<tr>\n<td>20<\/td>\n<td>2000<\/td>\n<td>6250<\/td>\n<td>6930<\/td>\n<td>3900<\/td>\n<\/tr>\n<tr class=\"even\">\n<td>24<\/td>\n<td>2000<\/td>\n<td>7500<\/td>\n<td>8180<\/td>\n<td>4600<\/td>\n<\/tr>\n<tr>\n<td>30<\/td>\n<td>2500<\/td>\n<td>6000<\/td>\n<td>6820<\/td>\n<td>5350<\/td>\n<\/tr>\n<tr class=\"even\">\n<td>40<\/td>\n<td>2500<\/td>\n<td>8000<\/td>\n<td>8820<\/td>\n<td>6650<\/td>\n<\/tr>\n<tr>\n<td>50<\/td>\n<td>2500<\/td>\n<td>10000<\/td>\n<td>10820<\/td>\n<td>8100<\/td>\n<\/tr>\n<tr class=\"even\">\n<td>50<\/td>\n<td>2900<\/td>\n<td>7500<\/td>\n<td>8420<\/td>\n<td>8250<\/td>\n<\/tr>\n<tr>\n<td>60<\/td>\n<td>2900<\/td>\n<td>9000<\/td>\n<td>9920<\/td>\n<td>10200<\/td>\n<\/tr>\n<tr class=\"even\">\n<td>100<\/td>\n<td>2900<\/td>\n<td>15000<\/td>\n<td>15920<\/td>\n<td>14350<\/td>\n<\/tr>\n<\/tbody>\n<\/table>\n<\/div>\n<hr \/>\n<div class=\"clearfix\">\n<h2 id=\"podziemne\">2. Doppelwandige Erdtanks<\/h2>\n<div class=\"alignright\"><a href=\"https:\/\/metal-zbiorniki.pl\/wp-content\/uploads\/2014\/06\/p5240134.jpeg\"><img loading=\"lazy\" decoding=\"async\" class=\"alignright size-medium wp-image-124\" src=\"https:\/\/metal-zbiorniki.pl\/wp-content\/uploads\/2014\/06\/p5240134-300x205.jpeg\" alt=\"OLYMPUS DIGITAL CAMERA\" width=\"300\" height=\"205\" srcset=\"https:\/\/metal-zbiorniki.pl\/wp-content\/uploads\/2014\/06\/p5240134-300x205.jpeg 300w, https:\/\/metal-zbiorniki.pl\/wp-content\/uploads\/2014\/06\/p5240134-1024x701.jpeg 1024w, https:\/\/metal-zbiorniki.pl\/wp-content\/uploads\/2014\/06\/p5240134.jpeg 1078w\" sizes=\"auto, (max-width: 300px) 100vw, 300px\" \/><\/a><br \/>\n<a href=\"https:\/\/metal-zbiorniki.pl\/wp-content\/uploads\/2014\/06\/p5240138.jpeg\"><img loading=\"lazy\" decoding=\"async\" class=\"alignright size-medium wp-image-125\" src=\"https:\/\/metal-zbiorniki.pl\/wp-content\/uploads\/2014\/06\/p5240138-300x197.jpeg\" alt=\"OLYMPUS DIGITAL CAMERA\" width=\"300\" height=\"197\" srcset=\"https:\/\/metal-zbiorniki.pl\/wp-content\/uploads\/2014\/06\/p5240138-300x197.jpeg 300w, https:\/\/metal-zbiorniki.pl\/wp-content\/uploads\/2014\/06\/p5240138-1024x673.jpeg 1024w, https:\/\/metal-zbiorniki.pl\/wp-content\/uploads\/2014\/06\/p5240138.jpeg 1113w\" sizes=\"auto, (max-width: 300px) 100vw, 300px\" \/><\/a><\/div>\n<h4>Katalogbl\u00e4tter<\/h4>\n<ul>\n<li><a href=\"https:\/\/metal-zbiorniki.pl\/wp-content\/uploads\/2014\/06\/karta-zpd.pdf\">Einkammerige Erdtanks<\/a><\/li>\n<li><a href=\"https:\/\/metal-zbiorniki.pl\/wp-content\/uploads\/2014\/06\/karta-zpd-2k.pdf\">Zweikammerige Erdtanks<\/a><\/li>\n<\/ul>\n<table class=\"aligncenter\" style=\"width: 54%;\">\n<tbody>\n<tr>\n<th>Volumen<br \/>\n(m<sup>3<\/sup>)<\/th>\n<th>Durchmesser<br \/>\n(mm)<\/th>\n<th>Wandl\u00e4nge<br \/>\n(mm)<\/th>\n<th>L\u00e4nge des Tanks<br \/>\n(mm)<\/th>\n<th>Gewicht des Tanks<br \/>\n(kg)<\/th>\n<\/tr>\n<tr>\n<td>1<\/td>\n<td>1000<\/td>\n<td>1250<\/td>\n<td>1570<\/td>\n<td>600<\/td>\n<\/tr>\n<tr class=\"even\">\n<td>2,5<\/td>\n<td>1250<\/td>\n<td>2000<\/td>\n<td>2440<\/td>\n<td>880<\/td>\n<\/tr>\n<tr>\n<td>4<\/td>\n<td>1250<\/td>\n<td>3000<\/td>\n<td>3440<\/td>\n<td>900<\/td>\n<\/tr>\n<tr class=\"even\">\n<td>6<\/td>\n<td>1600<\/td>\n<td>3000<\/td>\n<td>3560<\/td>\n<td>1050<\/td>\n<\/tr>\n<tr>\n<td>10<\/td>\n<td>1600<\/td>\n<td>4750<\/td>\n<td>5320<\/td>\n<td>2150<\/td>\n<\/tr>\n<tr class=\"even\">\n<td>10<\/td>\n<td>2000<\/td>\n<td>3000<\/td>\n<td>3680<\/td>\n<td>2250<\/td>\n<\/tr>\n<tr>\n<td>12,5<\/td>\n<td>1600<\/td>\n<td>6000<\/td>\n<td>6570<\/td>\n<td>2400<\/td>\n<\/tr>\n<tr class=\"even\">\n<td>15<\/td>\n<td>2000<\/td>\n<td>4500<\/td>\n<td>5180<\/td>\n<td>3250<\/td>\n<\/tr>\n<tr>\n<td>20<\/td>\n<td>2000<\/td>\n<td>6250<\/td>\n<td>6930<\/td>\n<td>3650<\/td>\n<\/tr>\n<tr class=\"even\">\n<td>24<\/td>\n<td>2000<\/td>\n<td>7500<\/td>\n<td>8180<\/td>\n<td>4300<\/td>\n<\/tr>\n<tr>\n<td>30<\/td>\n<td>2500<\/td>\n<td>6000<\/td>\n<td>6820<\/td>\n<td>5050<\/td>\n<\/tr>\n<tr class=\"even\">\n<td>40<\/td>\n<td>2500<\/td>\n<td>8000<\/td>\n<td>8820<\/td>\n<td>6350<\/td>\n<\/tr>\n<tr>\n<td>50<\/td>\n<td>2500<\/td>\n<td>10000<\/td>\n<td>10820<\/td>\n<td>7800<\/td>\n<\/tr>\n<tr class=\"even\">\n<td>50<\/td>\n<td>2900<\/td>\n<td>7500<\/td>\n<td>8420<\/td>\n<td>7950<\/td>\n<\/tr>\n<tr>\n<td>60<\/td>\n<td>2900<\/td>\n<td>9000<\/td>\n<td>9920<\/td>\n<td>9900<\/td>\n<\/tr>\n<tr class=\"even\">\n<td>100<\/td>\n<td>2900<\/td>\n<td>15000<\/td>\n<td>15920<\/td>\n<td>14000<\/td>\n<\/tr>\n<\/tbody>\n<\/table>\n<\/div>\n<p><\/p>","protected":false},"excerpt":{"rendered":"<p>Wir fertigen Niederdrucktanks mit einem Druck von bis zu 0,5 bar und drucklose Tanks zur Speicherung von Heiz\u00f6len und anderen Gefahrenstoffen. Wir stellen sowohl Erd- als auch oberirdische Tanks her.<\/p>\n","protected":false},"author":1,"featured_media":53,"parent":8,"menu_order":30,"comment_status":"open","ping_status":"closed","template":"","meta":{"_acf_changed":false,"inline_featured_image":false,"footnotes":""},"class_list":["post-16","page","type-page","status-publish","has-post-thumbnail","hentry"],"acf":[],"yoast_head":"<!-- This site is optimized with the Yoast SEO plugin v24.8.1 - https:\/\/yoast.com\/wordpress\/plugins\/seo\/ -->\n<title>Doppelwandige Tanks (f\u00fcr Kraftstoffe, \u00d6le und Gefahrenstoffe) - Metal Zbiorniki<\/title>\n<meta name=\"description\" content=\"Produkujemy zbiorniki niskoci\u015bnieniowe o ci\u015bnieniu do 0,5 bar oraz bezci\u015bnieniowe do magazynowania olej\u00f3w opa\u0142owych i innych medi\u00f3w niebezpiecznych. Wykonujemy zbiorniki zar\u00f3wno podziemne jak i naziemne.We manufacture low-pressure tanks with a pressure of up to 0.5 bar and pressureless tanks for storing heating oils and other hazardous substances. We manufacture both underground and above-ground tanks.Wir fertigen Niederdrucktanks mit einem Druck von bis zu 0,5 bar und drucklose Tanks zur Speicherung von Heiz\u00f6len und anderen Gefahrenstoffen. Wir stellen sowohl Erd- als auch oberirdische Tanks her.\" \/>\n<meta name=\"robots\" content=\"index, follow, max-snippet:-1, max-image-preview:large, max-video-preview:-1\" \/>\n<link rel=\"canonical\" href=\"https:\/\/metal-zbiorniki.pl\/de\/oferta\/zbiorniki-dwuplaszczowe-do-olejow-i-produktow-niebezpiecznych\/\" \/>\n<meta name=\"twitter:label1\" content=\"Gesch\u00e4tzte Lesezeit\" \/>\n\t<meta name=\"twitter:data1\" content=\"3\u00a0Minuten\" \/>\n<script type=\"application\/ld+json\" class=\"yoast-schema-graph\">{\"@context\":\"https:\/\/schema.org\",\"@graph\":[{\"@type\":\"WebPage\",\"@id\":\"https:\/\/metal-zbiorniki.pl\/de\/oferta\/zbiorniki-dwuplaszczowe-do-olejow-i-produktow-niebezpiecznych\/\",\"url\":\"https:\/\/metal-zbiorniki.pl\/de\/oferta\/zbiorniki-dwuplaszczowe-do-olejow-i-produktow-niebezpiecznych\/\",\"name\":\"Doppelwandige Tanks (f\u00fcr Kraftstoffe, \u00d6le und Gefahrenstoffe) - Metal Zbiorniki\",\"isPartOf\":{\"@id\":\"https:\/\/metal-zbiorniki.pl\/de\/#website\"},\"primaryImageOfPage\":{\"@id\":\"https:\/\/metal-zbiorniki.pl\/de\/oferta\/zbiorniki-dwuplaszczowe-do-olejow-i-produktow-niebezpiecznych\/#primaryimage\"},\"image\":{\"@id\":\"https:\/\/metal-zbiorniki.pl\/oferta\/zbiorniki-dwuplaszczowe-do-olejow-i-produktow-niebezpiecznych\/#primaryimage\"},\"thumbnailUrl\":\"https:\/\/metal-zbiorniki.pl\/wp-content\/uploads\/2014\/06\/mini-2.jpeg\",\"datePublished\":\"2014-06-06T10:18:17+00:00\",\"dateModified\":\"2025-11-15T16:57:36+00:00\",\"description\":\"Produkujemy zbiorniki niskoci\u015bnieniowe o ci\u015bnieniu do 0,5 bar oraz bezci\u015bnieniowe do magazynowania olej\u00f3w opa\u0142owych i innych medi\u00f3w niebezpiecznych. Wykonujemy zbiorniki zar\u00f3wno podziemne jak i naziemne.We manufacture low-pressure tanks with a pressure of up to 0.5 bar and pressureless tanks for storing heating oils and other hazardous substances. We manufacture both underground and above-ground tanks.Wir fertigen Niederdrucktanks mit einem Druck von bis zu 0,5 bar und drucklose Tanks zur Speicherung von Heiz\u00f6len und anderen Gefahrenstoffen. Wir stellen sowohl Erd- als auch oberirdische Tanks her.\",\"breadcrumb\":{\"@id\":\"https:\/\/metal-zbiorniki.pl\/de\/oferta\/zbiorniki-dwuplaszczowe-do-olejow-i-produktow-niebezpiecznych\/#breadcrumb\"},\"inLanguage\":\"de\",\"potentialAction\":[{\"@type\":\"ReadAction\",\"target\":[[\"https:\/\/metal-zbiorniki.pl\/de\/oferta\/zbiorniki-dwuplaszczowe-do-olejow-i-produktow-niebezpiecznych\/\"]]}]},{\"@type\":\"ImageObject\",\"inLanguage\":\"de\",\"@id\":\"https:\/\/metal-zbiorniki.pl\/de\/oferta\/zbiorniki-dwuplaszczowe-do-olejow-i-produktow-niebezpiecznych\/#primaryimage\",\"url\":\"https:\/\/metal-zbiorniki.pl\/wp-content\/uploads\/2014\/06\/mini-2.jpeg\",\"contentUrl\":\"https:\/\/metal-zbiorniki.pl\/wp-content\/uploads\/2014\/06\/mini-2.jpeg\",\"width\":1100,\"height\":453},{\"@type\":\"BreadcrumbList\",\"@id\":\"https:\/\/metal-zbiorniki.pl\/de\/oferta\/zbiorniki-dwuplaszczowe-do-olejow-i-produktow-niebezpiecznych\/#breadcrumb\",\"itemListElement\":[{\"@type\":\"ListItem\",\"position\":1,\"name\":\"Home\",\"item\":\"https:\/\/metal-zbiorniki.pl\/de\/\"},{\"@type\":\"ListItem\",\"position\":2,\"name\":\"Oferta\",\"item\":\"https:\/\/metal-zbiorniki.pl\/de\/oferta\/\"},{\"@type\":\"ListItem\",\"position\":3,\"name\":\"Zbiorniki dwup\u0142aszczowe naziemne\"}]},{\"@type\":\"WebSite\",\"@id\":\"https:\/\/metal-zbiorniki.pl\/de\/#website\",\"url\":\"https:\/\/metal-zbiorniki.pl\/de\/\",\"name\":\"Metal Zbiorniki\",\"description\":\"Producent zbiornik\u00f3w stalowych\",\"potentialAction\":[{\"@type\":\"SearchAction\",\"target\":{\"@type\":\"EntryPoint\",\"urlTemplate\":\"https:\/\/metal-zbiorniki.pl\/de\/?s={search_term_string}\"},\"query-input\":{\"@type\":\"PropertyValueSpecification\",\"valueRequired\":true,\"valueName\":\"search_term_string\"}}],\"inLanguage\":\"de\"}]}<\/script>\n<!-- \/ Yoast SEO plugin. -->","yoast_head_json":{"title":"Doppelwandige Tanks (f\u00fcr Kraftstoffe, \u00d6le und Gefahrenstoffe) - Metal Zbiorniki","description":"Produkujemy zbiorniki niskoci\u015bnieniowe o ci\u015bnieniu do 0,5 bar oraz bezci\u015bnieniowe do magazynowania olej\u00f3w opa\u0142owych i innych medi\u00f3w niebezpiecznych. Wykonujemy zbiorniki zar\u00f3wno podziemne jak i naziemne.We manufacture low-pressure tanks with a pressure of up to 0.5 bar and pressureless tanks for storing heating oils and other hazardous substances. We manufacture both underground and above-ground tanks.Wir fertigen Niederdrucktanks mit einem Druck von bis zu 0,5 bar und drucklose Tanks zur Speicherung von Heiz\u00f6len und anderen Gefahrenstoffen. Wir stellen sowohl Erd- als auch oberirdische Tanks her.","robots":{"index":"index","follow":"follow","max-snippet":"max-snippet:-1","max-image-preview":"max-image-preview:large","max-video-preview":"max-video-preview:-1"},"canonical":"https:\/\/metal-zbiorniki.pl\/de\/oferta\/zbiorniki-dwuplaszczowe-do-olejow-i-produktow-niebezpiecznych\/","twitter_misc":{"Gesch\u00e4tzte Lesezeit":"3\u00a0Minuten"},"schema":{"@context":"https:\/\/schema.org","@graph":[{"@type":"WebPage","@id":"https:\/\/metal-zbiorniki.pl\/de\/oferta\/zbiorniki-dwuplaszczowe-do-olejow-i-produktow-niebezpiecznych\/","url":"https:\/\/metal-zbiorniki.pl\/de\/oferta\/zbiorniki-dwuplaszczowe-do-olejow-i-produktow-niebezpiecznych\/","name":"Doppelwandige Tanks (f\u00fcr Kraftstoffe, \u00d6le und Gefahrenstoffe) - Metal Zbiorniki","isPartOf":{"@id":"https:\/\/metal-zbiorniki.pl\/de\/#website"},"primaryImageOfPage":{"@id":"https:\/\/metal-zbiorniki.pl\/de\/oferta\/zbiorniki-dwuplaszczowe-do-olejow-i-produktow-niebezpiecznych\/#primaryimage"},"image":{"@id":"https:\/\/metal-zbiorniki.pl\/oferta\/zbiorniki-dwuplaszczowe-do-olejow-i-produktow-niebezpiecznych\/#primaryimage"},"thumbnailUrl":"https:\/\/metal-zbiorniki.pl\/wp-content\/uploads\/2014\/06\/mini-2.jpeg","datePublished":"2014-06-06T10:18:17+00:00","dateModified":"2025-11-15T16:57:36+00:00","description":"Produkujemy zbiorniki niskoci\u015bnieniowe o ci\u015bnieniu do 0,5 bar oraz bezci\u015bnieniowe do magazynowania olej\u00f3w opa\u0142owych i innych medi\u00f3w niebezpiecznych. Wykonujemy zbiorniki zar\u00f3wno podziemne jak i naziemne.We manufacture low-pressure tanks with a pressure of up to 0.5 bar and pressureless tanks for storing heating oils and other hazardous substances. We manufacture both underground and above-ground tanks.Wir fertigen Niederdrucktanks mit einem Druck von bis zu 0,5 bar und drucklose Tanks zur Speicherung von Heiz\u00f6len und anderen Gefahrenstoffen. Wir stellen sowohl Erd- als auch oberirdische Tanks her.","breadcrumb":{"@id":"https:\/\/metal-zbiorniki.pl\/de\/oferta\/zbiorniki-dwuplaszczowe-do-olejow-i-produktow-niebezpiecznych\/#breadcrumb"},"inLanguage":"de","potentialAction":[{"@type":"ReadAction","target":[["https:\/\/metal-zbiorniki.pl\/de\/oferta\/zbiorniki-dwuplaszczowe-do-olejow-i-produktow-niebezpiecznych\/"]]}]},{"@type":"ImageObject","inLanguage":"de","@id":"https:\/\/metal-zbiorniki.pl\/de\/oferta\/zbiorniki-dwuplaszczowe-do-olejow-i-produktow-niebezpiecznych\/#primaryimage","url":"https:\/\/metal-zbiorniki.pl\/wp-content\/uploads\/2014\/06\/mini-2.jpeg","contentUrl":"https:\/\/metal-zbiorniki.pl\/wp-content\/uploads\/2014\/06\/mini-2.jpeg","width":1100,"height":453},{"@type":"BreadcrumbList","@id":"https:\/\/metal-zbiorniki.pl\/de\/oferta\/zbiorniki-dwuplaszczowe-do-olejow-i-produktow-niebezpiecznych\/#breadcrumb","itemListElement":[{"@type":"ListItem","position":1,"name":"Home","item":"https:\/\/metal-zbiorniki.pl\/de\/"},{"@type":"ListItem","position":2,"name":"Oferta","item":"https:\/\/metal-zbiorniki.pl\/de\/oferta\/"},{"@type":"ListItem","position":3,"name":"Zbiorniki dwup\u0142aszczowe naziemne"}]},{"@type":"WebSite","@id":"https:\/\/metal-zbiorniki.pl\/de\/#website","url":"https:\/\/metal-zbiorniki.pl\/de\/","name":"Metal Zbiorniki","description":"Producent zbiornik\u00f3w stalowych","potentialAction":[{"@type":"SearchAction","target":{"@type":"EntryPoint","urlTemplate":"https:\/\/metal-zbiorniki.pl\/de\/?s={search_term_string}"},"query-input":{"@type":"PropertyValueSpecification","valueRequired":true,"valueName":"search_term_string"}}],"inLanguage":"de"}]}},"_links":{"self":[{"href":"https:\/\/metal-zbiorniki.pl\/de\/wp-json\/wp\/v2\/pages\/16","targetHints":{"allow":["GET"]}}],"collection":[{"href":"https:\/\/metal-zbiorniki.pl\/de\/wp-json\/wp\/v2\/pages"}],"about":[{"href":"https:\/\/metal-zbiorniki.pl\/de\/wp-json\/wp\/v2\/types\/page"}],"author":[{"embeddable":true,"href":"https:\/\/metal-zbiorniki.pl\/de\/wp-json\/wp\/v2\/users\/1"}],"replies":[{"embeddable":true,"href":"https:\/\/metal-zbiorniki.pl\/de\/wp-json\/wp\/v2\/comments?post=16"}],"version-history":[{"count":47,"href":"https:\/\/metal-zbiorniki.pl\/de\/wp-json\/wp\/v2\/pages\/16\/revisions"}],"predecessor-version":[{"id":754,"href":"https:\/\/metal-zbiorniki.pl\/de\/wp-json\/wp\/v2\/pages\/16\/revisions\/754"}],"up":[{"embeddable":true,"href":"https:\/\/metal-zbiorniki.pl\/de\/wp-json\/wp\/v2\/pages\/8"}],"wp:featuredmedia":[{"embeddable":true,"href":"https:\/\/metal-zbiorniki.pl\/de\/wp-json\/wp\/v2\/media\/53"}],"wp:attachment":[{"href":"https:\/\/metal-zbiorniki.pl\/de\/wp-json\/wp\/v2\/media?parent=16"}],"curies":[{"name":"wp","href":"https:\/\/api.w.org\/{rel}","templated":true}]}}