{"id":10,"date":"2014-06-06T12:11:06","date_gmt":"2014-06-06T10:11:06","guid":{"rendered":"https:\/\/metal-zbiorniki.pl\/?page_id=10"},"modified":"2026-04-13T22:02:05","modified_gmt":"2026-04-13T20:02:05","slug":"realizacje","status":"publish","type":"page","link":"https:\/\/metal-zbiorniki.pl\/de\/realizacje\/","title":{"rendered":"Portfolio"},"content":{"rendered":"<p>Im Folgenden pr\u00e4sentieren wir einige der von uns hergestellten Tanks, Ger\u00e4ten, Apparaten und Konstruktionen.<\/p>\n<p>Dank immer neuen Auftr\u00e4gen w\u00e4chst die Zahl der umgesetzten Projekte in unserem Portfolio.<\/p>\n<p>Unsere derzeitigen Produktionskapazit\u00e4ten finden Sie auf der Seite \u201e<a href=\"https:\/\/metal-zbiorniki.pl\/oferta\/\">Unser Angebot<\/a>\u201c.<\/p>","protected":false},"excerpt":{"rendered":"<p>Im Folgenden pr\u00e4sentieren wir einige der von uns hergestellten Tanks, Ger\u00e4ten, Apparaten und Konstruktionen. Dank immer neuen Auftr\u00e4gen w\u00e4chst die Zahl der umgesetzten Projekte in unserem Portfolio. Unsere derzeitigen Produktionskapazit\u00e4ten finden Sie auf der Seite \u201eUnser Angebot\u201c.<\/p>\n","protected":false},"author":1,"featured_media":0,"parent":0,"menu_order":0,"comment_status":"open","ping_status":"open","template":"","meta":{"_acf_changed":false,"inline_featured_image":false,"footnotes":""},"class_list":["post-10","page","type-page","status-publish","hentry"],"acf":[],"yoast_head":"<!-- This site is optimized with the Yoast SEO plugin v24.8.1 - https:\/\/yoast.com\/wordpress\/plugins\/seo\/ -->\n<title>Portfolio - Metal Zbiorniki<\/title>\n<meta name=\"description\" content=\"\u00a0 Poni\u017cej prezentujemy niekt\u00f3re wykonane przez nas zbiorniki, urz\u0105dzenia, aparaty i konstrukcje. Liczba naszych realizacji stale ro\u015bnie dzi\u0119ki\" \/>\n<meta name=\"robots\" content=\"index, follow, max-snippet:-1, max-image-preview:large, max-video-preview:-1\" \/>\n<link rel=\"canonical\" href=\"https:\/\/metal-zbiorniki.pl\/de\/realizacje\/\" \/>\n<meta name=\"twitter:label1\" content=\"Gesch\u00e4tzte Lesezeit\" \/>\n\t<meta name=\"twitter:data1\" content=\"2\u00a0Minuten\" \/>\n<script type=\"application\/ld+json\" class=\"yoast-schema-graph\">{\"@context\":\"https:\/\/schema.org\",\"@graph\":[{\"@type\":\"WebPage\",\"@id\":\"https:\/\/metal-zbiorniki.pl\/de\/realizacje\/\",\"url\":\"https:\/\/metal-zbiorniki.pl\/de\/realizacje\/\",\"name\":\"Portfolio - Metal Zbiorniki\",\"isPartOf\":{\"@id\":\"https:\/\/metal-zbiorniki.pl\/de\/#website\"},\"primaryImageOfPage\":{\"@id\":\"https:\/\/metal-zbiorniki.pl\/de\/realizacje\/#primaryimage\"},\"image\":{\"@id\":\"https:\/\/metal-zbiorniki.pl\/realizacje\/#primaryimage\"},\"thumbnailUrl\":\"https:\/\/metal-zbiorniki.pl\/wp-content\/uploads\/2026\/03\/20260128_093707-2-scaled-e1774779860921-300x177.jpg\",\"datePublished\":\"2014-06-06T10:11:06+00:00\",\"dateModified\":\"2026-04-13T20:02:05+00:00\",\"description\":\"\u00a0 Poni\u017cej prezentujemy niekt\u00f3re wykonane przez nas zbiorniki, urz\u0105dzenia, aparaty i konstrukcje. Liczba naszych realizacji stale ro\u015bnie dzi\u0119ki\",\"breadcrumb\":{\"@id\":\"https:\/\/metal-zbiorniki.pl\/de\/realizacje\/#breadcrumb\"},\"inLanguage\":\"de\",\"potentialAction\":[{\"@type\":\"ReadAction\",\"target\":[[\"https:\/\/metal-zbiorniki.pl\/de\/realizacje\/\"]]}]},{\"@type\":\"ImageObject\",\"inLanguage\":\"de\",\"@id\":\"https:\/\/metal-zbiorniki.pl\/de\/realizacje\/#primaryimage\",\"url\":\"https:\/\/metal-zbiorniki.pl\/wp-content\/uploads\/2026\/03\/20260128_093707-2-scaled-e1774779860921-300x177.jpg\",\"contentUrl\":\"https:\/\/metal-zbiorniki.pl\/wp-content\/uploads\/2026\/03\/20260128_093707-2-scaled-e1774779860921-300x177.jpg\"},{\"@type\":\"BreadcrumbList\",\"@id\":\"https:\/\/metal-zbiorniki.pl\/de\/realizacje\/#breadcrumb\",\"itemListElement\":[{\"@type\":\"ListItem\",\"position\":1,\"name\":\"Home\",\"item\":\"https:\/\/metal-zbiorniki.pl\/de\/\"},{\"@type\":\"ListItem\",\"position\":2,\"name\":\"Realizacje\"}]},{\"@type\":\"WebSite\",\"@id\":\"https:\/\/metal-zbiorniki.pl\/de\/#website\",\"url\":\"https:\/\/metal-zbiorniki.pl\/de\/\",\"name\":\"Metal Zbiorniki\",\"description\":\"Producent zbiornik\u00f3w stalowych\",\"potentialAction\":[{\"@type\":\"SearchAction\",\"target\":{\"@type\":\"EntryPoint\",\"urlTemplate\":\"https:\/\/metal-zbiorniki.pl\/de\/?s={search_term_string}\"},\"query-input\":{\"@type\":\"PropertyValueSpecification\",\"valueRequired\":true,\"valueName\":\"search_term_string\"}}],\"inLanguage\":\"de\"}]}<\/script>\n<!-- \/ Yoast SEO plugin. -->","yoast_head_json":{"title":"Portfolio - Metal Zbiorniki","description":"\u00a0 Poni\u017cej prezentujemy niekt\u00f3re wykonane przez nas zbiorniki, urz\u0105dzenia, aparaty i konstrukcje. Liczba naszych realizacji stale ro\u015bnie dzi\u0119ki","robots":{"index":"index","follow":"follow","max-snippet":"max-snippet:-1","max-image-preview":"max-image-preview:large","max-video-preview":"max-video-preview:-1"},"canonical":"https:\/\/metal-zbiorniki.pl\/de\/realizacje\/","twitter_misc":{"Gesch\u00e4tzte Lesezeit":"2\u00a0Minuten"},"schema":{"@context":"https:\/\/schema.org","@graph":[{"@type":"WebPage","@id":"https:\/\/metal-zbiorniki.pl\/de\/realizacje\/","url":"https:\/\/metal-zbiorniki.pl\/de\/realizacje\/","name":"Portfolio - Metal Zbiorniki","isPartOf":{"@id":"https:\/\/metal-zbiorniki.pl\/de\/#website"},"primaryImageOfPage":{"@id":"https:\/\/metal-zbiorniki.pl\/de\/realizacje\/#primaryimage"},"image":{"@id":"https:\/\/metal-zbiorniki.pl\/realizacje\/#primaryimage"},"thumbnailUrl":"https:\/\/metal-zbiorniki.pl\/wp-content\/uploads\/2026\/03\/20260128_093707-2-scaled-e1774779860921-300x177.jpg","datePublished":"2014-06-06T10:11:06+00:00","dateModified":"2026-04-13T20:02:05+00:00","description":"\u00a0 Poni\u017cej prezentujemy niekt\u00f3re wykonane przez nas zbiorniki, urz\u0105dzenia, aparaty i konstrukcje. Liczba naszych realizacji stale ro\u015bnie dzi\u0119ki","breadcrumb":{"@id":"https:\/\/metal-zbiorniki.pl\/de\/realizacje\/#breadcrumb"},"inLanguage":"de","potentialAction":[{"@type":"ReadAction","target":[["https:\/\/metal-zbiorniki.pl\/de\/realizacje\/"]]}]},{"@type":"ImageObject","inLanguage":"de","@id":"https:\/\/metal-zbiorniki.pl\/de\/realizacje\/#primaryimage","url":"https:\/\/metal-zbiorniki.pl\/wp-content\/uploads\/2026\/03\/20260128_093707-2-scaled-e1774779860921-300x177.jpg","contentUrl":"https:\/\/metal-zbiorniki.pl\/wp-content\/uploads\/2026\/03\/20260128_093707-2-scaled-e1774779860921-300x177.jpg"},{"@type":"BreadcrumbList","@id":"https:\/\/metal-zbiorniki.pl\/de\/realizacje\/#breadcrumb","itemListElement":[{"@type":"ListItem","position":1,"name":"Home","item":"https:\/\/metal-zbiorniki.pl\/de\/"},{"@type":"ListItem","position":2,"name":"Realizacje"}]},{"@type":"WebSite","@id":"https:\/\/metal-zbiorniki.pl\/de\/#website","url":"https:\/\/metal-zbiorniki.pl\/de\/","name":"Metal Zbiorniki","description":"Producent zbiornik\u00f3w stalowych","potentialAction":[{"@type":"SearchAction","target":{"@type":"EntryPoint","urlTemplate":"https:\/\/metal-zbiorniki.pl\/de\/?s={search_term_string}"},"query-input":{"@type":"PropertyValueSpecification","valueRequired":true,"valueName":"search_term_string"}}],"inLanguage":"de"}]}},"_links":{"self":[{"href":"https:\/\/metal-zbiorniki.pl\/de\/wp-json\/wp\/v2\/pages\/10","targetHints":{"allow":["GET"]}}],"collection":[{"href":"https:\/\/metal-zbiorniki.pl\/de\/wp-json\/wp\/v2\/pages"}],"about":[{"href":"https:\/\/metal-zbiorniki.pl\/de\/wp-json\/wp\/v2\/types\/page"}],"author":[{"embeddable":true,"href":"https:\/\/metal-zbiorniki.pl\/de\/wp-json\/wp\/v2\/users\/1"}],"replies":[{"embeddable":true,"href":"https:\/\/metal-zbiorniki.pl\/de\/wp-json\/wp\/v2\/comments?post=10"}],"version-history":[{"count":20,"href":"https:\/\/metal-zbiorniki.pl\/de\/wp-json\/wp\/v2\/pages\/10\/revisions"}],"predecessor-version":[{"id":940,"href":"https:\/\/metal-zbiorniki.pl\/de\/wp-json\/wp\/v2\/pages\/10\/revisions\/940"}],"wp:attachment":[{"href":"https:\/\/metal-zbiorniki.pl\/de\/wp-json\/wp\/v2\/media?parent=10"}],"curies":[{"name":"wp","href":"https:\/\/api.w.org\/{rel}","templated":true}]}}